{"id":11660,"date":"2025-12-05T12:44:22","date_gmt":"2025-12-05T11:44:22","guid":{"rendered":"https:\/\/prototal.info\/integritetspolicy\/"},"modified":"2026-04-28T01:37:36","modified_gmt":"2026-04-27T23:37:36","slug":"integritetspolicy","status":"publish","type":"page","link":"https:\/\/prototal.info\/se\/integritetspolicy\/","title":{"rendered":"Integritetspolicy"},"content":{"rendered":"\n<div class=\"wp-block-group is-content-justification-center is-layout-constrained wp-container-core-group-is-layout-da99a3d4 wp-block-group-is-layout-constrained\">\n<h2 class=\"wp-block-heading\">Integritetspolicy<\/h2>\n\n\n\n<p class=\"has-small-font-size\"><em>V\u00e5r personuppgiftspolicy uppdaterades senast den 16 mars 2025.<\/em><\/p>\n\n\n\n<p>Prototal (\u201dvi\u201d, \u201dv\u00e5r\u201d eller \u201doss\u201d) respekterar din integritet och \u00e5tar sig att skydda dina personuppgifter. Denna sekretesspolicy f\u00f6rklarar hur vi samlar in, anv\u00e4nder, lagrar och delar information n\u00e4r du anv\u00e4nder v\u00e5r webbplats prototal.info (\u201dWebbplatsen\u201d) och relaterade tj\u00e4nster (tillsammans \u201dTj\u00e4nsterna\u201d). <\/p>\n\n\n\n<p>Genom att anv\u00e4nda v\u00e5r webbplats eller v\u00e5ra tj\u00e4nster samtycker du till de metoder som beskrivs i denna integritetspolicy.<\/p>\n\n\n\n<h3 class=\"wp-block-heading\">Information som vi samlar in<\/h3>\n\n\n\n<p>Vi kan samla in f\u00f6ljande typer av information:<\/p>\n\n\n\n<p><strong>Person- och f\u00f6retagsinformation<\/strong><\/p>\n\n\n\n<ul class=\"wp-block-list\">\n<li>Namn, e-postadress, telefonnummer, f\u00f6retagsinformation<\/li>\n\n\n\n<li>Fakturerings- eller kontouppgifter n\u00e4r du registrerar dig f\u00f6r tj\u00e4nster eller g\u00f6r ink\u00f6p<\/li>\n<\/ul>\n\n\n\n<p><strong>Teknisk information<\/strong><\/p>\n\n\n\n<ul class=\"wp-block-list\">\n<li>IP-adress, webbl\u00e4sartyp, enhetsinformation och operativsystem<\/li>\n\n\n\n<li>Bes\u00f6kta sidor, tid som spenderas p\u00e5 webbplatsen och navigationsv\u00e4gar<\/li>\n<\/ul>\n\n\n\n<p><strong>Cookies och sp\u00e5rningsteknik<\/strong><\/p>\n\n\n\n<ul class=\"wp-block-list\">\n<li>Vi anv\u00e4nder cookies och liknande tekniker f\u00f6r att f\u00f6rb\u00e4ttra din anv\u00e4ndarupplevelse, analysera webbplatsanv\u00e4ndning och tillhandah\u00e5lla anpassat inneh\u00e5ll.<\/li>\n\n\n\n<li>Vi anv\u00e4nder cookies och liknande tekniker f\u00f6r att f\u00f6rb\u00e4ttra din anv\u00e4ndarupplevelse, analysera webbplatsanv\u00e4ndning och tillhandah\u00e5lla anpassat inneh\u00e5ll.<\/li>\n<\/ul>\n\n\n\n<p><strong>AI och automatiserade verktyg<\/strong><\/p>\n\n\n\n<ul class=\"wp-block-list\">\n<li>Interaktioner med AI-funktioner eller chatbottar kan samla in information f\u00f6r att f\u00f6rb\u00e4ttra funktionaliteten och tillhandah\u00e5lla relevanta svar.<\/li>\n\n\n\n<li>Dessa uppgifter lagras och behandlas i enlighet med denna integritetspolicy.<\/li>\n<\/ul>\n\n\n\n<h3 class=\"wp-block-heading\">Hur vi anv\u00e4nder din information<\/h3>\n\n\n\n<p>Vi anv\u00e4nder insamlad information f\u00f6r att:<\/p>\n\n\n\n<ul class=\"wp-block-list\">\n<li>Tillhandah\u00e5lla och f\u00f6rb\u00e4ttra v\u00e5ra tj\u00e4nster<\/li>\n\n\n\n<li>Kommunicera med dig om uppdateringar, kampanjer eller support<\/li>\n\n\n\n<li>Analysera och optimera webbplatsens prestanda<\/li>\n\n\n\n<li>S\u00e4kerst\u00e4lla s\u00e4kerhet och f\u00f6rebygga bedr\u00e4gerier<\/li>\n\n\n\n<li>Uppfylla r\u00e4ttsliga skyldigheter<\/li>\n<\/ul>\n\n\n\n<h3 class=\"wp-block-heading\">Delning av din information<\/h3>\n\n\n\n<p>Vi s\u00e4ljer inte dina personuppgifter. Vi kan komma att dela information med: <\/p>\n\n\n\n<ul class=\"wp-block-list\">\n<li>Tj\u00e4nsteleverant\u00f6rer (t.ex. hosting, analys)<\/li>\n\n\n\n<li>R\u00e4ttsliga myndigheter, om det kr\u00e4vs enligt lag eller f\u00f6r att skydda r\u00e4ttigheter<\/li>\n\n\n\n<li>Tredjepartsverktyg, exempelvis AI-plattformar eller analysverktyg, enligt strikta avtalsf\u00f6rpliktelser<\/li>\n<\/ul>\n\n\n\n<h3 class=\"wp-block-heading\">Tredjepartsleverant\u00f6rer av tj\u00e4nster<\/h3>\n\n\n\n<p>Vi anv\u00e4nder betrodda tredjepartsleverant\u00f6rer f\u00f6r hosting, CRM, e-postdistribution, analys och kundsupport. Dessa leverant\u00f6rer fungerar som personuppgiftsbitr\u00e4den och f\u00e5r endast behandla din information enligt v\u00e5ra instruktioner och i full \u00f6verensst\u00e4mmelse med GDPR. <\/p>\n\n\n\n<h3 class=\"wp-block-heading\">Intern hantering av data<\/h3>\n\n\n\n<p>Anst\u00e4llda som hanterar eller behandlar k\u00e4nsliga personuppgifter eller aff\u00e4rskritisk information (t.ex. CAD-filer) har f\u00e5tt instruktioner och utbildning i s\u00e4ker hantering och behandling av s\u00e5dan information.<\/p>\n\n\n\n<h3 class=\"wp-block-heading\">Dina r\u00e4ttigheter<\/h3>\n\n\n\n<p>Enligt GDPR och andra till\u00e4mpliga dataskyddslagar har du r\u00e4tt att:<\/p>\n\n\n\n<ul class=\"wp-block-list\">\n<li>F\u00e5 tillg\u00e5ng till och beg\u00e4ra en kopia av dina personuppgifter<\/li>\n\n\n\n<li>R\u00e4tta eller uppdatera dina uppgifter<\/li>\n\n\n\n<li>Beg\u00e4ra radering av dina uppgifter<\/li>\n\n\n\n<li>N\u00e4r som helst \u00e5terkalla ditt samtycke<\/li>\n\n\n\n<li>Inv\u00e4nda mot eller begr\u00e4nsa behandlingen av dina uppgifter<\/li>\n\n\n\n<li>Beg\u00e4r dataportabilitet<\/li>\n<\/ul>\n\n\n\n<p>F\u00f6r att ut\u00f6va n\u00e5gon av dessa r\u00e4ttigheter, kontakta din lokala Prototal-anl\u00e4ggning<\/p>\n\n\n\n<p>Danmark: <a href=\"mailto:info@prototal.dk\">info@prototal.dk<\/a><br \/>Norge: <a href=\"mailto:post@prototal.no\">post@prototal.no<\/a><br \/>Sverige: <a href=\"mailto:info@prototal.se\">info@prototal.se<\/a><br \/>UK: <a href=\"mailto:info@prototaluk.com\">info@prototaluk.com<\/a><br \/>Italien: <a href=\"mailto:info@prosilas.com\">info@prosilas.com<\/a><br \/>\u00d6sterrike, Tyskland &amp; Schweiz: <a href=\"mailto:info@prototal.at\">info@prototal.at<\/a><\/p>\n\n\n\n<h3 class=\"wp-block-heading\">Lagring av data<\/h3>\n\n\n\n<p>Vi lagrar personuppgifter endast s\u00e5 l\u00e4nge som det \u00e4r n\u00f6dv\u00e4ndigt f\u00f6r de syften som beskrivs ovan eller s\u00e5 l\u00e4nge som kr\u00e4vs enligt lag. Icke-v\u00e4sentliga uppgifter kan anonymiseras efter en viss tidsperiod. <\/p>\n\n\n\n<h3 class=\"wp-block-heading\">S\u00e4kerhet<\/h3>\n\n\n\n<p>Vi vidtar l\u00e4mpliga tekniska och organisatoriska s\u00e4kerhets\u00e5tg\u00e4rder f\u00f6r att skydda dina uppgifter mot obeh\u00f6rig \u00e5tkomst, f\u00f6rlust eller \u00e4ndring.<\/p>\n\n\n\n<h3 class=\"wp-block-heading\">L\u00e4nkar till tredje part<\/h3>\n\n\n\n<p>V\u00e5r webbplats kan inneh\u00e5lla l\u00e4nkar till tredje parts webbplatser. Vi ansvarar inte f\u00f6r integritetsskydd eller inneh\u00e5ll p\u00e5 dessa externa webbplatser. <\/p>\n\n\n\n<h3 class=\"wp-block-heading\">\u00c4ndringar av denna integritetspolicy<\/h3>\n\n\n\n<p>i kan komma att uppdatera denna integritetspolicy fr\u00e5n tid till annan. Datumet \u201dSenast uppdaterad\u201d \u00e5terspeglar den senaste versionen. Vi uppmuntrar dig att regelbundet granska denna sida f\u00f6r eventuella uppdateringar.  <\/p>\n\n\n\n<h3 class=\"wp-block-heading\">Kontaktuppgifter<\/h3>\n\n\n\n<p>F\u00f6r fr\u00e5gor eller funderingar g\u00e4llande v\u00e5r personuppgiftspolicy, v\u00e4nligen kontakta oss p\u00e5 <a href=\"mailto:marketing@prototalgroup.com\">marketing@prototalgroup.com<\/a>.<\/p>\n<\/div>\n\n<div style=\"height:200px\" aria-hidden=\"true\" class=\"wp-block-spacer\"><\/div>\n\n<p><\/p>\n","protected":false},"excerpt":{"rendered":"<p>Integritetspolicy V\u00e5r personuppgiftspolicy uppdaterades senast den 16 mars 2025. Prototal (\u201dvi\u201d, \u201dv\u00e5r\u201d eller \u201doss\u201d) respekterar din integritet och \u00e5tar sig att skydda dina personuppgifter. Denna sekretesspolicy f\u00f6rklarar hur vi samlar in, anv\u00e4nder, lagrar och delar information n\u00e4r du anv\u00e4nder v\u00e5r webbplats prototal.info (\u201dWebbplatsen\u201d) och relaterade tj\u00e4nster (tillsammans \u201dTj\u00e4nsterna\u201d). Genom att anv\u00e4nda v\u00e5r webbplats eller v\u00e5ra [&hellip;]<\/p>\n","protected":false},"author":5,"featured_media":10057,"parent":0,"menu_order":0,"comment_status":"closed","ping_status":"closed","template":"","meta":{"_acf_changed":false,"inline_featured_image":false,"footnotes":""},"class_list":["post-11660","page","type-page","status-publish","has-post-thumbnail","hentry"],"acf":[],"yoast_head":"<!-- This site is optimized with the Yoast SEO plugin v27.5 - https:\/\/yoast.com\/product\/yoast-seo-wordpress\/ -->\n<title>Integritetspolicy | Prototal<\/title>\n<meta name=\"robots\" content=\"index, follow, max-snippet:-1, max-image-preview:large, max-video-preview:-1\" \/>\n<link rel=\"canonical\" href=\"https:\/\/prototal.info\/se\/integritetspolicy\/\" \/>\n<meta property=\"og:locale\" content=\"sv_SE\" \/>\n<meta property=\"og:type\" content=\"article\" \/>\n<meta property=\"og:title\" content=\"Integritetspolicy | Prototal\" \/>\n<meta property=\"og:description\" content=\"Integritetspolicy V\u00e5r personuppgiftspolicy uppdaterades senast den 16 mars 2025. Prototal (\u201dvi\u201d, \u201dv\u00e5r\u201d eller \u201doss\u201d) respekterar din integritet och \u00e5tar sig att skydda dina personuppgifter. Denna sekretesspolicy f\u00f6rklarar hur vi samlar in, anv\u00e4nder, lagrar och delar information n\u00e4r du anv\u00e4nder v\u00e5r webbplats prototal.info (\u201dWebbplatsen\u201d) och relaterade tj\u00e4nster (tillsammans \u201dTj\u00e4nsterna\u201d). Genom att anv\u00e4nda v\u00e5r webbplats eller v\u00e5ra [&hellip;]\" \/>\n<meta property=\"og:url\" content=\"https:\/\/prototal.info\/se\/integritetspolicy\/\" \/>\n<meta property=\"og:site_name\" content=\"Prototal\" \/>\n<meta property=\"article:modified_time\" content=\"2026-04-27T23:37:36+00:00\" \/>\n<meta name=\"twitter:card\" content=\"summary_large_image\" \/>\n<meta name=\"twitter:label1\" content=\"Ber\u00e4knad l\u00e4stid\" \/>\n\t<meta name=\"twitter:data1\" content=\"3 minuter\" \/>\n<script type=\"application\/ld+json\" class=\"yoast-schema-graph\">{\n\t    \"@context\": \"https:\\\/\\\/schema.org\",\n\t    \"@graph\": [\n\t        {\n\t            \"@type\": \"WebPage\",\n\t            \"@id\": \"https:\\\/\\\/prototal.info\\\/se\\\/integritetspolicy\\\/\",\n\t            \"url\": \"https:\\\/\\\/prototal.info\\\/se\\\/integritetspolicy\\\/\",\n\t            \"name\": \"Integritetspolicy | Prototal\",\n\t            \"isPartOf\": {\n\t                \"@id\": \"https:\\\/\\\/prototal.info\\\/se\\\/#website\"\n\t            },\n\t            \"primaryImageOfPage\": {\n\t                \"@id\": \"https:\\\/\\\/prototal.info\\\/se\\\/integritetspolicy\\\/#primaryimage\"\n\t            },\n\t            \"image\": {\n\t                \"@id\": \"https:\\\/\\\/prototal.info\\\/se\\\/integritetspolicy\\\/#primaryimage\"\n\t            },\n\t            \"thumbnailUrl\": \"https:\\\/\\\/prototal.info\\\/app\\\/uploads\\\/2025\\\/12\\\/prototal-flag.avif\",\n\t            \"datePublished\": \"2025-12-05T11:44:22+00:00\",\n\t            \"dateModified\": \"2026-04-27T23:37:36+00:00\",\n\t            \"breadcrumb\": {\n\t                \"@id\": \"https:\\\/\\\/prototal.info\\\/se\\\/integritetspolicy\\\/#breadcrumb\"\n\t            },\n\t            \"inLanguage\": \"sv-SE\",\n\t            \"potentialAction\": [\n\t                {\n\t                    \"@type\": \"ReadAction\",\n\t                    \"target\": [\n\t                        \"https:\\\/\\\/prototal.info\\\/se\\\/integritetspolicy\\\/\"\n\t                    ]\n\t                }\n\t            ]\n\t        },\n\t        {\n\t            \"@type\": \"ImageObject\",\n\t            \"inLanguage\": \"sv-SE\",\n\t            \"@id\": \"https:\\\/\\\/prototal.info\\\/se\\\/integritetspolicy\\\/#primaryimage\",\n\t            \"url\": \"https:\\\/\\\/prototal.info\\\/app\\\/uploads\\\/2025\\\/12\\\/prototal-flag.avif\",\n\t            \"contentUrl\": \"https:\\\/\\\/prototal.info\\\/app\\\/uploads\\\/2025\\\/12\\\/prototal-flag.avif\",\n\t            \"width\": 1600,\n\t            \"height\": 1200\n\t        },\n\t        {\n\t            \"@type\": \"BreadcrumbList\",\n\t            \"@id\": \"https:\\\/\\\/prototal.info\\\/se\\\/integritetspolicy\\\/#breadcrumb\",\n\t            \"itemListElement\": [\n\t                {\n\t                    \"@type\": \"ListItem\",\n\t                    \"position\": 1,\n\t                    \"name\": \"Home\",\n\t                    \"item\": \"https:\\\/\\\/prototal.info\\\/se\\\/\"\n\t                },\n\t                {\n\t                    \"@type\": \"ListItem\",\n\t                    \"position\": 2,\n\t                    \"name\": \"Integritetspolicy\"\n\t                }\n\t            ]\n\t        },\n\t        {\n\t            \"@type\": \"WebSite\",\n\t            \"@id\": \"https:\\\/\\\/prototal.info\\\/se\\\/#website\",\n\t            \"url\": \"https:\\\/\\\/prototal.info\\\/se\\\/\",\n\t            \"name\": \"Prototal\",\n\t            \"description\": \"From one to one million\",\n\t            \"publisher\": {\n\t                \"@id\": \"https:\\\/\\\/prototal.info\\\/se\\\/#organization\"\n\t            },\n\t            \"potentialAction\": [\n\t                {\n\t                    \"@type\": \"SearchAction\",\n\t                    \"target\": {\n\t                        \"@type\": \"EntryPoint\",\n\t                        \"urlTemplate\": \"https:\\\/\\\/prototal.info\\\/se\\\/?s={search_term_string}\"\n\t                    },\n\t                    \"query-input\": {\n\t                        \"@type\": \"PropertyValueSpecification\",\n\t                        \"valueRequired\": true,\n\t                        \"valueName\": \"search_term_string\"\n\t                    }\n\t                }\n\t            ],\n\t            \"inLanguage\": \"sv-SE\"\n\t        },\n\t        {\n\t            \"@type\": \"Organization\",\n\t            \"@id\": \"https:\\\/\\\/prototal.info\\\/se\\\/#organization\",\n\t            \"name\": \"Prototal\",\n\t            \"url\": \"https:\\\/\\\/prototal.info\\\/se\\\/\",\n\t            \"logo\": {\n\t                \"@type\": \"ImageObject\",\n\t                \"inLanguage\": \"sv-SE\",\n\t                \"@id\": \"https:\\\/\\\/prototal.info\\\/se\\\/#\\\/schema\\\/logo\\\/image\\\/\",\n\t                \"url\": \"https:\\\/\\\/prototal.info\\\/app\\\/uploads\\\/2026\\\/03\\\/yoast-seo-default-logo.avif\",\n\t                \"contentUrl\": \"https:\\\/\\\/prototal.info\\\/app\\\/uploads\\\/2026\\\/03\\\/yoast-seo-default-logo.avif\",\n\t                \"width\": 696,\n\t                \"height\": 696,\n\t                \"caption\": \"Prototal\"\n\t            },\n\t            \"image\": {\n\t                \"@id\": \"https:\\\/\\\/prototal.info\\\/se\\\/#\\\/schema\\\/logo\\\/image\\\/\"\n\t            }\n\t        }\n\t    ]\n\t}<\/script>\n<!-- \/ Yoast SEO plugin. -->","yoast_head_json":{"title":"Integritetspolicy | Prototal","robots":{"index":"index","follow":"follow","max-snippet":"max-snippet:-1","max-image-preview":"max-image-preview:large","max-video-preview":"max-video-preview:-1"},"canonical":"https:\/\/prototal.info\/se\/integritetspolicy\/","og_locale":"sv_SE","og_type":"article","og_title":"Integritetspolicy | Prototal","og_description":"Integritetspolicy V\u00e5r personuppgiftspolicy uppdaterades senast den 16 mars 2025. Prototal (\u201dvi\u201d, \u201dv\u00e5r\u201d eller \u201doss\u201d) respekterar din integritet och \u00e5tar sig att skydda dina personuppgifter. Denna sekretesspolicy f\u00f6rklarar hur vi samlar in, anv\u00e4nder, lagrar och delar information n\u00e4r du anv\u00e4nder v\u00e5r webbplats prototal.info (\u201dWebbplatsen\u201d) och relaterade tj\u00e4nster (tillsammans \u201dTj\u00e4nsterna\u201d). Genom att anv\u00e4nda v\u00e5r webbplats eller v\u00e5ra [&hellip;]","og_url":"https:\/\/prototal.info\/se\/integritetspolicy\/","og_site_name":"Prototal","article_modified_time":"2026-04-27T23:37:36+00:00","twitter_card":"summary_large_image","twitter_misc":{"Ber\u00e4knad l\u00e4stid":"3 minuter"},"schema":{"@context":"https:\/\/schema.org","@graph":[{"@type":"WebPage","@id":"https:\/\/prototal.info\/se\/integritetspolicy\/","url":"https:\/\/prototal.info\/se\/integritetspolicy\/","name":"Integritetspolicy | Prototal","isPartOf":{"@id":"https:\/\/prototal.info\/se\/#website"},"primaryImageOfPage":{"@id":"https:\/\/prototal.info\/se\/integritetspolicy\/#primaryimage"},"image":{"@id":"https:\/\/prototal.info\/se\/integritetspolicy\/#primaryimage"},"thumbnailUrl":"https:\/\/prototal.info\/app\/uploads\/2025\/12\/prototal-flag.avif","datePublished":"2025-12-05T11:44:22+00:00","dateModified":"2026-04-27T23:37:36+00:00","breadcrumb":{"@id":"https:\/\/prototal.info\/se\/integritetspolicy\/#breadcrumb"},"inLanguage":"sv-SE","potentialAction":[{"@type":"ReadAction","target":["https:\/\/prototal.info\/se\/integritetspolicy\/"]}]},{"@type":"ImageObject","inLanguage":"sv-SE","@id":"https:\/\/prototal.info\/se\/integritetspolicy\/#primaryimage","url":"https:\/\/prototal.info\/app\/uploads\/2025\/12\/prototal-flag.avif","contentUrl":"https:\/\/prototal.info\/app\/uploads\/2025\/12\/prototal-flag.avif","width":1600,"height":1200},{"@type":"BreadcrumbList","@id":"https:\/\/prototal.info\/se\/integritetspolicy\/#breadcrumb","itemListElement":[{"@type":"ListItem","position":1,"name":"Home","item":"https:\/\/prototal.info\/se\/"},{"@type":"ListItem","position":2,"name":"Integritetspolicy"}]},{"@type":"WebSite","@id":"https:\/\/prototal.info\/se\/#website","url":"https:\/\/prototal.info\/se\/","name":"Prototal","description":"From one to one million","publisher":{"@id":"https:\/\/prototal.info\/se\/#organization"},"potentialAction":[{"@type":"SearchAction","target":{"@type":"EntryPoint","urlTemplate":"https:\/\/prototal.info\/se\/?s={search_term_string}"},"query-input":{"@type":"PropertyValueSpecification","valueRequired":true,"valueName":"search_term_string"}}],"inLanguage":"sv-SE"},{"@type":"Organization","@id":"https:\/\/prototal.info\/se\/#organization","name":"Prototal","url":"https:\/\/prototal.info\/se\/","logo":{"@type":"ImageObject","inLanguage":"sv-SE","@id":"https:\/\/prototal.info\/se\/#\/schema\/logo\/image\/","url":"https:\/\/prototal.info\/app\/uploads\/2026\/03\/yoast-seo-default-logo.avif","contentUrl":"https:\/\/prototal.info\/app\/uploads\/2026\/03\/yoast-seo-default-logo.avif","width":696,"height":696,"caption":"Prototal"},"image":{"@id":"https:\/\/prototal.info\/se\/#\/schema\/logo\/image\/"}}]}},"_links":{"self":[{"href":"https:\/\/prototal.info\/se\/wp-json\/wp\/v2\/pages\/11660","targetHints":{"allow":["GET"]}}],"collection":[{"href":"https:\/\/prototal.info\/se\/wp-json\/wp\/v2\/pages"}],"about":[{"href":"https:\/\/prototal.info\/se\/wp-json\/wp\/v2\/types\/page"}],"author":[{"embeddable":true,"href":"https:\/\/prototal.info\/se\/wp-json\/wp\/v2\/users\/5"}],"replies":[{"embeddable":true,"href":"https:\/\/prototal.info\/se\/wp-json\/wp\/v2\/comments?post=11660"}],"version-history":[{"count":8,"href":"https:\/\/prototal.info\/se\/wp-json\/wp\/v2\/pages\/11660\/revisions"}],"predecessor-version":[{"id":18819,"href":"https:\/\/prototal.info\/se\/wp-json\/wp\/v2\/pages\/11660\/revisions\/18819"}],"wp:featuredmedia":[{"embeddable":true,"href":"https:\/\/prototal.info\/se\/wp-json\/wp\/v2\/media\/10057"}],"wp:attachment":[{"href":"https:\/\/prototal.info\/se\/wp-json\/wp\/v2\/media?parent=11660"}],"curies":[{"name":"wp","href":"https:\/\/api.w.org\/{rel}","templated":true}]}}