{"id":11653,"date":"2025-12-05T12:51:49","date_gmt":"2025-12-05T11:51:49","guid":{"rendered":"https:\/\/prototal.info\/villkor-for-tjansten\/"},"modified":"2026-03-18T20:58:25","modified_gmt":"2026-03-18T19:58:25","slug":"anvandarvillkor","status":"publish","type":"page","link":"https:\/\/prototal.info\/se\/anvandarvillkor\/","title":{"rendered":"Villkor f\u00f6r tj\u00e4nsten"},"content":{"rendered":"\n<div class=\"wp-block-group is-content-justification-center is-layout-constrained wp-container-core-group-is-layout-da99a3d4 wp-block-group-is-layout-constrained\">\n<h2 class=\"wp-block-heading\">Villkor f\u00f6r tj\u00e4nsten<\/h2>\n\n\n\n<p class=\"has-small-font-size\"><em>V\u00e5ra anv\u00e4ndarvillkor uppdaterades senast den 1 december 2025.<\/em><\/p>\n\n\n\n<p>Genom att bes\u00f6ka eller anv\u00e4nda Prototals (&#8221;vi&#8221;, &#8221;v\u00e5r&#8221; eller &#8221;oss&#8221;) webbplats prototal.info (&#8221;Webbplatsen&#8221;) eller n\u00e5gra tj\u00e4nster som tillhandah\u00e5lls genom den (tillsammans &#8221;Tj\u00e4nsterna&#8221;) samtycker du till att f\u00f6lja och vara bunden av dessa Anv\u00e4ndarvillkor (&#8221;Villkoren&#8221;). Om du inte samtycker till dessa villkor ska du inte anv\u00e4nda webbplatsen eller tj\u00e4nsterna. <\/p>\n\n\n\n<h3 class=\"wp-block-heading\">Godk\u00e4nnande och \u00e4ndringar av villkor<\/h3>\n\n\n\n<p>Genom att anv\u00e4nda v\u00e5r webbplats eller v\u00e5ra tj\u00e4nster bekr\u00e4ftar du att du \u00e4r minst 18 \u00e5r gammal (eller har uppn\u00e5tt myndighets\u00e5lder i din jurisdiktion) och \u00e4r juridiskt kapabel att ing\u00e5 dessa villkor.<br\/>Vi kan komma att uppdatera dessa villkor fr\u00e5n tid till annan. Den senaste versionen kommer alltid att publiceras p\u00e5 denna sida tillsammans med datumet &#8221;Senast uppdaterad&#8221; l\u00e4ngst ner p\u00e5 sidan.<br\/>Fortsatt anv\u00e4ndning av webbplatsen eller tj\u00e4nsterna efter att \u00e4ndringar har publicerats utg\u00f6r ett godk\u00e4nnande av dessa \u00e4ndringar.   <\/p>\n\n\n\n<h3 class=\"wp-block-heading\">Anv\u00e4ndning av tj\u00e4nster<\/h3>\n\n\n\n<p>Du samtycker till att:<\/p>\n\n\n\n<ul class=\"wp-block-list\">\n<li>Anv\u00e4nda webbplatsen och tj\u00e4nsterna i enlighet med g\u00e4llande lagar och f\u00f6rordningar.<\/li>\n\n\n\n<li>L\u00e4mna korrekt och aktuell information n\u00e4r s\u00e5 kr\u00e4vs.<\/li>\n\n\n\n<li>Inte missbruka webbplatsen eller f\u00f6rs\u00f6ka f\u00e5 tillg\u00e5ng till den p\u00e5 obeh\u00f6riga s\u00e4tt.<\/li>\n<\/ul>\n\n\n\n<p>Du samtycker ocks\u00e5 till att inte:<\/p>\n\n\n\n<ul class=\"wp-block-list\">\n<li>F\u00f6rs\u00f6ka st\u00f6ra driften av webbplatsen, dess servrar eller tillh\u00f6rande n\u00e4tverk<\/li>\n<\/ul>\n\n\n\n<h3 class=\"wp-block-heading\">Immateriella r\u00e4ttigheter<\/h3>\n\n\n\n<p>Allt inneh\u00e5ll, inklusive varum\u00e4rken, logotyper, design, text, bilder och programvara p\u00e5 webbplatsen tillh\u00f6r Prototal och skyddas av upphovsr\u00e4tt, varum\u00e4rkesr\u00e4tt och andra immaterialr\u00e4ttsliga lagar.<br\/>Du f\u00e5r inte reproducera, distribuera eller anv\u00e4nda n\u00e5got inneh\u00e5ll utan uttryckligt skriftligt tillst\u00e5nd fr\u00e5n Prototal. <\/p>\n\n\n\n<h3 class=\"wp-block-heading\">Integritet<\/h3>\n\n\n\n<p>Din anv\u00e4ndning av webbplatsen styrs \u00e4ven av v\u00e5r integritetspolicy, som f\u00f6rklarar hur vi samlar in, anv\u00e4nder och skyddar dina personuppgifter.<\/p>\n\n\n\n<h3 class=\"wp-block-heading\">L\u00e4nkar till tredje part<\/h3>\n\n\n\n<p>V\u00e5r webbplats kan inneh\u00e5lla l\u00e4nkar till webbplatser som tillh\u00f6r tredje part. Vi ansvarar inte f\u00f6r inneh\u00e5ll, policyer eller praxis hos dessa externa webbplatser. Bes\u00f6k p\u00e5 tredje parts webbplatser sker p\u00e5 egen risk.  <\/p>\n\n\n\n<h3 class=\"wp-block-heading\">Automatiserade system, AI &amp; robotar<\/h3>\n\n\n\n<ul class=\"wp-block-list\">\n<li>Vissa funktioner p\u00e5 v\u00e5r webbplats eller i v\u00e5ra tj\u00e4nster kan anv\u00e4nda automatiserade verktyg, AI eller chatbots f\u00f6r att hj\u00e4lpa anv\u00e4ndare.<\/li>\n\n\n\n<li>\u00c4ven om vi str\u00e4var efter att s\u00e4kerst\u00e4lla korrekt information kan automatiserade system ibland tillhandah\u00e5lla ofullst\u00e4ndig eller felaktig information.<\/li>\n\n\n\n<li>Anv\u00e4ndare \u00e4r ansvariga f\u00f6r att verifiera all kritisk information som erh\u00e5lls via automatiserade system.<\/li>\n\n\n\n<li>Vid anv\u00e4ndning av AI-funktioner g\u00e4ller samma anv\u00e4ndarvillkor och integritetspolicy som f\u00f6r resten av webbplatsen.<\/li>\n\n\n\n<li>Automatiserade verktyg, robotar eller skript f\u00e5r endast komma \u00e5t v\u00e5r webbplats p\u00e5 s\u00e4tt som \u00f6verensst\u00e4mmer med till\u00e4mpliga lagar och dessa villkor.<\/li>\n\n\n\n<li>Otill\u00e5ten genoms\u00f6kning, skrapning eller datautvinning fr\u00e5n webbplatsen \u00e4r str\u00e4ngt f\u00f6rbjuden.<\/li>\n\n\n\n<li>Vi kan \u00e4ven anv\u00e4nda automatiserade verktyg, AI eller robotar f\u00f6r att hantera, \u00f6vervaka och f\u00f6rb\u00e4ttra webbplatsen och dess tj\u00e4nster.<\/li>\n\n\n\n<li>Anv\u00e4ndning av AI-funktioner p\u00e5 denna webbplats \u00e4r avsedd att hj\u00e4lpa anv\u00e4ndare. Vi ansvarar inte f\u00f6r eventuella felaktigheter eller begr\u00e4nsningar i AI-genererat inneh\u00e5ll. <\/li>\n<\/ul>\n\n\n\n<h3 class=\"wp-block-heading\">Ansvarsfriskrivning<\/h3>\n\n\n\n<p>Webbplatsen och tj\u00e4nsterna tillhandah\u00e5lls &#8221;i befintligt skick&#8221; och &#8221;i m\u00e5n av tillg\u00e5ng&#8221;. Vi garanterar inte att webbplatsen alltid kommer att vara tillg\u00e4nglig utan avbrott eller att den \u00e4r helt fri fr\u00e5n fel. <\/p>\n\n\n\n<h3 class=\"wp-block-heading\">Ansvarsfriskrivning f\u00f6r materialspecifikationer<\/h3>\n\n\n\n<p>De materialspecifikationer som tillhandah\u00e5lls p\u00e5 denna webbplats kommer fr\u00e5n respektive tillverkare av originalutrustning (OEM). \u00c4ven om vi str\u00e4var efter att s\u00e4kerst\u00e4lla att informationen \u00e4r korrekt och uppdaterad garanterar Prototal inte att dessa specifikationer \u00e4r fullst\u00e4ndiga, korrekta eller l\u00e4mpliga f\u00f6r n\u00e5got s\u00e4rskilt \u00e4ndam\u00e5l. <\/p>\n\n\n\n<p>Anv\u00e4ndare \u00e4r ansvariga f\u00f6r att verifiera all kritisk information direkt med OEM-tillverkaren innan informationen anv\u00e4nds i produktion eller som grund f\u00f6r designbeslut. Genom att f\u00e5 tillg\u00e5ng till eller anv\u00e4nda dessa specifikationsblad bekr\u00e4ftar du att Prototal inte \u00e4r ansvarigt f\u00f6r eventuella fel, utel\u00e4mnanden eller \u00e4ndringar i de uppgifter som tillhandah\u00e5lls av tillverkaren. <\/p>\n\n\n\n<p>D\u00e4r det \u00e4r m\u00f6jligt tillhandah\u00e5ller vi l\u00e4nkar till OEM-tillverkarens officiella dokumentation som referens.<\/p>\n\n\n\n<h3 class=\"wp-block-heading\">Kontaktuppgifter<\/h3>\n\n\n\n<p>F\u00f6r fr\u00e5gor eller funderingar om dessa villkor, v\u00e4nligen kontakta oss p\u00e5: marketing@prototalgroup.com<\/p>\n<\/div>\n\n<div style=\"height:200px\" aria-hidden=\"true\" class=\"wp-block-spacer\"><\/div>\n","protected":false},"excerpt":{"rendered":"<p>Villkor f\u00f6r tj\u00e4nsten V\u00e5ra anv\u00e4ndarvillkor uppdaterades senast den 1 december 2025. Genom att bes\u00f6ka eller anv\u00e4nda Prototals (&#8221;vi&#8221;, &#8221;v\u00e5r&#8221; eller &#8221;oss&#8221;) webbplats prototal.info (&#8221;Webbplatsen&#8221;) eller n\u00e5gra tj\u00e4nster som tillhandah\u00e5lls genom den (tillsammans &#8221;Tj\u00e4nsterna&#8221;) samtycker du till att f\u00f6lja och vara bunden av dessa Anv\u00e4ndarvillkor (&#8221;Villkoren&#8221;). Om du inte samtycker till dessa villkor ska du inte [&hellip;]<\/p>\n","protected":false},"author":5,"featured_media":0,"parent":0,"menu_order":0,"comment_status":"closed","ping_status":"closed","template":"","meta":{"_acf_changed":false,"inline_featured_image":false,"footnotes":""},"class_list":["post-11653","page","type-page","status-publish","hentry"],"acf":[],"yoast_head":"<!-- This site is optimized with the Yoast SEO plugin v27.5 - https:\/\/yoast.com\/product\/yoast-seo-wordpress\/ -->\n<title>Villkor f\u00f6r tj\u00e4nsten | Prototal<\/title>\n<meta name=\"robots\" content=\"index, follow, max-snippet:-1, max-image-preview:large, max-video-preview:-1\" \/>\n<link rel=\"canonical\" href=\"https:\/\/prototal.info\/se\/anvandarvillkor\/\" \/>\n<meta property=\"og:locale\" content=\"sv_SE\" \/>\n<meta property=\"og:type\" content=\"article\" \/>\n<meta property=\"og:title\" content=\"Villkor f\u00f6r tj\u00e4nsten | Prototal\" \/>\n<meta property=\"og:description\" content=\"Villkor f\u00f6r tj\u00e4nsten V\u00e5ra anv\u00e4ndarvillkor uppdaterades senast den 1 december 2025. Genom att bes\u00f6ka eller anv\u00e4nda Prototals (&#8221;vi&#8221;, &#8221;v\u00e5r&#8221; eller &#8221;oss&#8221;) webbplats prototal.info (&#8221;Webbplatsen&#8221;) eller n\u00e5gra tj\u00e4nster som tillhandah\u00e5lls genom den (tillsammans &#8221;Tj\u00e4nsterna&#8221;) samtycker du till att f\u00f6lja och vara bunden av dessa Anv\u00e4ndarvillkor (&#8221;Villkoren&#8221;). Om du inte samtycker till dessa villkor ska du inte [&hellip;]\" \/>\n<meta property=\"og:url\" content=\"https:\/\/prototal.info\/se\/anvandarvillkor\/\" \/>\n<meta property=\"og:site_name\" content=\"Prototal\" \/>\n<meta property=\"article:modified_time\" content=\"2026-03-18T19:58:25+00:00\" \/>\n<meta name=\"twitter:card\" content=\"summary_large_image\" \/>\n<meta name=\"twitter:label1\" content=\"Ber\u00e4knad l\u00e4stid\" \/>\n\t<meta name=\"twitter:data1\" content=\"3 minuter\" \/>\n<script type=\"application\/ld+json\" class=\"yoast-schema-graph\">{\n\t    \"@context\": \"https:\\\/\\\/schema.org\",\n\t    \"@graph\": [\n\t        {\n\t            \"@type\": \"WebPage\",\n\t            \"@id\": \"https:\\\/\\\/prototal.info\\\/se\\\/anvandarvillkor\\\/\",\n\t            \"url\": \"https:\\\/\\\/prototal.info\\\/se\\\/anvandarvillkor\\\/\",\n\t            \"name\": \"Villkor f\u00f6r tj\u00e4nsten | Prototal\",\n\t            \"isPartOf\": {\n\t                \"@id\": \"https:\\\/\\\/prototal.info\\\/se\\\/#website\"\n\t            },\n\t            \"datePublished\": \"2025-12-05T11:51:49+00:00\",\n\t            \"dateModified\": \"2026-03-18T19:58:25+00:00\",\n\t            \"breadcrumb\": {\n\t                \"@id\": \"https:\\\/\\\/prototal.info\\\/se\\\/anvandarvillkor\\\/#breadcrumb\"\n\t            },\n\t            \"inLanguage\": \"sv-SE\",\n\t            \"potentialAction\": [\n\t                {\n\t                    \"@type\": \"ReadAction\",\n\t                    \"target\": [\n\t                        \"https:\\\/\\\/prototal.info\\\/se\\\/anvandarvillkor\\\/\"\n\t                    ]\n\t                }\n\t            ]\n\t        },\n\t        {\n\t            \"@type\": \"BreadcrumbList\",\n\t            \"@id\": \"https:\\\/\\\/prototal.info\\\/se\\\/anvandarvillkor\\\/#breadcrumb\",\n\t            \"itemListElement\": [\n\t                {\n\t                    \"@type\": \"ListItem\",\n\t                    \"position\": 1,\n\t                    \"name\": \"Home\",\n\t                    \"item\": \"https:\\\/\\\/prototal.info\\\/se\\\/\"\n\t                },\n\t                {\n\t                    \"@type\": \"ListItem\",\n\t                    \"position\": 2,\n\t                    \"name\": \"Villkor f\u00f6r tj\u00e4nsten\"\n\t                }\n\t            ]\n\t        },\n\t        {\n\t            \"@type\": \"WebSite\",\n\t            \"@id\": \"https:\\\/\\\/prototal.info\\\/se\\\/#website\",\n\t            \"url\": \"https:\\\/\\\/prototal.info\\\/se\\\/\",\n\t            \"name\": \"Prototal\",\n\t            \"description\": \"From one to one million\",\n\t            \"publisher\": {\n\t                \"@id\": \"https:\\\/\\\/prototal.info\\\/se\\\/#organization\"\n\t            },\n\t            \"potentialAction\": [\n\t                {\n\t                    \"@type\": \"SearchAction\",\n\t                    \"target\": {\n\t                        \"@type\": \"EntryPoint\",\n\t                        \"urlTemplate\": \"https:\\\/\\\/prototal.info\\\/se\\\/?s={search_term_string}\"\n\t                    },\n\t                    \"query-input\": {\n\t                        \"@type\": \"PropertyValueSpecification\",\n\t                        \"valueRequired\": true,\n\t                        \"valueName\": \"search_term_string\"\n\t                    }\n\t                }\n\t            ],\n\t            \"inLanguage\": \"sv-SE\"\n\t        },\n\t        {\n\t            \"@type\": \"Organization\",\n\t            \"@id\": \"https:\\\/\\\/prototal.info\\\/se\\\/#organization\",\n\t            \"name\": \"Prototal\",\n\t            \"url\": \"https:\\\/\\\/prototal.info\\\/se\\\/\",\n\t            \"logo\": {\n\t                \"@type\": \"ImageObject\",\n\t                \"inLanguage\": \"sv-SE\",\n\t                \"@id\": \"https:\\\/\\\/prototal.info\\\/se\\\/#\\\/schema\\\/logo\\\/image\\\/\",\n\t                \"url\": \"https:\\\/\\\/prototal.info\\\/app\\\/uploads\\\/2026\\\/03\\\/yoast-seo-default-logo.avif\",\n\t                \"contentUrl\": \"https:\\\/\\\/prototal.info\\\/app\\\/uploads\\\/2026\\\/03\\\/yoast-seo-default-logo.avif\",\n\t                \"width\": 696,\n\t                \"height\": 696,\n\t                \"caption\": \"Prototal\"\n\t            },\n\t            \"image\": {\n\t                \"@id\": \"https:\\\/\\\/prototal.info\\\/se\\\/#\\\/schema\\\/logo\\\/image\\\/\"\n\t            }\n\t        }\n\t    ]\n\t}<\/script>\n<!-- \/ Yoast SEO plugin. -->","yoast_head_json":{"title":"Villkor f\u00f6r tj\u00e4nsten | Prototal","robots":{"index":"index","follow":"follow","max-snippet":"max-snippet:-1","max-image-preview":"max-image-preview:large","max-video-preview":"max-video-preview:-1"},"canonical":"https:\/\/prototal.info\/se\/anvandarvillkor\/","og_locale":"sv_SE","og_type":"article","og_title":"Villkor f\u00f6r tj\u00e4nsten | Prototal","og_description":"Villkor f\u00f6r tj\u00e4nsten V\u00e5ra anv\u00e4ndarvillkor uppdaterades senast den 1 december 2025. Genom att bes\u00f6ka eller anv\u00e4nda Prototals (&#8221;vi&#8221;, &#8221;v\u00e5r&#8221; eller &#8221;oss&#8221;) webbplats prototal.info (&#8221;Webbplatsen&#8221;) eller n\u00e5gra tj\u00e4nster som tillhandah\u00e5lls genom den (tillsammans &#8221;Tj\u00e4nsterna&#8221;) samtycker du till att f\u00f6lja och vara bunden av dessa Anv\u00e4ndarvillkor (&#8221;Villkoren&#8221;). Om du inte samtycker till dessa villkor ska du inte [&hellip;]","og_url":"https:\/\/prototal.info\/se\/anvandarvillkor\/","og_site_name":"Prototal","article_modified_time":"2026-03-18T19:58:25+00:00","twitter_card":"summary_large_image","twitter_misc":{"Ber\u00e4knad l\u00e4stid":"3 minuter"},"schema":{"@context":"https:\/\/schema.org","@graph":[{"@type":"WebPage","@id":"https:\/\/prototal.info\/se\/anvandarvillkor\/","url":"https:\/\/prototal.info\/se\/anvandarvillkor\/","name":"Villkor f\u00f6r tj\u00e4nsten | Prototal","isPartOf":{"@id":"https:\/\/prototal.info\/se\/#website"},"datePublished":"2025-12-05T11:51:49+00:00","dateModified":"2026-03-18T19:58:25+00:00","breadcrumb":{"@id":"https:\/\/prototal.info\/se\/anvandarvillkor\/#breadcrumb"},"inLanguage":"sv-SE","potentialAction":[{"@type":"ReadAction","target":["https:\/\/prototal.info\/se\/anvandarvillkor\/"]}]},{"@type":"BreadcrumbList","@id":"https:\/\/prototal.info\/se\/anvandarvillkor\/#breadcrumb","itemListElement":[{"@type":"ListItem","position":1,"name":"Home","item":"https:\/\/prototal.info\/se\/"},{"@type":"ListItem","position":2,"name":"Villkor f\u00f6r tj\u00e4nsten"}]},{"@type":"WebSite","@id":"https:\/\/prototal.info\/se\/#website","url":"https:\/\/prototal.info\/se\/","name":"Prototal","description":"From one to one million","publisher":{"@id":"https:\/\/prototal.info\/se\/#organization"},"potentialAction":[{"@type":"SearchAction","target":{"@type":"EntryPoint","urlTemplate":"https:\/\/prototal.info\/se\/?s={search_term_string}"},"query-input":{"@type":"PropertyValueSpecification","valueRequired":true,"valueName":"search_term_string"}}],"inLanguage":"sv-SE"},{"@type":"Organization","@id":"https:\/\/prototal.info\/se\/#organization","name":"Prototal","url":"https:\/\/prototal.info\/se\/","logo":{"@type":"ImageObject","inLanguage":"sv-SE","@id":"https:\/\/prototal.info\/se\/#\/schema\/logo\/image\/","url":"https:\/\/prototal.info\/app\/uploads\/2026\/03\/yoast-seo-default-logo.avif","contentUrl":"https:\/\/prototal.info\/app\/uploads\/2026\/03\/yoast-seo-default-logo.avif","width":696,"height":696,"caption":"Prototal"},"image":{"@id":"https:\/\/prototal.info\/se\/#\/schema\/logo\/image\/"}}]}},"_links":{"self":[{"href":"https:\/\/prototal.info\/se\/wp-json\/wp\/v2\/pages\/11653","targetHints":{"allow":["GET"]}}],"collection":[{"href":"https:\/\/prototal.info\/se\/wp-json\/wp\/v2\/pages"}],"about":[{"href":"https:\/\/prototal.info\/se\/wp-json\/wp\/v2\/types\/page"}],"author":[{"embeddable":true,"href":"https:\/\/prototal.info\/se\/wp-json\/wp\/v2\/users\/5"}],"replies":[{"embeddable":true,"href":"https:\/\/prototal.info\/se\/wp-json\/wp\/v2\/comments?post=11653"}],"version-history":[{"count":3,"href":"https:\/\/prototal.info\/se\/wp-json\/wp\/v2\/pages\/11653\/revisions"}],"predecessor-version":[{"id":15490,"href":"https:\/\/prototal.info\/se\/wp-json\/wp\/v2\/pages\/11653\/revisions\/15490"}],"wp:attachment":[{"href":"https:\/\/prototal.info\/se\/wp-json\/wp\/v2\/media?parent=11653"}],"curies":[{"name":"wp","href":"https:\/\/api.w.org\/{rel}","templated":true}]}}