{"id":10870,"date":"2026-01-20T15:02:40","date_gmt":"2026-01-20T14:02:40","guid":{"rendered":"https:\/\/prototal.info\/forsaljningsvillkor\/"},"modified":"2026-03-16T10:36:29","modified_gmt":"2026-03-16T09:36:29","slug":"kopvillkor","status":"publish","type":"page","link":"https:\/\/prototal.info\/se\/kopvillkor\/","title":{"rendered":"F\u00f6rs\u00e4ljningsvillkor"},"content":{"rendered":"\n<div class=\"wp-block-group alignfull has-dark-blue-background-color has-background is-layout-constrained wp-container-core-group-is-layout-a47e864c wp-block-group-is-layout-constrained\" style=\"padding-top:var(--wp--preset--spacing--80);padding-right:var(--wp--preset--spacing--50);padding-bottom:var(--wp--preset--spacing--80);padding-left:var(--wp--preset--spacing--50)\"><div id=\"block_612262bab752773d667ec533c763c82c\" class=\"prototal-subsite-hero align\">\n    <div class=\"prototal-subsite-hero-inner\">\n        <div class=\"prototal-subsite-hero-left\">\n            <div class=\"acf-innerblocks-container\">\n\n<h1 class=\"wp-block-heading has-white-color has-text-color has-link-color wp-elements-42246cab066db179b3a23bf8fcb41dc8\" style=\"margin-top:0\">K\u00f6pvillkor<\/h1>\n\n\n\n<p class=\"has-white-color has-text-color has-link-color wp-elements-515d7678dfe65bf6662c9281d7293e17\">F\u00f6r att s\u00e4kerst\u00e4lla transparens och efterlevnad i hela v\u00e5r europeiska n\u00e4rvaro verkar Prototal genom specialiserade regionala hubbar. Varje anl\u00e4ggning f\u00f6ljer de r\u00e4ttsliga ramverken och industristandarderna i sin respektive jurisdiktion. <\/p>\n\n\n\n<p class=\"has-white-color has-text-color has-link-color wp-elements-fba2ad09719d863bfa4cdb9ed9b679a7\">V\u00e4lj relevant Prototal-enhet nedan f\u00f6r att visa eller ladda ner de specifika k\u00f6pvillkor som g\u00e4ller f\u00f6r ditt projekt.<\/p>\n\n<\/div>\n        <\/div>\n        <div class=\"prototal-subsite-hero-right\">\n                            <figure class=\"large-image\">\n                    <img loading=\"lazy\" decoding=\"async\" width=\"1600\" height=\"1200\" src=\"https:\/\/prototal.info\/app\/uploads\/2025\/12\/transparent-plastic.avif\" class=\"attachment-full size-full not-transparent\" alt=\"\" srcset=\"https:\/\/prototal.info\/app\/uploads\/2025\/12\/transparent-plastic.avif 1600w, https:\/\/prototal.info\/app\/uploads\/2025\/12\/transparent-plastic-300x225.avif 300w, https:\/\/prototal.info\/app\/uploads\/2025\/12\/transparent-plastic-1024x768.avif 1024w, https:\/\/prototal.info\/app\/uploads\/2025\/12\/transparent-plastic-768x576.avif 768w, https:\/\/prototal.info\/app\/uploads\/2025\/12\/transparent-plastic-1536x1152.avif 1536w\" sizes=\"auto, (max-width: 1600px) 100vw, 1600px\" data-has-transparency=\"false\" data-dominant-color=\"726057\" style=\"--dominant-color: #726057;\" \/>                <\/figure>\n                                        <figure class=\"small-image\">\n                    <img loading=\"lazy\" decoding=\"async\" width=\"1600\" height=\"1200\" src=\"https:\/\/prototal.info\/app\/uploads\/2025\/12\/packed-plastic-parts.avif\" class=\"attachment-full size-full not-transparent\" alt=\"\" srcset=\"https:\/\/prototal.info\/app\/uploads\/2025\/12\/packed-plastic-parts.avif 1600w, https:\/\/prototal.info\/app\/uploads\/2025\/12\/packed-plastic-parts-300x225.avif 300w, https:\/\/prototal.info\/app\/uploads\/2025\/12\/packed-plastic-parts-1024x768.avif 1024w, https:\/\/prototal.info\/app\/uploads\/2025\/12\/packed-plastic-parts-768x576.avif 768w, https:\/\/prototal.info\/app\/uploads\/2025\/12\/packed-plastic-parts-1536x1152.avif 1536w\" sizes=\"auto, (max-width: 1600px) 100vw, 1600px\" data-has-transparency=\"false\" data-dominant-color=\"5d504b\" style=\"--dominant-color: #5d504b;\" \/>                <\/figure>\n                    <\/div>\n    <\/div>\n<\/div>\n\n<\/div>\n\n<div style=\"height:200px\" aria-hidden=\"true\" class=\"wp-block-spacer\"><\/div>\n\n<h2 class=\"wp-block-heading\">Lokala k\u00f6pvillkor<\/h2>\n\n<div style=\"height:15px\" aria-hidden=\"true\" class=\"wp-block-spacer\"><\/div>\n\n<figure class=\"wp-block-table alignwide is-style-stripes\"><table><tbody><tr><td>\u00d6sterrike, Tyskland och Schweiz<\/td><td>Beg\u00e4ran hos den lokala kontaktpersonen<\/td><\/tr><tr><td>Danmark<\/td><td><a href=\"https:\/\/prototal.info\/app\/uploads\/2026\/01\/dk-en-sales-and-delivery-terms_010525.pdf\">Regler och villkor<\/a><\/td><\/tr><tr><td>Italien<\/td><td><a href=\"https:\/\/prototal.info\/app\/uploads\/2026\/01\/general-supply-conditions-prosilas.pdf\">Regler och villkor<\/a><\/td><\/tr><tr><td>Norge<\/td><td><a href=\"https:\/\/prototal.info\/app\/uploads\/2026\/03\/salgs-og-leveringsbetingelser_enno.pdf\">Regler och villkor<\/a><\/td><\/tr><tr><td>Storbritannien<\/td><td><a href=\"https:\/\/prototal.info\/app\/uploads\/2026\/01\/prototal-uk-supplier-standard-terms-and-conditions.pdf\">Villkor<\/a>; <a href=\"https:\/\/prototal.info\/app\/uploads\/2026\/01\/prototal-uk-customer-standard-conditions-of-sale-2021.pdf\">K\u00f6pvillkor <\/a><\/td><\/tr><tr><td>Sverige<\/td><td><a href=\"https:\/\/prototal.info\/app\/uploads\/2026\/01\/se_prototal-terms-conditons.pdf\">Regler och villkor<\/a><\/td><\/tr><\/tbody><\/table><\/figure>\n\n<div style=\"height:200px\" aria-hidden=\"true\" class=\"wp-block-spacer\"><\/div>\n\n<div class=\"wp-block-group is-content-justification-center is-layout-constrained wp-container-core-group-is-layout-3f1f4d87 wp-block-group-is-layout-constrained\" style=\"border-radius:20px;padding-top:0;padding-right:0;padding-bottom:0;padding-left:0\">\n<div class=\"wp-block-group has-light-blue-background-color has-background is-content-justification-center is-layout-constrained wp-container-core-group-is-layout-9f56d254 wp-block-group-is-layout-constrained\" style=\"border-radius:20px;padding-top:var(--wp--preset--spacing--80);padding-right:var(--wp--preset--spacing--80);padding-bottom:var(--wp--preset--spacing--80);padding-left:var(--wp--preset--spacing--80)\">\n<h2 class=\"wp-block-heading has-dark-blue-color has-text-color has-link-color wp-elements-95ee03a26810e4bd51b1f9abca554477\" id=\"headline-779-2908\">Vilka villkor g\u00e4ller f\u00f6r min best\u00e4llning?<\/h2>\n\n\n\n<p class=\"has-black-color has-text-color has-link-color wp-elements-6298348146439f46d873136f21de8b32\">De till\u00e4mpliga villkoren best\u00e4ms av den specifika juridiska enhet inom Prototal som utf\u00e4rdar din offert och orderbekr\u00e4ftelse. \u00c4ven om v\u00e5rt engagemang f\u00f6r kvalitet \u00e4r konsekvent i hela n\u00e4tverket, kan lokala villkor variera vad g\u00e4ller logistik, ansvar och regionala handelsregler. <\/p>\n<\/div>\n<\/div>\n\n<div style=\"height:200px\" aria-hidden=\"true\" class=\"wp-block-spacer\"><\/div>\n","protected":false},"excerpt":{"rendered":"<p>Lokala k\u00f6pvillkor \u00d6sterrike, Tyskland och Schweiz Beg\u00e4ran hos den lokala kontaktpersonen Danmark Regler och villkor Italien Regler och villkor Norge Regler och villkor Storbritannien Villkor; K\u00f6pvillkor Sverige Regler och villkor Vilka villkor g\u00e4ller f\u00f6r min best\u00e4llning? De till\u00e4mpliga villkoren best\u00e4ms av den specifika juridiska enhet inom Prototal som utf\u00e4rdar din offert och orderbekr\u00e4ftelse. \u00c4ven om [&hellip;]<\/p>\n","protected":false},"author":5,"featured_media":0,"parent":0,"menu_order":0,"comment_status":"closed","ping_status":"closed","template":"","meta":{"_acf_changed":false,"inline_featured_image":false,"footnotes":""},"class_list":["post-10870","page","type-page","status-publish","hentry"],"acf":[],"yoast_head":"<!-- This site is optimized with the Yoast SEO plugin v27.2 - https:\/\/yoast.com\/product\/yoast-seo-wordpress\/ -->\n<title>F\u00f6rs\u00e4ljningsvillkor | Prototal<\/title>\n<meta name=\"description\" content=\"H\u00e4r kan du f\u00e5 tillg\u00e5ng till de specifika f\u00f6rs\u00e4ljningsvillkoren f\u00f6r Prototals decentraliserade europeiska hubbar. Ta del av de regionala r\u00e4ttsliga ramverken som g\u00e4ller f\u00f6r Sverige, Norge, Danmark, Storbritannien, Italien och DACH-regionen.\" \/>\n<meta name=\"robots\" content=\"index, follow, max-snippet:-1, max-image-preview:large, max-video-preview:-1\" \/>\n<link rel=\"canonical\" href=\"https:\/\/prototal.info\/se\/kopvillkor\/\" \/>\n<meta property=\"og:locale\" content=\"sv_SE\" \/>\n<meta property=\"og:type\" content=\"article\" \/>\n<meta property=\"og:title\" content=\"F\u00f6rs\u00e4ljningsvillkor | Prototal\" \/>\n<meta property=\"og:description\" content=\"H\u00e4r kan du f\u00e5 tillg\u00e5ng till de specifika f\u00f6rs\u00e4ljningsvillkoren f\u00f6r Prototals decentraliserade europeiska hubbar. Ta del av de regionala r\u00e4ttsliga ramverken som g\u00e4ller f\u00f6r Sverige, Norge, Danmark, Storbritannien, Italien och DACH-regionen.\" \/>\n<meta property=\"og:url\" content=\"https:\/\/prototal.info\/se\/kopvillkor\/\" \/>\n<meta property=\"og:site_name\" content=\"Prototal\" \/>\n<meta property=\"article:modified_time\" content=\"2026-03-16T09:36:29+00:00\" \/>\n<meta name=\"twitter:card\" content=\"summary_large_image\" \/>\n<meta name=\"twitter:label1\" content=\"Ber\u00e4knad l\u00e4stid\" \/>\n\t<meta name=\"twitter:data1\" content=\"1 minut\" \/>\n<script type=\"application\/ld+json\" class=\"yoast-schema-graph\">{\n\t    \"@context\": \"https:\/\/schema.org\",\n\t    \"@graph\": [\n\t        {\n\t            \"@type\": \"WebPage\",\n\t            \"@id\": \"https:\/\/prototal.info\/se\/kopvillkor\/\",\n\t            \"url\": \"https:\/\/prototal.info\/se\/kopvillkor\/\",\n\t            \"name\": \"F\u00f6rs\u00e4ljningsvillkor | Prototal\",\n\t            \"isPartOf\": {\n\t                \"@id\": \"https:\/\/prototal.info\/se\/#website\"\n\t            },\n\t            \"datePublished\": \"2026-01-20T14:02:40+00:00\",\n\t            \"dateModified\": \"2026-03-16T09:36:29+00:00\",\n\t            \"description\": \"H\u00e4r kan du f\u00e5 tillg\u00e5ng till de specifika f\u00f6rs\u00e4ljningsvillkoren f\u00f6r Prototals decentraliserade europeiska hubbar. Ta del av de regionala r\u00e4ttsliga ramverken som g\u00e4ller f\u00f6r Sverige, Norge, Danmark, Storbritannien, Italien och DACH-regionen.\",\n\t            \"breadcrumb\": {\n\t                \"@id\": \"https:\/\/prototal.info\/se\/kopvillkor\/#breadcrumb\"\n\t            },\n\t            \"inLanguage\": \"sv-SE\",\n\t            \"potentialAction\": [\n\t                {\n\t                    \"@type\": \"ReadAction\",\n\t                    \"target\": [\n\t                        \"https:\/\/prototal.info\/se\/kopvillkor\/\"\n\t                    ]\n\t                }\n\t            ]\n\t        },\n\t        {\n\t            \"@type\": \"BreadcrumbList\",\n\t            \"@id\": \"https:\/\/prototal.info\/se\/kopvillkor\/#breadcrumb\",\n\t            \"itemListElement\": [\n\t                {\n\t                    \"@type\": \"ListItem\",\n\t                    \"position\": 1,\n\t                    \"name\": \"Home\",\n\t                    \"item\": \"https:\/\/prototal.info\/se\/\"\n\t                },\n\t                {\n\t                    \"@type\": \"ListItem\",\n\t                    \"position\": 2,\n\t                    \"name\": \"F\u00f6rs\u00e4ljningsvillkor\"\n\t                }\n\t            ]\n\t        },\n\t        {\n\t            \"@type\": \"WebSite\",\n\t            \"@id\": \"https:\/\/prototal.info\/se\/#website\",\n\t            \"url\": \"https:\/\/prototal.info\/se\/\",\n\t            \"name\": \"Prototal\",\n\t            \"description\": \"From one to one million\",\n\t            \"publisher\": {\n\t                \"@id\": \"https:\/\/prototal.info\/se\/#organization\"\n\t            },\n\t            \"potentialAction\": [\n\t                {\n\t                    \"@type\": \"SearchAction\",\n\t                    \"target\": {\n\t                        \"@type\": \"EntryPoint\",\n\t                        \"urlTemplate\": \"https:\/\/prototal.info\/se\/?s={search_term_string}\"\n\t                    },\n\t                    \"query-input\": {\n\t                        \"@type\": \"PropertyValueSpecification\",\n\t                        \"valueRequired\": true,\n\t                        \"valueName\": \"search_term_string\"\n\t                    }\n\t                }\n\t            ],\n\t            \"inLanguage\": \"sv-SE\"\n\t        },\n\t        {\n\t            \"@type\": \"Organization\",\n\t            \"@id\": \"https:\/\/prototal.info\/se\/#organization\",\n\t            \"name\": \"Prototal\",\n\t            \"url\": \"https:\/\/prototal.info\/se\/\",\n\t            \"logo\": {\n\t                \"@type\": \"ImageObject\",\n\t                \"inLanguage\": \"sv-SE\",\n\t                \"@id\": \"https:\/\/prototal.info\/se\/#\/schema\/logo\/image\/\",\n\t                \"url\": \"https:\/\/prototal.info\/app\/uploads\/2026\/03\/yoast-seo-default-logo.avif\",\n\t                \"contentUrl\": \"https:\/\/prototal.info\/app\/uploads\/2026\/03\/yoast-seo-default-logo.avif\",\n\t                \"width\": 696,\n\t                \"height\": 696,\n\t                \"caption\": \"Prototal\"\n\t            },\n\t            \"image\": {\n\t                \"@id\": \"https:\/\/prototal.info\/se\/#\/schema\/logo\/image\/\"\n\t            }\n\t        }\n\t    ]\n\t}<\/script>\n<!-- \/ Yoast SEO plugin. -->","yoast_head_json":{"title":"F\u00f6rs\u00e4ljningsvillkor | Prototal","description":"H\u00e4r kan du f\u00e5 tillg\u00e5ng till de specifika f\u00f6rs\u00e4ljningsvillkoren f\u00f6r Prototals decentraliserade europeiska hubbar. Ta del av de regionala r\u00e4ttsliga ramverken som g\u00e4ller f\u00f6r Sverige, Norge, Danmark, Storbritannien, Italien och DACH-regionen.","robots":{"index":"index","follow":"follow","max-snippet":"max-snippet:-1","max-image-preview":"max-image-preview:large","max-video-preview":"max-video-preview:-1"},"canonical":"https:\/\/prototal.info\/se\/kopvillkor\/","og_locale":"sv_SE","og_type":"article","og_title":"F\u00f6rs\u00e4ljningsvillkor | Prototal","og_description":"H\u00e4r kan du f\u00e5 tillg\u00e5ng till de specifika f\u00f6rs\u00e4ljningsvillkoren f\u00f6r Prototals decentraliserade europeiska hubbar. Ta del av de regionala r\u00e4ttsliga ramverken som g\u00e4ller f\u00f6r Sverige, Norge, Danmark, Storbritannien, Italien och DACH-regionen.","og_url":"https:\/\/prototal.info\/se\/kopvillkor\/","og_site_name":"Prototal","article_modified_time":"2026-03-16T09:36:29+00:00","twitter_card":"summary_large_image","twitter_misc":{"Ber\u00e4knad l\u00e4stid":"1 minut"},"schema":{"@context":"https:\/\/schema.org","@graph":[{"@type":"WebPage","@id":"https:\/\/prototal.info\/se\/kopvillkor\/","url":"https:\/\/prototal.info\/se\/kopvillkor\/","name":"F\u00f6rs\u00e4ljningsvillkor | Prototal","isPartOf":{"@id":"https:\/\/prototal.info\/se\/#website"},"datePublished":"2026-01-20T14:02:40+00:00","dateModified":"2026-03-16T09:36:29+00:00","description":"H\u00e4r kan du f\u00e5 tillg\u00e5ng till de specifika f\u00f6rs\u00e4ljningsvillkoren f\u00f6r Prototals decentraliserade europeiska hubbar. Ta del av de regionala r\u00e4ttsliga ramverken som g\u00e4ller f\u00f6r Sverige, Norge, Danmark, Storbritannien, Italien och DACH-regionen.","breadcrumb":{"@id":"https:\/\/prototal.info\/se\/kopvillkor\/#breadcrumb"},"inLanguage":"sv-SE","potentialAction":[{"@type":"ReadAction","target":["https:\/\/prototal.info\/se\/kopvillkor\/"]}]},{"@type":"BreadcrumbList","@id":"https:\/\/prototal.info\/se\/kopvillkor\/#breadcrumb","itemListElement":[{"@type":"ListItem","position":1,"name":"Home","item":"https:\/\/prototal.info\/se\/"},{"@type":"ListItem","position":2,"name":"F\u00f6rs\u00e4ljningsvillkor"}]},{"@type":"WebSite","@id":"https:\/\/prototal.info\/se\/#website","url":"https:\/\/prototal.info\/se\/","name":"Prototal","description":"From one to one million","publisher":{"@id":"https:\/\/prototal.info\/se\/#organization"},"potentialAction":[{"@type":"SearchAction","target":{"@type":"EntryPoint","urlTemplate":"https:\/\/prototal.info\/se\/?s={search_term_string}"},"query-input":{"@type":"PropertyValueSpecification","valueRequired":true,"valueName":"search_term_string"}}],"inLanguage":"sv-SE"},{"@type":"Organization","@id":"https:\/\/prototal.info\/se\/#organization","name":"Prototal","url":"https:\/\/prototal.info\/se\/","logo":{"@type":"ImageObject","inLanguage":"sv-SE","@id":"https:\/\/prototal.info\/se\/#\/schema\/logo\/image\/","url":"https:\/\/prototal.info\/app\/uploads\/2026\/03\/yoast-seo-default-logo.avif","contentUrl":"https:\/\/prototal.info\/app\/uploads\/2026\/03\/yoast-seo-default-logo.avif","width":696,"height":696,"caption":"Prototal"},"image":{"@id":"https:\/\/prototal.info\/se\/#\/schema\/logo\/image\/"}}]}},"_links":{"self":[{"href":"https:\/\/prototal.info\/se\/wp-json\/wp\/v2\/pages\/10870","targetHints":{"allow":["GET"]}}],"collection":[{"href":"https:\/\/prototal.info\/se\/wp-json\/wp\/v2\/pages"}],"about":[{"href":"https:\/\/prototal.info\/se\/wp-json\/wp\/v2\/types\/page"}],"author":[{"embeddable":true,"href":"https:\/\/prototal.info\/se\/wp-json\/wp\/v2\/users\/5"}],"replies":[{"embeddable":true,"href":"https:\/\/prototal.info\/se\/wp-json\/wp\/v2\/comments?post=10870"}],"version-history":[{"count":4,"href":"https:\/\/prototal.info\/se\/wp-json\/wp\/v2\/pages\/10870\/revisions"}],"predecessor-version":[{"id":13458,"href":"https:\/\/prototal.info\/se\/wp-json\/wp\/v2\/pages\/10870\/revisions\/13458"}],"wp:attachment":[{"href":"https:\/\/prototal.info\/se\/wp-json\/wp\/v2\/media?parent=10870"}],"curies":[{"name":"wp","href":"https:\/\/api.w.org\/{rel}","templated":true}]}}