{"id":11455,"date":"2025-12-05T12:57:19","date_gmt":"2025-12-05T11:57:19","guid":{"rendered":"https:\/\/prototal.info\/retningslinjer-for-informasjonskapsler\/"},"modified":"2026-03-19T12:55:06","modified_gmt":"2026-03-19T11:55:06","slug":"informasjonskapsler","status":"publish","type":"page","link":"https:\/\/prototal.info\/no\/informasjonskapsler\/","title":{"rendered":"Retningslinjer for informasjonskapsler"},"content":{"rendered":"\n<div class=\"wp-block-group is-content-justification-center is-layout-constrained wp-container-core-group-is-layout-da99a3d4 wp-block-group-is-layout-constrained\">\n<h1 class=\"wp-block-heading\">Retningslinjer for informasjonskapsler<\/h1>\n\n\n\n<p class=\"has-small-font-size\"><em>V\u00e5re retningslinjer for informasjonskapsler ble sist oppdatert 1. desember 2025<\/em><\/p>\n\n\n\n<p>Disse retningslinjene for informasjonskapsler forklarer hvordan Prototal (&#8220;vi&#8221;, &#8220;v\u00e5r&#8221; eller &#8220;oss&#8221;) bruker informasjonskapsler og lignende sporingsteknologier p\u00e5 nettstedet v\u00e5rt prototal.info (&#8220;nettstedet&#8221;). Ved \u00e5 bruke nettstedet v\u00e5rt, samtykker du i bruken av informasjonskapsler som beskrevet i disse retningslinjene. <\/p>\n\n\n\n<h3 class=\"wp-block-heading\">Hva er informasjonskapsler?<\/h3>\n\n\n\n<p>Informasjonskapsler er sm\u00e5 tekstfiler som lagres p\u00e5 enheten din (datamaskin, nettbrett eller smarttelefon) n\u00e5r du bes\u00f8ker et nettsted. De hjelper nettstedet med \u00e5 huske preferansene dine, analysere bruken og forbedre nettleseropplevelsen din. <\/p>\n\n\n\n<h3 class=\"wp-block-heading\">Typer informasjonskapsler vi bruker<\/h3>\n\n\n\n<p>Vi bruker f\u00f8lgende typer informasjonskapsler p\u00e5 nettstedet v\u00e5rt:<\/p>\n\n\n\n<ul class=\"wp-block-list\">\n<li>Strengt n\u00f8dvendige informasjonskapsler: N\u00f8dvendige for driften av nettstedet. Eksempler p\u00e5 dette kan v\u00e6re \u00f8ktadministrasjon, p\u00e5loggingsautentisering og sikkerhetsfunksjoner. <\/li>\n\n\n\n<li>Informasjonskapsler for ytelse og analyse: Samler inn informasjon om hvordan bes\u00f8kende bruker nettstedet for \u00e5 hjelpe oss med \u00e5 forbedre funksjonaliteten. Eksempler kan v\u00e6re Google Analytics, sporing av nettstedets ytelse. <\/li>\n\n\n\n<li>Funksjonelle informasjonskapsler: Husker valgene og preferansene dine. Eksempler p\u00e5 dette kan v\u00e6re spr\u00e5kvalg, skjerminnstillinger og skjemainnstillinger. <\/li>\n\n\n\n<li>Informasjonskapsler for reklame og m\u00e5lretting: Brukes til \u00e5 levere relevante annonser eller m\u00e5le annonseytelse. Eksempler kan v\u00e6re tredjeparts annonsenettverk og remarketing. <\/li>\n<\/ul>\n\n\n\n<h3 class=\"wp-block-heading\">Tredjeparts informasjonskapsler<\/h3>\n\n\n\n<p>Noen informasjonskapsler p\u00e5 nettstedet v\u00e5rt kan v\u00e6re satt av tredjeparter, for eksempel analyseleverand\u00f8rer, sosiale medieplattformer eller annonsenettverk. Vi er ikke ansvarlige for disse tredjepartenes informasjonskapsler, og bruken av dem er underlagt deres egne retningslinjer for personvern. <\/p>\n\n\n\n<h3 class=\"wp-block-heading\">Administrasjon av informasjonskapsler<\/h3>\n\n\n\n<p>Vi bruker <a href=\"https:\/\/www.cookiebot.com\/da\/about\/\" target=\"_blank\" rel=\"noreferrer noopener\"><strong>Cookiebot<\/strong><\/a> for \u00e5 administrere informasjonskapsler p\u00e5 nettstedet v\u00e5rt og sikre at vi overholder gjeldende personvernlover, inkludert GDPR og ePrivacy-direktivet. Cookiebot hjelper oss: <\/p>\n\n\n\n<ul class=\"wp-block-list\">\n<li>Kategoriser informasjonskapsler i n\u00f8dvendige, funksjonelle, analytiske og markedsf\u00f8ringsrelaterte informasjonskapsler.<\/li>\n\n\n\n<li>Blokker ikke-essensielle informasjonskapsler inntil du gir samtykke.<\/li>\n\n\n\n<li>Tillate deg \u00e5 gjennomg\u00e5, godta eller trekke tilbake samtykket n\u00e5r som helst.<\/li>\n<\/ul>\n\n\n\n<p>Du kan administrere preferansene dine for informasjonskapsler via samtykkebanneret som vises n\u00e5r du bes\u00f8ker nettstedet v\u00e5rt for f\u00f8rste gang, eller ved \u00e5 klikke p\u00e5 informasjonskapselikonet i venstre hj\u00f8rne av nettstedet. Cookiebot oppdaterer automatisk listen over informasjonskapsler og s\u00f8rger for at valgene dine blir respektert ved alle bes\u00f8k. Ved \u00e5 bruke nettstedet v\u00e5rt samtykker du til bruk av informasjonskapsler slik de er konfigurert gjennom Cookiebot.  <\/p>\n\n\n\n<h3 class=\"wp-block-heading\">Informasjonskapsler som brukes til AI eller automatiserte verkt\u00f8y<\/h3>\n\n\n\n<p>Hvis du bruker funksjoner p\u00e5 nettstedet v\u00e5rt som drives av AI, chatbots eller andre automatiserte verkt\u00f8y, kan informasjonskapsler brukes til \u00e5:<\/p>\n\n\n\n<ul class=\"wp-block-list\">\n<li>Husk dine tidligere interaksjoner<\/li>\n\n\n\n<li>Forbedre ytelsen til AI-funksjoner<\/li>\n\n\n\n<li>Tilby personlig tilpasset innhold eller anbefalinger<\/li>\n<\/ul>\n\n\n\n<h3 class=\"wp-block-heading\">Oppdateringer av disse retningslinjene for informasjonskapsler<\/h3>\n\n\n\n<p>Vi kan oppdatere disse retningslinjene for informasjonskapsler fra tid til annen. &#8220;Sist oppdatert&#8221;-datoen nederst p\u00e5 siden gjenspeiler den nyeste versjonen. Vi oppfordrer deg til \u00e5 g\u00e5 gjennom denne siden med jevne mellomrom for oppdateringer.  <\/p>\n\n\n\n<h3 class=\"wp-block-heading\">Kontaktinformasjon<\/h3>\n\n\n\n<p>Hvis du har sp\u00f8rsm\u00e5l om v\u00e5re retningslinjer for informasjonskapsler, kan du kontakte oss p\u00e5 marketing@prototalgroup.com<\/p>\n<\/div>\n\n<div style=\"height:100px\" aria-hidden=\"true\" class=\"wp-block-spacer\"><\/div>\n\n<p><\/p>\n","protected":false},"excerpt":{"rendered":"<p>Retningslinjer for informasjonskapsler V\u00e5re retningslinjer for informasjonskapsler ble sist oppdatert 1. desember 2025 Disse retningslinjene for informasjonskapsler forklarer hvordan Prototal (&#8220;vi&#8221;, &#8220;v\u00e5r&#8221; eller &#8220;oss&#8221;) bruker informasjonskapsler og lignende sporingsteknologier p\u00e5 nettstedet v\u00e5rt prototal.info (&#8220;nettstedet&#8221;). Ved \u00e5 bruke nettstedet v\u00e5rt, samtykker du i bruken av informasjonskapsler som beskrevet i disse retningslinjene. Hva er informasjonskapsler? Informasjonskapsler er [&hellip;]<\/p>\n","protected":false},"author":5,"featured_media":3451,"parent":0,"menu_order":0,"comment_status":"closed","ping_status":"closed","template":"","meta":{"_acf_changed":false,"inline_featured_image":false,"footnotes":""},"class_list":["post-11455","page","type-page","status-publish","has-post-thumbnail","hentry"],"acf":[],"yoast_head":"<!-- This site is optimized with the Yoast SEO plugin v27.5 - https:\/\/yoast.com\/product\/yoast-seo-wordpress\/ -->\n<title>Retningslinjer for informasjonskapsler | Prototal<\/title>\n<meta name=\"robots\" content=\"index, follow, max-snippet:-1, max-image-preview:large, max-video-preview:-1\" \/>\n<link rel=\"canonical\" href=\"https:\/\/prototal.info\/no\/informasjonskapsler\/\" \/>\n<meta property=\"og:locale\" content=\"nb_NO\" \/>\n<meta property=\"og:type\" content=\"article\" \/>\n<meta property=\"og:title\" content=\"Retningslinjer for informasjonskapsler | Prototal\" \/>\n<meta property=\"og:description\" content=\"Retningslinjer for informasjonskapsler V\u00e5re retningslinjer for informasjonskapsler ble sist oppdatert 1. desember 2025 Disse retningslinjene for informasjonskapsler forklarer hvordan Prototal (&#8220;vi&#8221;, &#8220;v\u00e5r&#8221; eller &#8220;oss&#8221;) bruker informasjonskapsler og lignende sporingsteknologier p\u00e5 nettstedet v\u00e5rt prototal.info (&#8220;nettstedet&#8221;). Ved \u00e5 bruke nettstedet v\u00e5rt, samtykker du i bruken av informasjonskapsler som beskrevet i disse retningslinjene. Hva er informasjonskapsler? Informasjonskapsler er [&hellip;]\" \/>\n<meta property=\"og:url\" content=\"https:\/\/prototal.info\/no\/informasjonskapsler\/\" \/>\n<meta property=\"og:site_name\" content=\"Prototal\" \/>\n<meta property=\"article:modified_time\" content=\"2026-03-19T11:55:06+00:00\" \/>\n<meta name=\"twitter:card\" content=\"summary_large_image\" \/>\n<meta name=\"twitter:label1\" content=\"Est. reading time\" \/>\n\t<meta name=\"twitter:data1\" content=\"2 minutes\" \/>\n<script type=\"application\/ld+json\" class=\"yoast-schema-graph\">{\n\t    \"@context\": \"https:\\\/\\\/schema.org\",\n\t    \"@graph\": [\n\t        {\n\t            \"@type\": \"WebPage\",\n\t            \"@id\": \"https:\\\/\\\/prototal.info\\\/no\\\/informasjonskapsler\\\/\",\n\t            \"url\": \"https:\\\/\\\/prototal.info\\\/no\\\/informasjonskapsler\\\/\",\n\t            \"name\": \"Retningslinjer for informasjonskapsler | Prototal\",\n\t            \"isPartOf\": {\n\t                \"@id\": \"https:\\\/\\\/prototal.info\\\/no\\\/#website\"\n\t            },\n\t            \"primaryImageOfPage\": {\n\t                \"@id\": \"https:\\\/\\\/prototal.info\\\/no\\\/informasjonskapsler\\\/#primaryimage\"\n\t            },\n\t            \"image\": {\n\t                \"@id\": \"https:\\\/\\\/prototal.info\\\/no\\\/informasjonskapsler\\\/#primaryimage\"\n\t            },\n\t            \"thumbnailUrl\": \"https:\\\/\\\/prototal.info\\\/app\\\/uploads\\\/2025\\\/12\\\/prototal-flag.avif\",\n\t            \"datePublished\": \"2025-12-05T11:57:19+00:00\",\n\t            \"dateModified\": \"2026-03-19T11:55:06+00:00\",\n\t            \"breadcrumb\": {\n\t                \"@id\": \"https:\\\/\\\/prototal.info\\\/no\\\/informasjonskapsler\\\/#breadcrumb\"\n\t            },\n\t            \"inLanguage\": \"nb-NO\",\n\t            \"potentialAction\": [\n\t                {\n\t                    \"@type\": \"ReadAction\",\n\t                    \"target\": [\n\t                        \"https:\\\/\\\/prototal.info\\\/no\\\/informasjonskapsler\\\/\"\n\t                    ]\n\t                }\n\t            ]\n\t        },\n\t        {\n\t            \"@type\": \"ImageObject\",\n\t            \"inLanguage\": \"nb-NO\",\n\t            \"@id\": \"https:\\\/\\\/prototal.info\\\/no\\\/informasjonskapsler\\\/#primaryimage\",\n\t            \"url\": \"https:\\\/\\\/prototal.info\\\/app\\\/uploads\\\/2025\\\/12\\\/prototal-flag.avif\",\n\t            \"contentUrl\": \"https:\\\/\\\/prototal.info\\\/app\\\/uploads\\\/2025\\\/12\\\/prototal-flag.avif\",\n\t            \"width\": 1600,\n\t            \"height\": 1200\n\t        },\n\t        {\n\t            \"@type\": \"BreadcrumbList\",\n\t            \"@id\": \"https:\\\/\\\/prototal.info\\\/no\\\/informasjonskapsler\\\/#breadcrumb\",\n\t            \"itemListElement\": [\n\t                {\n\t                    \"@type\": \"ListItem\",\n\t                    \"position\": 1,\n\t                    \"name\": \"Home\",\n\t                    \"item\": \"https:\\\/\\\/prototal.info\\\/no\\\/\"\n\t                },\n\t                {\n\t                    \"@type\": \"ListItem\",\n\t                    \"position\": 2,\n\t                    \"name\": \"Retningslinjer for informasjonskapsler\"\n\t                }\n\t            ]\n\t        },\n\t        {\n\t            \"@type\": \"WebSite\",\n\t            \"@id\": \"https:\\\/\\\/prototal.info\\\/no\\\/#website\",\n\t            \"url\": \"https:\\\/\\\/prototal.info\\\/no\\\/\",\n\t            \"name\": \"Prototal\",\n\t            \"description\": \"From one to one million\",\n\t            \"publisher\": {\n\t                \"@id\": \"https:\\\/\\\/prototal.info\\\/no\\\/#organization\"\n\t            },\n\t            \"potentialAction\": [\n\t                {\n\t                    \"@type\": \"SearchAction\",\n\t                    \"target\": {\n\t                        \"@type\": \"EntryPoint\",\n\t                        \"urlTemplate\": \"https:\\\/\\\/prototal.info\\\/no\\\/?s={search_term_string}\"\n\t                    },\n\t                    \"query-input\": {\n\t                        \"@type\": \"PropertyValueSpecification\",\n\t                        \"valueRequired\": true,\n\t                        \"valueName\": \"search_term_string\"\n\t                    }\n\t                }\n\t            ],\n\t            \"inLanguage\": \"nb-NO\"\n\t        },\n\t        {\n\t            \"@type\": \"Organization\",\n\t            \"@id\": \"https:\\\/\\\/prototal.info\\\/no\\\/#organization\",\n\t            \"name\": \"Prototal\",\n\t            \"url\": \"https:\\\/\\\/prototal.info\\\/no\\\/\",\n\t            \"logo\": {\n\t                \"@type\": \"ImageObject\",\n\t                \"inLanguage\": \"nb-NO\",\n\t                \"@id\": \"https:\\\/\\\/prototal.info\\\/no\\\/#\\\/schema\\\/logo\\\/image\\\/\",\n\t                \"url\": \"https:\\\/\\\/prototal.info\\\/app\\\/uploads\\\/2026\\\/03\\\/yoast-seo-default-logo.avif\",\n\t                \"contentUrl\": \"https:\\\/\\\/prototal.info\\\/app\\\/uploads\\\/2026\\\/03\\\/yoast-seo-default-logo.avif\",\n\t                \"width\": 696,\n\t                \"height\": 696,\n\t                \"caption\": \"Prototal\"\n\t            },\n\t            \"image\": {\n\t                \"@id\": \"https:\\\/\\\/prototal.info\\\/no\\\/#\\\/schema\\\/logo\\\/image\\\/\"\n\t            }\n\t        }\n\t    ]\n\t}<\/script>\n<!-- \/ Yoast SEO plugin. -->","yoast_head_json":{"title":"Retningslinjer for informasjonskapsler | Prototal","robots":{"index":"index","follow":"follow","max-snippet":"max-snippet:-1","max-image-preview":"max-image-preview:large","max-video-preview":"max-video-preview:-1"},"canonical":"https:\/\/prototal.info\/no\/informasjonskapsler\/","og_locale":"nb_NO","og_type":"article","og_title":"Retningslinjer for informasjonskapsler | Prototal","og_description":"Retningslinjer for informasjonskapsler V\u00e5re retningslinjer for informasjonskapsler ble sist oppdatert 1. desember 2025 Disse retningslinjene for informasjonskapsler forklarer hvordan Prototal (&#8220;vi&#8221;, &#8220;v\u00e5r&#8221; eller &#8220;oss&#8221;) bruker informasjonskapsler og lignende sporingsteknologier p\u00e5 nettstedet v\u00e5rt prototal.info (&#8220;nettstedet&#8221;). Ved \u00e5 bruke nettstedet v\u00e5rt, samtykker du i bruken av informasjonskapsler som beskrevet i disse retningslinjene. Hva er informasjonskapsler? Informasjonskapsler er [&hellip;]","og_url":"https:\/\/prototal.info\/no\/informasjonskapsler\/","og_site_name":"Prototal","article_modified_time":"2026-03-19T11:55:06+00:00","twitter_card":"summary_large_image","twitter_misc":{"Est. reading time":"2 minutes"},"schema":{"@context":"https:\/\/schema.org","@graph":[{"@type":"WebPage","@id":"https:\/\/prototal.info\/no\/informasjonskapsler\/","url":"https:\/\/prototal.info\/no\/informasjonskapsler\/","name":"Retningslinjer for informasjonskapsler | Prototal","isPartOf":{"@id":"https:\/\/prototal.info\/no\/#website"},"primaryImageOfPage":{"@id":"https:\/\/prototal.info\/no\/informasjonskapsler\/#primaryimage"},"image":{"@id":"https:\/\/prototal.info\/no\/informasjonskapsler\/#primaryimage"},"thumbnailUrl":"https:\/\/prototal.info\/app\/uploads\/2025\/12\/prototal-flag.avif","datePublished":"2025-12-05T11:57:19+00:00","dateModified":"2026-03-19T11:55:06+00:00","breadcrumb":{"@id":"https:\/\/prototal.info\/no\/informasjonskapsler\/#breadcrumb"},"inLanguage":"nb-NO","potentialAction":[{"@type":"ReadAction","target":["https:\/\/prototal.info\/no\/informasjonskapsler\/"]}]},{"@type":"ImageObject","inLanguage":"nb-NO","@id":"https:\/\/prototal.info\/no\/informasjonskapsler\/#primaryimage","url":"https:\/\/prototal.info\/app\/uploads\/2025\/12\/prototal-flag.avif","contentUrl":"https:\/\/prototal.info\/app\/uploads\/2025\/12\/prototal-flag.avif","width":1600,"height":1200},{"@type":"BreadcrumbList","@id":"https:\/\/prototal.info\/no\/informasjonskapsler\/#breadcrumb","itemListElement":[{"@type":"ListItem","position":1,"name":"Home","item":"https:\/\/prototal.info\/no\/"},{"@type":"ListItem","position":2,"name":"Retningslinjer for informasjonskapsler"}]},{"@type":"WebSite","@id":"https:\/\/prototal.info\/no\/#website","url":"https:\/\/prototal.info\/no\/","name":"Prototal","description":"From one to one million","publisher":{"@id":"https:\/\/prototal.info\/no\/#organization"},"potentialAction":[{"@type":"SearchAction","target":{"@type":"EntryPoint","urlTemplate":"https:\/\/prototal.info\/no\/?s={search_term_string}"},"query-input":{"@type":"PropertyValueSpecification","valueRequired":true,"valueName":"search_term_string"}}],"inLanguage":"nb-NO"},{"@type":"Organization","@id":"https:\/\/prototal.info\/no\/#organization","name":"Prototal","url":"https:\/\/prototal.info\/no\/","logo":{"@type":"ImageObject","inLanguage":"nb-NO","@id":"https:\/\/prototal.info\/no\/#\/schema\/logo\/image\/","url":"https:\/\/prototal.info\/app\/uploads\/2026\/03\/yoast-seo-default-logo.avif","contentUrl":"https:\/\/prototal.info\/app\/uploads\/2026\/03\/yoast-seo-default-logo.avif","width":696,"height":696,"caption":"Prototal"},"image":{"@id":"https:\/\/prototal.info\/no\/#\/schema\/logo\/image\/"}}]}},"_links":{"self":[{"href":"https:\/\/prototal.info\/no\/wp-json\/wp\/v2\/pages\/11455","targetHints":{"allow":["GET"]}}],"collection":[{"href":"https:\/\/prototal.info\/no\/wp-json\/wp\/v2\/pages"}],"about":[{"href":"https:\/\/prototal.info\/no\/wp-json\/wp\/v2\/types\/page"}],"author":[{"embeddable":true,"href":"https:\/\/prototal.info\/no\/wp-json\/wp\/v2\/users\/5"}],"replies":[{"embeddable":true,"href":"https:\/\/prototal.info\/no\/wp-json\/wp\/v2\/comments?post=11455"}],"version-history":[{"count":5,"href":"https:\/\/prototal.info\/no\/wp-json\/wp\/v2\/pages\/11455\/revisions"}],"predecessor-version":[{"id":16406,"href":"https:\/\/prototal.info\/no\/wp-json\/wp\/v2\/pages\/11455\/revisions\/16406"}],"wp:featuredmedia":[{"embeddable":true,"href":"https:\/\/prototal.info\/no\/wp-json\/wp\/v2\/media\/3451"}],"wp:attachment":[{"href":"https:\/\/prototal.info\/no\/wp-json\/wp\/v2\/media?parent=11455"}],"curies":[{"name":"wp","href":"https:\/\/api.w.org\/{rel}","templated":true}]}}