{"id":11452,"date":"2025-12-05T12:51:49","date_gmt":"2025-12-05T11:51:49","guid":{"rendered":"https:\/\/prototal.info\/vilkar-for-bruk\/"},"modified":"2026-03-20T09:34:12","modified_gmt":"2026-03-20T08:34:12","slug":"brukervilkar","status":"publish","type":"page","link":"https:\/\/prototal.info\/no\/brukervilkar\/","title":{"rendered":"Vilk\u00e5r for bruk"},"content":{"rendered":"\n<div class=\"wp-block-group is-content-justification-center is-layout-constrained wp-container-core-group-is-layout-da99a3d4 wp-block-group-is-layout-constrained\">\n<h2 class=\"wp-block-heading\">Vilk\u00e5r for bruk<\/h2>\n\n\n\n<p class=\"has-small-font-size\"><em>V\u00e5re tjenestevilk\u00e5r ble sist oppdatert 1. desember 2025.<\/em><\/p>\n\n\n\n<p>Ved \u00e5 g\u00e5 inn p\u00e5 eller bruke Prototals (&#8220;vi&#8221;, &#8220;v\u00e5r&#8221; eller &#8220;oss&#8221;) nettsted prototal.info (&#8220;Nettstedet&#8221;) eller tjenester som leveres gjennom det (samlet kalt &#8220;Tjenestene&#8221;), samtykker du i \u00e5 overholde og v\u00e6re bundet av disse Tjenestevilk\u00e5rene (&#8220;Vilk\u00e5rene&#8221;). Hvis du ikke godtar disse vilk\u00e5rene, m\u00e5 du ikke bruke nettstedet eller tjenestene. <\/p>\n\n\n\n<h3 class=\"wp-block-heading\">Aksept og endringer av vilk\u00e5r<\/h3>\n\n\n\n<p>Ved \u00e5 bruke nettstedet eller tjenestene v\u00e5re bekrefter du at du er minst 18 \u00e5r gammel (eller myndighetsalderen i din jurisdiksjon) og juridisk i stand til \u00e5 inng\u00e5 disse vilk\u00e5rene. Vi kan oppdatere disse vilk\u00e5rene fra tid til annen. Den nyeste versjonen vil alltid bli lagt ut p\u00e5 denne siden med datoen &#8220;Sist oppdatert&#8221; nederst p\u00e5 siden. Fortsatt bruk av nettstedet eller tjenestene inneb\u00e6rer aksept av eventuelle endringer.   <\/p>\n\n\n\n<h3 class=\"wp-block-heading\">Bruk av tjenester<\/h3>\n\n\n\n<p>Du samtykker til:<\/p>\n\n\n\n<ul class=\"wp-block-list\">\n<li>Bruke nettstedet og tjenestene i samsvar med gjeldende lover og forskrifter.<\/li>\n\n\n\n<li>Gi n\u00f8yaktig og oppdatert informasjon n\u00e5r det kreves.<\/li>\n\n\n\n<li>Ikke misbruke nettstedet eller fors\u00f8ke \u00e5 f\u00e5 tilgang til det p\u00e5 uautoriserte m\u00e5ter.<\/li>\n<\/ul>\n\n\n\n<p>Du samtykker i \u00e5 ikke gj\u00f8re det:<\/p>\n\n\n\n<ul class=\"wp-block-list\">\n<li>Fors\u00f8k p\u00e5 \u00e5 forstyrre driften av nettstedet, servere eller nettverk.<\/li>\n<\/ul>\n\n\n\n<h3 class=\"wp-block-heading\">Intellektuell eiendom<\/h3>\n\n\n\n<p>Alt innhold, varemerker, logoer, design, tekst, bilder og programvare p\u00e5 nettstedet tilh\u00f8rer Prototal og er beskyttet av lover om opphavsrett, varemerker og andre immaterielle rettigheter. Du kan ikke reprodusere, distribuere eller bruke noe innhold uten uttrykkelig skriftlig tillatelse. <\/p>\n\n\n\n<h3 class=\"wp-block-heading\">Personvern<\/h3>\n\n\n\n<p>Din bruk av nettstedet er ogs\u00e5 underlagt v\u00e5re retningslinjer for personvern, som forklarer hvordan vi samler inn, bruker og beskytter personopplysningene dine.<\/p>\n\n\n\n<h3 class=\"wp-block-heading\">Tredjeparts lenker<\/h3>\n\n\n\n<p>Nettstedet v\u00e5rt inneholder lenker til tredjeparts nettsteder. Vi er ikke ansvarlige for innholdet, retningslinjene eller praksisen til disse tredjepartene. Tilgang til tredjeparts nettsteder skjer p\u00e5 egen risiko.  <\/p>\n\n\n\n<h3 class=\"wp-block-heading\">Automatiserte systemer, kunstig intelligens og roboter<\/h3>\n\n\n\n<ul class=\"wp-block-list\">\n<li>Noen funksjoner p\u00e5 nettstedet eller tjenestene v\u00e5re kan bruke automatiserte verkt\u00f8y, AI eller chatbots for \u00e5 hjelpe brukerne.<\/li>\n\n\n\n<li>Selv om vi bestreber oss p\u00e5 \u00e5 sikre n\u00f8yaktighet, kan automatiserte systemer av og til gi ufullstendig eller mangelfull informasjon.<\/li>\n\n\n\n<li>Brukerne er ansvarlige for \u00e5 verifisere all kritisk informasjon som innhentes gjennom automatiserte systemer.<\/li>\n\n\n\n<li>Bruk av AI-funksjoner er underlagt de samme tjenestevilk\u00e5rene og personvernerkl\u00e6ringen som resten av nettstedet.<\/li>\n\n\n\n<li>Automatiserte verkt\u00f8y, roboter eller skript kan bare f\u00e5 tilgang til nettstedet v\u00e5rt p\u00e5 m\u00e5ter som er i samsvar med gjeldende lover og disse vilk\u00e5rene.<\/li>\n\n\n\n<li>Uautorisert gjennoms\u00f8king, skraping eller datautvinning fra nettstedet er strengt forbudt.<\/li>\n\n\n\n<li>Vi kan bruke automatiserte verkt\u00f8y, kunstig intelligens eller roboter til \u00e5 administrere, overv\u00e5ke eller forbedre nettstedet og tjenestene.<\/li>\n\n\n\n<li>Bruk av AI-funksjoner p\u00e5 dette nettstedet er ment \u00e5 v\u00e6re til hjelp for brukerne. Vi er ikke ansvarlige for eventuelle un\u00f8yaktigheter eller begrensninger i AI-generert innhold. <\/li>\n<\/ul>\n\n\n\n<h3 class=\"wp-block-heading\">Ansvarsfraskrivelser<\/h3>\n\n\n\n<p>Nettstedet og tjenestene leveres &#8220;som de er&#8221; og &#8220;som tilgjengelige&#8221;. Vi garanterer ikke at nettstedet vil v\u00e6re uavbrutt eller feilfritt. <\/p>\n\n\n\n<h3 class=\"wp-block-heading\">Ansvarsfraskrivelse for materialspesifikasjonsark<\/h3>\n\n\n\n<p>Materialspesifikasjonene p\u00e5 dette nettstedet er hentet fra de respektive originalutstyrsprodusentene (OEM). Selv om vi bestreber oss p\u00e5 \u00e5 sikre at informasjonen er n\u00f8yaktig og oppdatert, garanterer ikke Prototal at disse spesifikasjonene er fullstendige, korrekte eller egnet for noe bestemt form\u00e5l. <\/p>\n\n\n\n<p>Brukerne er ansvarlige for \u00e5 verifisere all kritisk informasjon direkte med OEM-leverand\u00f8ren f\u00f8r de bruker den i produksjon eller tar designbeslutninger. Ved \u00e5 f\u00e5 tilgang til eller bruke disse spesifikasjonsarkene erkjenner du at Prototal ikke er ansvarlig for eventuelle feil, utelatelser eller endringer i produsentens data. <\/p>\n\n\n\n<p>Der det er tilgjengelig, vil vi alltid gi lenker til OEM-leverand\u00f8rens offisielle dokumentasjon som referanse.<\/p>\n\n\n\n<h3 class=\"wp-block-heading\">Kontaktinformasjon<\/h3>\n\n\n\n<p>Hvis du har sp\u00f8rsm\u00e5l eller bekymringer om disse vilk\u00e5rene, kan du kontakte oss p\u00e5 marketing@prototalgroup.com<\/p>\n<\/div>\n\n<div style=\"height:200px\" aria-hidden=\"true\" class=\"wp-block-spacer\"><\/div>\n","protected":false},"excerpt":{"rendered":"<p>Vilk\u00e5r for bruk V\u00e5re tjenestevilk\u00e5r ble sist oppdatert 1. desember 2025. Ved \u00e5 g\u00e5 inn p\u00e5 eller bruke Prototals (&#8220;vi&#8221;, &#8220;v\u00e5r&#8221; eller &#8220;oss&#8221;) nettsted prototal.info (&#8220;Nettstedet&#8221;) eller tjenester som leveres gjennom det (samlet kalt &#8220;Tjenestene&#8221;), samtykker du i \u00e5 overholde og v\u00e6re bundet av disse Tjenestevilk\u00e5rene (&#8220;Vilk\u00e5rene&#8221;). Hvis du ikke godtar disse vilk\u00e5rene, m\u00e5 du [&hellip;]<\/p>\n","protected":false},"author":5,"featured_media":0,"parent":0,"menu_order":0,"comment_status":"closed","ping_status":"closed","template":"","meta":{"_acf_changed":false,"inline_featured_image":false,"footnotes":""},"class_list":["post-11452","page","type-page","status-publish","hentry"],"acf":[],"yoast_head":"<!-- This site is optimized with the Yoast SEO plugin v27.5 - https:\/\/yoast.com\/product\/yoast-seo-wordpress\/ -->\n<title>Vilk\u00e5r for bruk | Prototal<\/title>\n<meta name=\"robots\" content=\"index, follow, max-snippet:-1, max-image-preview:large, max-video-preview:-1\" \/>\n<link rel=\"canonical\" href=\"https:\/\/prototal.info\/no\/brukervilkar\/\" \/>\n<meta property=\"og:locale\" content=\"nb_NO\" \/>\n<meta property=\"og:type\" content=\"article\" \/>\n<meta property=\"og:title\" content=\"Vilk\u00e5r for bruk | Prototal\" \/>\n<meta property=\"og:description\" content=\"Vilk\u00e5r for bruk V\u00e5re tjenestevilk\u00e5r ble sist oppdatert 1. desember 2025. Ved \u00e5 g\u00e5 inn p\u00e5 eller bruke Prototals (&#8220;vi&#8221;, &#8220;v\u00e5r&#8221; eller &#8220;oss&#8221;) nettsted prototal.info (&#8220;Nettstedet&#8221;) eller tjenester som leveres gjennom det (samlet kalt &#8220;Tjenestene&#8221;), samtykker du i \u00e5 overholde og v\u00e6re bundet av disse Tjenestevilk\u00e5rene (&#8220;Vilk\u00e5rene&#8221;). Hvis du ikke godtar disse vilk\u00e5rene, m\u00e5 du [&hellip;]\" \/>\n<meta property=\"og:url\" content=\"https:\/\/prototal.info\/no\/brukervilkar\/\" \/>\n<meta property=\"og:site_name\" content=\"Prototal\" \/>\n<meta property=\"article:modified_time\" content=\"2026-03-20T08:34:12+00:00\" \/>\n<meta name=\"twitter:card\" content=\"summary_large_image\" \/>\n<meta name=\"twitter:label1\" content=\"Est. reading time\" \/>\n\t<meta name=\"twitter:data1\" content=\"3 minutes\" \/>\n<script type=\"application\/ld+json\" class=\"yoast-schema-graph\">{\n\t    \"@context\": \"https:\\\/\\\/schema.org\",\n\t    \"@graph\": [\n\t        {\n\t            \"@type\": \"WebPage\",\n\t            \"@id\": \"https:\\\/\\\/prototal.info\\\/no\\\/brukervilkar\\\/\",\n\t            \"url\": \"https:\\\/\\\/prototal.info\\\/no\\\/brukervilkar\\\/\",\n\t            \"name\": \"Vilk\u00e5r for bruk | Prototal\",\n\t            \"isPartOf\": {\n\t                \"@id\": \"https:\\\/\\\/prototal.info\\\/no\\\/#website\"\n\t            },\n\t            \"datePublished\": \"2025-12-05T11:51:49+00:00\",\n\t            \"dateModified\": \"2026-03-20T08:34:12+00:00\",\n\t            \"breadcrumb\": {\n\t                \"@id\": \"https:\\\/\\\/prototal.info\\\/no\\\/brukervilkar\\\/#breadcrumb\"\n\t            },\n\t            \"inLanguage\": \"nb-NO\",\n\t            \"potentialAction\": [\n\t                {\n\t                    \"@type\": \"ReadAction\",\n\t                    \"target\": [\n\t                        \"https:\\\/\\\/prototal.info\\\/no\\\/brukervilkar\\\/\"\n\t                    ]\n\t                }\n\t            ]\n\t        },\n\t        {\n\t            \"@type\": \"BreadcrumbList\",\n\t            \"@id\": \"https:\\\/\\\/prototal.info\\\/no\\\/brukervilkar\\\/#breadcrumb\",\n\t            \"itemListElement\": [\n\t                {\n\t                    \"@type\": \"ListItem\",\n\t                    \"position\": 1,\n\t                    \"name\": \"Home\",\n\t                    \"item\": \"https:\\\/\\\/prototal.info\\\/no\\\/\"\n\t                },\n\t                {\n\t                    \"@type\": \"ListItem\",\n\t                    \"position\": 2,\n\t                    \"name\": \"Vilk\u00e5r for bruk\"\n\t                }\n\t            ]\n\t        },\n\t        {\n\t            \"@type\": \"WebSite\",\n\t            \"@id\": \"https:\\\/\\\/prototal.info\\\/no\\\/#website\",\n\t            \"url\": \"https:\\\/\\\/prototal.info\\\/no\\\/\",\n\t            \"name\": \"Prototal\",\n\t            \"description\": \"From one to one million\",\n\t            \"publisher\": {\n\t                \"@id\": \"https:\\\/\\\/prototal.info\\\/no\\\/#organization\"\n\t            },\n\t            \"potentialAction\": [\n\t                {\n\t                    \"@type\": \"SearchAction\",\n\t                    \"target\": {\n\t                        \"@type\": \"EntryPoint\",\n\t                        \"urlTemplate\": \"https:\\\/\\\/prototal.info\\\/no\\\/?s={search_term_string}\"\n\t                    },\n\t                    \"query-input\": {\n\t                        \"@type\": \"PropertyValueSpecification\",\n\t                        \"valueRequired\": true,\n\t                        \"valueName\": \"search_term_string\"\n\t                    }\n\t                }\n\t            ],\n\t            \"inLanguage\": \"nb-NO\"\n\t        },\n\t        {\n\t            \"@type\": \"Organization\",\n\t            \"@id\": \"https:\\\/\\\/prototal.info\\\/no\\\/#organization\",\n\t            \"name\": \"Prototal\",\n\t            \"url\": \"https:\\\/\\\/prototal.info\\\/no\\\/\",\n\t            \"logo\": {\n\t                \"@type\": \"ImageObject\",\n\t                \"inLanguage\": \"nb-NO\",\n\t                \"@id\": \"https:\\\/\\\/prototal.info\\\/no\\\/#\\\/schema\\\/logo\\\/image\\\/\",\n\t                \"url\": \"https:\\\/\\\/prototal.info\\\/app\\\/uploads\\\/2026\\\/03\\\/yoast-seo-default-logo.avif\",\n\t                \"contentUrl\": \"https:\\\/\\\/prototal.info\\\/app\\\/uploads\\\/2026\\\/03\\\/yoast-seo-default-logo.avif\",\n\t                \"width\": 696,\n\t                \"height\": 696,\n\t                \"caption\": \"Prototal\"\n\t            },\n\t            \"image\": {\n\t                \"@id\": \"https:\\\/\\\/prototal.info\\\/no\\\/#\\\/schema\\\/logo\\\/image\\\/\"\n\t            }\n\t        }\n\t    ]\n\t}<\/script>\n<!-- \/ Yoast SEO plugin. -->","yoast_head_json":{"title":"Vilk\u00e5r for bruk | Prototal","robots":{"index":"index","follow":"follow","max-snippet":"max-snippet:-1","max-image-preview":"max-image-preview:large","max-video-preview":"max-video-preview:-1"},"canonical":"https:\/\/prototal.info\/no\/brukervilkar\/","og_locale":"nb_NO","og_type":"article","og_title":"Vilk\u00e5r for bruk | Prototal","og_description":"Vilk\u00e5r for bruk V\u00e5re tjenestevilk\u00e5r ble sist oppdatert 1. desember 2025. Ved \u00e5 g\u00e5 inn p\u00e5 eller bruke Prototals (&#8220;vi&#8221;, &#8220;v\u00e5r&#8221; eller &#8220;oss&#8221;) nettsted prototal.info (&#8220;Nettstedet&#8221;) eller tjenester som leveres gjennom det (samlet kalt &#8220;Tjenestene&#8221;), samtykker du i \u00e5 overholde og v\u00e6re bundet av disse Tjenestevilk\u00e5rene (&#8220;Vilk\u00e5rene&#8221;). Hvis du ikke godtar disse vilk\u00e5rene, m\u00e5 du [&hellip;]","og_url":"https:\/\/prototal.info\/no\/brukervilkar\/","og_site_name":"Prototal","article_modified_time":"2026-03-20T08:34:12+00:00","twitter_card":"summary_large_image","twitter_misc":{"Est. reading time":"3 minutes"},"schema":{"@context":"https:\/\/schema.org","@graph":[{"@type":"WebPage","@id":"https:\/\/prototal.info\/no\/brukervilkar\/","url":"https:\/\/prototal.info\/no\/brukervilkar\/","name":"Vilk\u00e5r for bruk | Prototal","isPartOf":{"@id":"https:\/\/prototal.info\/no\/#website"},"datePublished":"2025-12-05T11:51:49+00:00","dateModified":"2026-03-20T08:34:12+00:00","breadcrumb":{"@id":"https:\/\/prototal.info\/no\/brukervilkar\/#breadcrumb"},"inLanguage":"nb-NO","potentialAction":[{"@type":"ReadAction","target":["https:\/\/prototal.info\/no\/brukervilkar\/"]}]},{"@type":"BreadcrumbList","@id":"https:\/\/prototal.info\/no\/brukervilkar\/#breadcrumb","itemListElement":[{"@type":"ListItem","position":1,"name":"Home","item":"https:\/\/prototal.info\/no\/"},{"@type":"ListItem","position":2,"name":"Vilk\u00e5r for bruk"}]},{"@type":"WebSite","@id":"https:\/\/prototal.info\/no\/#website","url":"https:\/\/prototal.info\/no\/","name":"Prototal","description":"From one to one million","publisher":{"@id":"https:\/\/prototal.info\/no\/#organization"},"potentialAction":[{"@type":"SearchAction","target":{"@type":"EntryPoint","urlTemplate":"https:\/\/prototal.info\/no\/?s={search_term_string}"},"query-input":{"@type":"PropertyValueSpecification","valueRequired":true,"valueName":"search_term_string"}}],"inLanguage":"nb-NO"},{"@type":"Organization","@id":"https:\/\/prototal.info\/no\/#organization","name":"Prototal","url":"https:\/\/prototal.info\/no\/","logo":{"@type":"ImageObject","inLanguage":"nb-NO","@id":"https:\/\/prototal.info\/no\/#\/schema\/logo\/image\/","url":"https:\/\/prototal.info\/app\/uploads\/2026\/03\/yoast-seo-default-logo.avif","contentUrl":"https:\/\/prototal.info\/app\/uploads\/2026\/03\/yoast-seo-default-logo.avif","width":696,"height":696,"caption":"Prototal"},"image":{"@id":"https:\/\/prototal.info\/no\/#\/schema\/logo\/image\/"}}]}},"_links":{"self":[{"href":"https:\/\/prototal.info\/no\/wp-json\/wp\/v2\/pages\/11452","targetHints":{"allow":["GET"]}}],"collection":[{"href":"https:\/\/prototal.info\/no\/wp-json\/wp\/v2\/pages"}],"about":[{"href":"https:\/\/prototal.info\/no\/wp-json\/wp\/v2\/types\/page"}],"author":[{"embeddable":true,"href":"https:\/\/prototal.info\/no\/wp-json\/wp\/v2\/users\/5"}],"replies":[{"embeddable":true,"href":"https:\/\/prototal.info\/no\/wp-json\/wp\/v2\/comments?post=11452"}],"version-history":[{"count":4,"href":"https:\/\/prototal.info\/no\/wp-json\/wp\/v2\/pages\/11452\/revisions"}],"predecessor-version":[{"id":16039,"href":"https:\/\/prototal.info\/no\/wp-json\/wp\/v2\/pages\/11452\/revisions\/16039"}],"wp:attachment":[{"href":"https:\/\/prototal.info\/no\/wp-json\/wp\/v2\/media?parent=11452"}],"curies":[{"name":"wp","href":"https:\/\/api.w.org\/{rel}","templated":true}]}}