{"id":11219,"date":"2025-12-12T08:44:19","date_gmt":"2025-12-12T07:44:19","guid":{"rendered":"https:\/\/prototal.info\/esg\/"},"modified":"2026-04-30T11:37:36","modified_gmt":"2026-04-30T09:37:36","slug":"esg","status":"publish","type":"page","link":"https:\/\/prototal.info\/no\/esg\/","title":{"rendered":"ESG"},"content":{"rendered":"\n<div class=\"wp-block-group alignfull has-light-blue-background-color has-background is-layout-constrained wp-container-core-group-is-layout-a47e864c wp-block-group-is-layout-constrained\" style=\"padding-top:var(--wp--preset--spacing--80);padding-right:var(--wp--preset--spacing--50);padding-bottom:var(--wp--preset--spacing--80);padding-left:var(--wp--preset--spacing--50)\"><div id=\"block_55c057fa1b9f6b30489a23fda070f02b\" class=\"prototal-subsite-hero alignwide\">\n    <div class=\"prototal-subsite-hero-inner\">\n        <div class=\"prototal-subsite-hero-left\">\n            <div class=\"acf-innerblocks-container\">\n\n<h1 class=\"wp-block-heading\" style=\"margin-top:0\">Ansvarlig produksjon. Industriell p\u00e5virkning. <\/h1>\n\n\n\n<p>Hos Prototal integrerer vi b\u00e6rekraft i kjernen av v\u00e5re additive produksjonsprosesser, slik at innovasjon og milj\u00f8hensyn g\u00e5r h\u00e5nd i h\u00e5nd.<\/p>\n\n\n\n<div class=\"wp-block-buttons is-layout-flex wp-block-buttons-is-layout-flex\">\n<div class=\"wp-block-button\"><a class=\"wp-block-button__link wp-element-button\" href=\"https:\/\/prototal.info\/app\/uploads\/2026\/03\/sustainability-report-2024.pdf\">Siste rapport om b\u00e6rekraft<\/a><\/div>\n<\/div>\n\n<\/div>\n        <\/div>\n        <div class=\"prototal-subsite-hero-right\">\n                            <figure class=\"large-image\">\n                    <img loading=\"lazy\" decoding=\"async\" width=\"1600\" height=\"1200\" src=\"https:\/\/prototal.info\/app\/uploads\/2025\/12\/sustainability_2.avif\" class=\"attachment-full size-full\" alt=\"\" srcset=\"https:\/\/prototal.info\/app\/uploads\/2025\/12\/sustainability_2.avif 1600w, https:\/\/prototal.info\/app\/uploads\/2025\/12\/sustainability_2-300x225.avif 300w, https:\/\/prototal.info\/app\/uploads\/2025\/12\/sustainability_2-1024x768.avif 1024w, https:\/\/prototal.info\/app\/uploads\/2025\/12\/sustainability_2-768x576.avif 768w, https:\/\/prototal.info\/app\/uploads\/2025\/12\/sustainability_2-1536x1152.avif 1536w\" sizes=\"auto, (max-width: 1600px) 100vw, 1600px\" \/>                <\/figure>\n                                        <figure class=\"small-image\">\n                    <img loading=\"lazy\" decoding=\"async\" width=\"800\" height=\"450\" src=\"https:\/\/prototal.info\/app\/uploads\/2025\/12\/16-9-proudtotal.avif\" class=\"attachment-full size-full not-transparent\" alt=\"\" srcset=\"https:\/\/prototal.info\/app\/uploads\/2025\/12\/16-9-proudtotal.avif 800w, https:\/\/prototal.info\/app\/uploads\/2025\/12\/16-9-proudtotal-300x169.avif 300w, https:\/\/prototal.info\/app\/uploads\/2025\/12\/16-9-proudtotal-768x432.avif 768w\" sizes=\"auto, (max-width: 800px) 100vw, 800px\" data-has-transparency=\"false\" data-dominant-color=\"ba8fa6\" style=\"--dominant-color: #ba8fa6;\" \/>                <\/figure>\n                    <\/div>\n    <\/div>\n<\/div>\n\n<\/div>\n\n<div style=\"height:175px\" aria-hidden=\"true\" class=\"wp-block-spacer\"><\/div>\n\n<div class=\"wp-block-group strategic-block is-layout-constrained wp-block-group-is-layout-constrained\">\n<div class=\"wp-block-columns alignwide is-layout-flex wp-container-core-columns-is-layout-14cf5ab5 wp-block-columns-is-layout-flex\">\n<div class=\"wp-block-column is-vertically-aligned-stretch is-layout-flow wp-block-column-is-layout-flow\">\n<h3 class=\"wp-block-heading\"><br\/><br\/>Sosialt og milj\u00f8messig forvalterskap<\/h3>\n\n\n\n<p>\u00c5 oppn\u00e5 en positiv nettoeffekt i v\u00e5r produksjon og forsyningskjede innen 2030.<\/p>\n\n\n\n<h4 class=\"wp-block-heading\">Strategiske m\u00e5l<\/h4>\n\n\n\n<ul class=\"wp-block-list\">\n<li>Karbonreduserte materialer: \u00d8kt bruk av biobaserte, resirkulerte og sk\u00e5nsomme polymerer<\/li>\n\n\n\n<li>Innkj\u00f8p av fornybar og fossilfri energi: Overgang til 100 % gr\u00f8nn energi i alle produksjonsanlegg<\/li>\n\n\n\n<li>Resirkulering av materialavfall: Implementering av sirkularitet ved \u00e5 gjenbruke produksjonsskrot og usintret pulver<\/li>\n\n\n\n<li>En trygg og ansvarlig leverand\u00f8rkjede: Sikre milj\u00f8messig og etisk etterlevelse fra alle leverand\u00f8rer i f\u00f8rste ledd<\/li>\n<\/ul>\n\n\n\n<div class=\"wp-block-group is-layout-constrained wp-block-group-is-layout-constrained\">\n<div class=\"wp-block-group is-layout-flex wp-container-core-group-is-layout-6b99030d wp-block-group-is-layout-flex\">\n<figure class=\"wp-block-image size-large is-resized\"><img decoding=\"async\" src=\"http:\/\/prototal.info\/app\/uploads\/2025\/10\/e_web_06-1024x1024.webp\" alt=\"\" class=\"wp-image-1979\" style=\"width:55px\"\/><\/figure>\n\n\n\n<figure class=\"wp-block-image size-large is-resized\"><img decoding=\"async\" src=\"http:\/\/prototal.info\/app\/uploads\/2025\/10\/e_web_07-1024x1024.webp\" alt=\"\" class=\"wp-image-1991\" style=\"width:55px\"\/><\/figure>\n\n\n\n<figure class=\"wp-block-image size-large is-resized\"><img decoding=\"async\" src=\"http:\/\/prototal.info\/app\/uploads\/2025\/10\/e_web_12-1024x1024.webp\" alt=\"\" class=\"wp-image-2045\" style=\"width:55px\"\/><\/figure>\n\n\n\n<figure class=\"wp-block-image size-large is-resized\"><img decoding=\"async\" src=\"http:\/\/prototal.info\/app\/uploads\/2025\/10\/e_web_13-1024x1024.webp\" alt=\"\" class=\"wp-image-1997\" style=\"width:55px\"\/><\/figure>\n\n\n\n<figure class=\"wp-block-image size-large is-resized\"><img decoding=\"async\" src=\"http:\/\/prototal.info\/app\/uploads\/2025\/10\/e_web_15-1024x1024.webp\" alt=\"\" class=\"wp-image-2009\" style=\"width:55px\"\/><\/figure>\n<\/div>\n<\/div>\n<\/div>\n\n\n\n<div class=\"wp-block-column is-vertically-aligned-stretch is-layout-flow wp-block-column-is-layout-flow\">\n<h3 class=\"wp-block-heading\"><br\/><br\/>Operasjonell ledelse og styring<\/h3>\n\n\n\n<p>Levering av nettopositive l\u00f8sninger som skaper en positiv effekt for v\u00e5re kunder, samfunnet og milj\u00f8et innen 2030.<\/p>\n\n\n\n<h4 class=\"wp-block-heading\">Strategiske m\u00e5l<\/h4>\n\n\n\n<ul class=\"wp-block-list\">\n<li>Motiverte, kompetente og selvstendige medarbeidere: kontinuerlig investering i menneskene som driver innovasjonen v\u00e5r<\/li>\n\n\n\n<li>Like muligheter for alle ansatte: Sikre en mangfoldig, inkluderende og rettferdig arbeidsplass p\u00e5 alle lokasjoner<\/li>\n\n\n\n<li>Et milj\u00f8 uten ulykker: Prioritering av fysisk og psykisk sikkerhet p\u00e5 alle fabrikkgulv<\/li>\n\n\n\n<li>En betrodd arbeidsgiver og partner med h\u00f8ye etiske standarder: Opprettholder \u00e5penhet, datasikkerhet og integritet i alle forretningsforhold<\/li>\n\n\n\n<li>Positiv innvirkning p\u00e5 lokalsamfunnene v\u00e5re og samfunnet som helhet: Bidra til lokal \u00f8konomisk vekst og industriell utdanning<\/li>\n<\/ul>\n\n\n\n<div class=\"wp-block-group is-layout-constrained wp-block-group-is-layout-constrained\">\n<div class=\"wp-block-group is-layout-flex wp-container-core-group-is-layout-6b99030d wp-block-group-is-layout-flex\">\n<figure class=\"wp-block-image size-large is-resized\"><img decoding=\"async\" src=\"http:\/\/prototal.info\/app\/uploads\/2025\/10\/e_web_03-1024x1024.webp\" alt=\"\" class=\"wp-image-1967\" style=\"width:55px\"\/><\/figure>\n\n\n\n<figure class=\"wp-block-image size-large is-resized\"><img decoding=\"async\" src=\"http:\/\/prototal.info\/app\/uploads\/2025\/10\/e_web_08-1024x1024.webp\" alt=\"\" class=\"wp-image-1985\" style=\"width:55px\"\/><\/figure>\n\n\n\n<figure class=\"wp-block-image size-large is-resized\"><img decoding=\"async\" src=\"http:\/\/prototal.info\/app\/uploads\/2025\/10\/e_web_09-1024x1024.webp\" alt=\"\" class=\"wp-image-2027\" style=\"width:55px\"\/><\/figure>\n\n\n\n<figure class=\"wp-block-image size-large is-resized\"><img decoding=\"async\" src=\"http:\/\/prototal.info\/app\/uploads\/2025\/10\/e_web_17-1024x1024.webp\" alt=\"\" class=\"wp-image-2021\" style=\"width:55px\"\/><\/figure>\n<\/div>\n<\/div>\n<\/div>\n<\/div>\n<\/div>\n\n<div style=\"height:200px\" aria-hidden=\"true\" class=\"wp-block-spacer\"><\/div>\n\n<div class=\"wp-block-group alignfull has-dark-blue-background-color has-background is-content-justification-center is-layout-constrained wp-container-core-group-is-layout-8cef36cf wp-block-group-is-layout-constrained\" style=\"padding-top:var(--wp--preset--spacing--80);padding-right:var(--wp--preset--spacing--80);padding-bottom:var(--wp--preset--spacing--80);padding-left:var(--wp--preset--spacing--80)\">\n<div class=\"wp-block-group alignwide is-content-justification-center is-layout-constrained wp-container-core-group-is-layout-500c7647 wp-block-group-is-layout-constrained\">\n<h2 class=\"wp-block-heading has-white-color has-text-color has-link-color wp-elements-abd02715fba8e4f6bed389a0a1466d6f\">M\u00e5ling av fremgangen v\u00e5r siden 2022<\/h2>\n\n\n\n<p class=\"has-white-color has-text-color has-link-color wp-elements-3fe3934ba8e54e4351d55be6a94933ad\">I Prototal mener vi at milj\u00f8- og samfunnsansvar m\u00e5 v\u00e6re m\u00e5lbart for \u00e5 gi mening. For \u00e5 sikre at vi holdes ansvarlige overfor v\u00e5re partnere og planeten, har vi publisert en \u00e5rlig b\u00e6rekraftsrapport siden 2022. Disse rapportene fungerer som en transparent oversikt over v\u00e5r reise mot en fremtid med lavere karbonutslipp og mer sirkul\u00e6r produksjon.  <\/p>\n\n\n\n<p class=\"has-white-color has-text-color has-link-color wp-elements-14f18041eef0add196a3d75089e59813\"><strong>Hva rapporteringen v\u00e5r dekker<\/strong><\/p>\n\n\n\n<ul class=\"wp-block-list has-white-color has-text-color has-link-color wp-elements-0f4735da238b13a3a723eef59ef9607d\">\n<li><strong>Analyse av karbonfotavtrykk<\/strong>: Sporing av Scope 1-, 2- og 3-utslipp p\u00e5 tvers av v\u00e5re anlegg i Storbritannia, Norge og Europa<\/li>\n\n\n\n<li><strong>Sirkul\u00e6re materialer<\/strong>: Data om oppdateringsgrad for pulver og milep\u00e6ler for avfallsreduksjon i prosessene v\u00e5re<\/li>\n\n\n\n<li><strong>Energiomlegging<\/strong>: Overv\u00e5ke overgangen til 100 % fornybare energikilder p\u00e5 alle v\u00e5re anlegg<\/li>\n\n\n\n<li><strong>Sosiale p\u00e5virkningsm\u00e5l<\/strong>: Her fremheves helse, sikkerhet og utvikling for v\u00e5re ansatte under Proudtotal-initiativet<\/li>\n<\/ul>\n\n\n\n<div class=\"wp-block-buttons is-layout-flex wp-block-buttons-is-layout-flex\">\n<div class=\"wp-block-button\"><a class=\"wp-block-button__link wp-element-button\" href=\"https:\/\/prototal.info\/app\/uploads\/2026\/01\/sustainability-report-2022.pdf\">Rapport om b\u00e6rekraft 2022<\/a><\/div>\n\n\n\n<div class=\"wp-block-button\"><a class=\"wp-block-button__link wp-element-button\" href=\"https:\/\/prototal.info\/app\/uploads\/2026\/01\/prototal_original_23.pdf\">Rapport om b\u00e6rekraft 2023<\/a><\/div>\n\n\n\n<div class=\"wp-block-button\"><a class=\"wp-block-button__link wp-element-button\" href=\"https:\/\/prototal.info\/app\/uploads\/2026\/03\/sustainability-report-2024.pdf\">Rapport om b\u00e6rekraft 2024<\/a><\/div>\n<\/div>\n<\/div>\n<\/div>\n\n<div style=\"height:200px\" aria-hidden=\"true\" class=\"wp-block-spacer\"><\/div>\n\n<div class=\"wp-block-group alignfull is-layout-constrained wp-block-group-is-layout-constrained\"><div id=\"block_98a3fac809bba8892bd1a94f501cef0d\" class=\"quote-carousel alignwide\">\n    <div class=\"quote-carousel-wrapper swiper bg-light\" style=\"background-color: #f5fbff;\" data-carousel-id=\"block_98a3fac809bba8892bd1a94f501cef0d\">\n        <div class=\"swiper-wrapper\">\n                            <div class=\"swiper-slide\">\n                   \n                        <div class=\"quote-column text-dark\">\n                            \n                                                            <h2 class=\"quote-title\">Der presisjonsteknikk m\u00f8ter en kultur som setter mennesket f\u00f8rst<\/h2>\n                                                        \n                                                            <div class=\"quote-text\">\n                                    <p data-path-to-node=\"4\">I Prototal har vi som m\u00e5l \u00e5 v\u00e6re den foretrukne arbeidsgiveren i v\u00e5r bransje. Vi kaller dette engasjementet Proudtotal, v\u00e5rt l\u00f8fte om \u00e5 tilby en arbeidsplass der hver enkelt kan trives, innovere og vokse. For oss er fremragende ingeni\u00f8rarbeid umulig uten fremragende arbeidsmilj\u00f8.  <\/p>\n<p data-path-to-node=\"5\">Vi s\u00f8rger for at teamene v\u00e5re arbeider p\u00e5 anlegg som oppfyller de h\u00f8yeste globale standardene for helse og sikkerhet. Ved \u00e5 bruke tariffavtaler (eller tilsvarende) som utgangspunkt sikrer vi et solid grunnlag for rettferdige arbeidsforhold, retten til \u00e5 organisere seg og en streng nulltoleranse mot tvangsarbeid og barnearbeid. <\/p>\n                                <\/div>\n                                                    <\/div>\n                        \n                        <div class=\"image-column\">\n                            \n                                                            <figure>\n                                    <img loading=\"lazy\" decoding=\"async\" width=\"1600\" height=\"1200\" src=\"https:\/\/prototal.info\/app\/uploads\/2025\/12\/proudtotal-logo-wall-art-norway.avif\" class=\"attachment-full size-full\" alt=\"\" srcset=\"https:\/\/prototal.info\/app\/uploads\/2025\/12\/proudtotal-logo-wall-art-norway.avif 1600w, https:\/\/prototal.info\/app\/uploads\/2025\/12\/proudtotal-logo-wall-art-norway-300x225.avif 300w, https:\/\/prototal.info\/app\/uploads\/2025\/12\/proudtotal-logo-wall-art-norway-1024x768.avif 1024w, https:\/\/prototal.info\/app\/uploads\/2025\/12\/proudtotal-logo-wall-art-norway-768x576.avif 768w, https:\/\/prototal.info\/app\/uploads\/2025\/12\/proudtotal-logo-wall-art-norway-1536x1152.avif 1536w\" sizes=\"auto, (max-width: 1600px) 100vw, 1600px\" \/>                                <\/figure>\n                                                    <\/div>\n              \n                <\/div>\n                        <\/div>\n        \n        <div class=\"swiper-button-next\"><\/div>\n        <div class=\"swiper-button-prev\"><\/div>\n    <\/div>\n    <\/div>\n\n<\/div>\n\n<div style=\"height:200px\" aria-hidden=\"true\" class=\"wp-block-spacer\"><\/div>\n\n<p><\/p>\n","protected":false},"excerpt":{"rendered":"<p>Sosialt og milj\u00f8messig forvalterskap \u00c5 oppn\u00e5 en positiv nettoeffekt i v\u00e5r produksjon og forsyningskjede innen 2030. Strategiske m\u00e5l Operasjonell ledelse og styring Levering av nettopositive l\u00f8sninger som skaper en positiv effekt for v\u00e5re kunder, samfunnet og milj\u00f8et innen 2030. Strategiske m\u00e5l M\u00e5ling av fremgangen v\u00e5r siden 2022 I Prototal mener vi at milj\u00f8- og samfunnsansvar [&hellip;]<\/p>\n","protected":false},"author":5,"featured_media":3346,"parent":0,"menu_order":0,"comment_status":"closed","ping_status":"closed","template":"","meta":{"_acf_changed":false,"inline_featured_image":false,"footnotes":""},"class_list":["post-11219","page","type-page","status-publish","has-post-thumbnail","hentry"],"acf":[],"yoast_head":"<!-- This site is optimized with the Yoast SEO plugin v27.5 - https:\/\/yoast.com\/product\/yoast-seo-wordpress\/ -->\n<title>ESG | Future of Manufacturing | Prototal<\/title>\n<meta name=\"description\" content=\"Utforsk hvordan Prototal driver fremgang innen industriell produktion gjennom additiv produksjon, sirkul\u00e6re materialvalg og sosialt ansvar. Les v\u00e5r ESG-rapport.\" \/>\n<meta name=\"robots\" content=\"index, follow, max-snippet:-1, max-image-preview:large, max-video-preview:-1\" \/>\n<link rel=\"canonical\" href=\"https:\/\/prototal.info\/no\/esg\/\" \/>\n<meta property=\"og:locale\" content=\"nb_NO\" \/>\n<meta property=\"og:type\" content=\"article\" \/>\n<meta property=\"og:title\" content=\"ESG | Future of Manufacturing | Prototal\" \/>\n<meta property=\"og:description\" content=\"Utforsk hvordan Prototal driver fremgang innen industriell produktion gjennom additiv produksjon, sirkul\u00e6re materialvalg og sosialt ansvar. Les v\u00e5r ESG-rapport.\" \/>\n<meta property=\"og:url\" content=\"https:\/\/prototal.info\/no\/esg\/\" \/>\n<meta property=\"og:site_name\" content=\"Prototal\" \/>\n<meta property=\"article:modified_time\" content=\"2026-04-30T09:37:36+00:00\" \/>\n<meta name=\"twitter:card\" content=\"summary_large_image\" \/>\n<meta name=\"twitter:label1\" content=\"Est. reading time\" \/>\n\t<meta name=\"twitter:data1\" content=\"2 minutes\" \/>\n<script type=\"application\/ld+json\" class=\"yoast-schema-graph\">{\n\t    \"@context\": \"https:\\\/\\\/schema.org\",\n\t    \"@graph\": [\n\t        {\n\t            \"@type\": \"WebPage\",\n\t            \"@id\": \"https:\\\/\\\/prototal.info\\\/no\\\/esg\\\/\",\n\t            \"url\": \"https:\\\/\\\/prototal.info\\\/no\\\/esg\\\/\",\n\t            \"name\": \"ESG | Future of Manufacturing | Prototal\",\n\t            \"isPartOf\": {\n\t                \"@id\": \"https:\\\/\\\/prototal.info\\\/no\\\/#website\"\n\t            },\n\t            \"primaryImageOfPage\": {\n\t                \"@id\": \"https:\\\/\\\/prototal.info\\\/no\\\/esg\\\/#primaryimage\"\n\t            },\n\t            \"image\": {\n\t                \"@id\": \"https:\\\/\\\/prototal.info\\\/no\\\/esg\\\/#primaryimage\"\n\t            },\n\t            \"thumbnailUrl\": \"https:\\\/\\\/prototal.info\\\/app\\\/uploads\\\/2025\\\/12\\\/proudtotal-logo-wall-art-norway.avif\",\n\t            \"datePublished\": \"2025-12-12T07:44:19+00:00\",\n\t            \"dateModified\": \"2026-04-30T09:37:36+00:00\",\n\t            \"description\": \"Utforsk hvordan Prototal driver fremgang innen industriell produktion gjennom additiv produksjon, sirkul\u00e6re materialvalg og sosialt ansvar. Les v\u00e5r ESG-rapport.\",\n\t            \"breadcrumb\": {\n\t                \"@id\": \"https:\\\/\\\/prototal.info\\\/no\\\/esg\\\/#breadcrumb\"\n\t            },\n\t            \"inLanguage\": \"nb-NO\",\n\t            \"potentialAction\": [\n\t                {\n\t                    \"@type\": \"ReadAction\",\n\t                    \"target\": [\n\t                        \"https:\\\/\\\/prototal.info\\\/no\\\/esg\\\/\"\n\t                    ]\n\t                }\n\t            ]\n\t        },\n\t        {\n\t            \"@type\": \"ImageObject\",\n\t            \"inLanguage\": \"nb-NO\",\n\t            \"@id\": \"https:\\\/\\\/prototal.info\\\/no\\\/esg\\\/#primaryimage\",\n\t            \"url\": \"https:\\\/\\\/prototal.info\\\/app\\\/uploads\\\/2025\\\/12\\\/proudtotal-logo-wall-art-norway.avif\",\n\t            \"contentUrl\": \"https:\\\/\\\/prototal.info\\\/app\\\/uploads\\\/2025\\\/12\\\/proudtotal-logo-wall-art-norway.avif\",\n\t            \"width\": 1600,\n\t            \"height\": 1200\n\t        },\n\t        {\n\t            \"@type\": \"BreadcrumbList\",\n\t            \"@id\": \"https:\\\/\\\/prototal.info\\\/no\\\/esg\\\/#breadcrumb\",\n\t            \"itemListElement\": [\n\t                {\n\t                    \"@type\": \"ListItem\",\n\t                    \"position\": 1,\n\t                    \"name\": \"Home\",\n\t                    \"item\": \"https:\\\/\\\/prototal.info\\\/no\\\/\"\n\t                },\n\t                {\n\t                    \"@type\": \"ListItem\",\n\t                    \"position\": 2,\n\t                    \"name\": \"ESG\"\n\t                }\n\t            ]\n\t        },\n\t        {\n\t            \"@type\": \"WebSite\",\n\t            \"@id\": \"https:\\\/\\\/prototal.info\\\/no\\\/#website\",\n\t            \"url\": \"https:\\\/\\\/prototal.info\\\/no\\\/\",\n\t            \"name\": \"Prototal\",\n\t            \"description\": \"From one to one million\",\n\t            \"publisher\": {\n\t                \"@id\": \"https:\\\/\\\/prototal.info\\\/no\\\/#organization\"\n\t            },\n\t            \"potentialAction\": [\n\t                {\n\t                    \"@type\": \"SearchAction\",\n\t                    \"target\": {\n\t                        \"@type\": \"EntryPoint\",\n\t                        \"urlTemplate\": \"https:\\\/\\\/prototal.info\\\/no\\\/?s={search_term_string}\"\n\t                    },\n\t                    \"query-input\": {\n\t                        \"@type\": \"PropertyValueSpecification\",\n\t                        \"valueRequired\": true,\n\t                        \"valueName\": \"search_term_string\"\n\t                    }\n\t                }\n\t            ],\n\t            \"inLanguage\": \"nb-NO\"\n\t        },\n\t        {\n\t            \"@type\": \"Organization\",\n\t            \"@id\": \"https:\\\/\\\/prototal.info\\\/no\\\/#organization\",\n\t            \"name\": \"Prototal\",\n\t            \"url\": \"https:\\\/\\\/prototal.info\\\/no\\\/\",\n\t            \"logo\": {\n\t                \"@type\": \"ImageObject\",\n\t                \"inLanguage\": \"nb-NO\",\n\t                \"@id\": \"https:\\\/\\\/prototal.info\\\/no\\\/#\\\/schema\\\/logo\\\/image\\\/\",\n\t                \"url\": \"https:\\\/\\\/prototal.info\\\/app\\\/uploads\\\/2026\\\/03\\\/yoast-seo-default-logo.avif\",\n\t                \"contentUrl\": \"https:\\\/\\\/prototal.info\\\/app\\\/uploads\\\/2026\\\/03\\\/yoast-seo-default-logo.avif\",\n\t                \"width\": 696,\n\t                \"height\": 696,\n\t                \"caption\": \"Prototal\"\n\t            },\n\t            \"image\": {\n\t                \"@id\": \"https:\\\/\\\/prototal.info\\\/no\\\/#\\\/schema\\\/logo\\\/image\\\/\"\n\t            }\n\t        }\n\t    ]\n\t}<\/script>\n<!-- \/ Yoast SEO plugin. -->","yoast_head_json":{"title":"ESG | Future of Manufacturing | Prototal","description":"Utforsk hvordan Prototal driver fremgang innen industriell produktion gjennom additiv produksjon, sirkul\u00e6re materialvalg og sosialt ansvar. Les v\u00e5r ESG-rapport.","robots":{"index":"index","follow":"follow","max-snippet":"max-snippet:-1","max-image-preview":"max-image-preview:large","max-video-preview":"max-video-preview:-1"},"canonical":"https:\/\/prototal.info\/no\/esg\/","og_locale":"nb_NO","og_type":"article","og_title":"ESG | Future of Manufacturing | Prototal","og_description":"Utforsk hvordan Prototal driver fremgang innen industriell produktion gjennom additiv produksjon, sirkul\u00e6re materialvalg og sosialt ansvar. Les v\u00e5r ESG-rapport.","og_url":"https:\/\/prototal.info\/no\/esg\/","og_site_name":"Prototal","article_modified_time":"2026-04-30T09:37:36+00:00","twitter_card":"summary_large_image","twitter_misc":{"Est. reading time":"2 minutes"},"schema":{"@context":"https:\/\/schema.org","@graph":[{"@type":"WebPage","@id":"https:\/\/prototal.info\/no\/esg\/","url":"https:\/\/prototal.info\/no\/esg\/","name":"ESG | Future of Manufacturing | Prototal","isPartOf":{"@id":"https:\/\/prototal.info\/no\/#website"},"primaryImageOfPage":{"@id":"https:\/\/prototal.info\/no\/esg\/#primaryimage"},"image":{"@id":"https:\/\/prototal.info\/no\/esg\/#primaryimage"},"thumbnailUrl":"https:\/\/prototal.info\/app\/uploads\/2025\/12\/proudtotal-logo-wall-art-norway.avif","datePublished":"2025-12-12T07:44:19+00:00","dateModified":"2026-04-30T09:37:36+00:00","description":"Utforsk hvordan Prototal driver fremgang innen industriell produktion gjennom additiv produksjon, sirkul\u00e6re materialvalg og sosialt ansvar. Les v\u00e5r ESG-rapport.","breadcrumb":{"@id":"https:\/\/prototal.info\/no\/esg\/#breadcrumb"},"inLanguage":"nb-NO","potentialAction":[{"@type":"ReadAction","target":["https:\/\/prototal.info\/no\/esg\/"]}]},{"@type":"ImageObject","inLanguage":"nb-NO","@id":"https:\/\/prototal.info\/no\/esg\/#primaryimage","url":"https:\/\/prototal.info\/app\/uploads\/2025\/12\/proudtotal-logo-wall-art-norway.avif","contentUrl":"https:\/\/prototal.info\/app\/uploads\/2025\/12\/proudtotal-logo-wall-art-norway.avif","width":1600,"height":1200},{"@type":"BreadcrumbList","@id":"https:\/\/prototal.info\/no\/esg\/#breadcrumb","itemListElement":[{"@type":"ListItem","position":1,"name":"Home","item":"https:\/\/prototal.info\/no\/"},{"@type":"ListItem","position":2,"name":"ESG"}]},{"@type":"WebSite","@id":"https:\/\/prototal.info\/no\/#website","url":"https:\/\/prototal.info\/no\/","name":"Prototal","description":"From one to one million","publisher":{"@id":"https:\/\/prototal.info\/no\/#organization"},"potentialAction":[{"@type":"SearchAction","target":{"@type":"EntryPoint","urlTemplate":"https:\/\/prototal.info\/no\/?s={search_term_string}"},"query-input":{"@type":"PropertyValueSpecification","valueRequired":true,"valueName":"search_term_string"}}],"inLanguage":"nb-NO"},{"@type":"Organization","@id":"https:\/\/prototal.info\/no\/#organization","name":"Prototal","url":"https:\/\/prototal.info\/no\/","logo":{"@type":"ImageObject","inLanguage":"nb-NO","@id":"https:\/\/prototal.info\/no\/#\/schema\/logo\/image\/","url":"https:\/\/prototal.info\/app\/uploads\/2026\/03\/yoast-seo-default-logo.avif","contentUrl":"https:\/\/prototal.info\/app\/uploads\/2026\/03\/yoast-seo-default-logo.avif","width":696,"height":696,"caption":"Prototal"},"image":{"@id":"https:\/\/prototal.info\/no\/#\/schema\/logo\/image\/"}}]}},"_links":{"self":[{"href":"https:\/\/prototal.info\/no\/wp-json\/wp\/v2\/pages\/11219","targetHints":{"allow":["GET"]}}],"collection":[{"href":"https:\/\/prototal.info\/no\/wp-json\/wp\/v2\/pages"}],"about":[{"href":"https:\/\/prototal.info\/no\/wp-json\/wp\/v2\/types\/page"}],"author":[{"embeddable":true,"href":"https:\/\/prototal.info\/no\/wp-json\/wp\/v2\/users\/5"}],"replies":[{"embeddable":true,"href":"https:\/\/prototal.info\/no\/wp-json\/wp\/v2\/comments?post=11219"}],"version-history":[{"count":9,"href":"https:\/\/prototal.info\/no\/wp-json\/wp\/v2\/pages\/11219\/revisions"}],"predecessor-version":[{"id":19986,"href":"https:\/\/prototal.info\/no\/wp-json\/wp\/v2\/pages\/11219\/revisions\/19986"}],"wp:featuredmedia":[{"embeddable":true,"href":"https:\/\/prototal.info\/no\/wp-json\/wp\/v2\/media\/3346"}],"wp:attachment":[{"href":"https:\/\/prototal.info\/no\/wp-json\/wp\/v2\/media?parent=11219"}],"curies":[{"name":"wp","href":"https:\/\/api.w.org\/{rel}","templated":true}]}}