{"id":11447,"date":"2025-12-05T12:51:49","date_gmt":"2025-12-05T11:51:49","guid":{"rendered":"https:\/\/prototal.info\/termini-di-servizio\/"},"modified":"2026-03-18T20:58:25","modified_gmt":"2026-03-18T19:58:25","slug":"termini-servizio","status":"publish","type":"page","link":"https:\/\/prototal.info\/it\/termini-servizio\/","title":{"rendered":"Termini di servizio"},"content":{"rendered":"\n<div class=\"wp-block-group is-content-justification-center is-layout-constrained wp-container-core-group-is-layout-da99a3d4 wp-block-group-is-layout-constrained\">\n<h2 class=\"wp-block-heading\">Termini di servizio<\/h2>\n\n\n\n<p class=\"has-small-font-size\"><em>I nostri Termini di servizio sono stati aggiornati l&#8217;ultima volta il 1\u00b0 dicembre 2025.<\/em><\/p>\n\n\n\n<p>Accedendo o utilizzando il sito web di Prototal (&#8220;noi&#8221;, &#8220;nostro&#8221; o &#8220;ci&#8221;) prototal.info (il &#8220;Sito&#8221;) o qualsiasi servizio fornito attraverso di esso (collettivamente, i &#8220;Servizi&#8221;), accetti di rispettare e di essere vincolato dai presenti Termini di Servizio (&#8220;Termini&#8221;). Se non accetti i presenti Termini, ti invitiamo a non utilizzare il Sito o i Servizi. <\/p>\n\n\n\n<h3 class=\"wp-block-heading\">Accettazione e modifiche dei termini<\/h3>\n\n\n\n<p>Utilizzando il nostro Sito o i nostri Servizi, l&#8217;utente conferma di avere almeno 18 anni (o la maggiore et\u00e0 nella propria giurisdizione) e di essere legalmente in grado di sottoscrivere i presenti Termini. Possiamo aggiornare i presenti Termini di tanto in tanto. La versione pi\u00f9 recente sar\u00e0 sempre pubblicata su questa pagina con la data &#8220;Ultimo aggiornamento&#8221; in fondo alla pagina. L&#8217;uso continuato del Sito o dei Servizi implica l&#8217;accettazione di qualsiasi modifica.   <\/p>\n\n\n\n<h3 class=\"wp-block-heading\">Utilizzo dei servizi<\/h3>\n\n\n\n<p>L&#8217;utente accetta di:<\/p>\n\n\n\n<ul class=\"wp-block-list\">\n<li>Utilizzare il Sito e i Servizi nel rispetto delle leggi e dei regolamenti vigenti.<\/li>\n\n\n\n<li>Fornire informazioni accurate e aggiornate quando richiesto.<\/li>\n\n\n\n<li>Non utilizzare in modo improprio il Sito o tentare di accedervi in modo non autorizzato.<\/li>\n<\/ul>\n\n\n\n<p>L&#8217;utente accetta di non:<\/p>\n\n\n\n<ul class=\"wp-block-list\">\n<li>Tentare di interferire con il funzionamento del Sito, dei server o delle reti.<\/li>\n<\/ul>\n\n\n\n<h3 class=\"wp-block-heading\">Propriet\u00e0 intellettuale<\/h3>\n\n\n\n<p>Tutti i contenuti, i marchi, i loghi, i disegni, i testi, le immagini e il software presenti sul Sito sono di propriet\u00e0 di Prototal e sono protetti da copyright, marchi e altre leggi sulla propriet\u00e0 intellettuale. L&#8217;utente non pu\u00f2 riprodurre, distribuire o utilizzare alcun contenuto senza espressa autorizzazione scritta. <\/p>\n\n\n\n<h3 class=\"wp-block-heading\">Privacy<\/h3>\n\n\n\n<p>L&#8217;utilizzo del Sito da parte dell&#8217;utente \u00e8 regolato anche dalla nostra Informativa sulla privacy, che spiega come raccogliamo, utilizziamo e proteggiamo i dati personali dell&#8217;utente.<\/p>\n\n\n\n<h3 class=\"wp-block-heading\">Link di terze parti<\/h3>\n\n\n\n<p>Il nostro Sito contiene link a siti web di terzi. Non siamo responsabili del contenuto, delle politiche o delle pratiche di queste terze parti. L&#8217;accesso a siti web di terzi \u00e8 a rischio dell&#8217;utente.  <\/p>\n\n\n\n<h3 class=\"wp-block-heading\">Sistemi automatizzati, AI e robot<\/h3>\n\n\n\n<ul class=\"wp-block-list\">\n<li>Alcune funzioni del nostro Sito o dei nostri Servizi possono utilizzare strumenti automatizzati, IA o chatbot per assistere gli utenti.<\/li>\n\n\n\n<li>Sebbene ci sforziamo di garantire l&#8217;accuratezza, i sistemi automatici possono occasionalmente fornire informazioni incomplete o imperfette.<\/li>\n\n\n\n<li>Gli utenti sono responsabili della verifica di tutte le informazioni critiche ottenute tramite sistemi automatici.<\/li>\n\n\n\n<li>L&#8217;uso delle funzioni di AI \u00e8 soggetto agli stessi Termini di servizio e all&#8217;Informativa sulla privacy del resto del Sito.<\/li>\n\n\n\n<li>Gli strumenti automatici, i bot o gli script possono accedere al nostro sito web solo in modo conforme alle leggi vigenti e ai presenti Termini.<\/li>\n\n\n\n<li>Il crawling, lo scraping o l&#8217;estrazione di dati non autorizzati dal sito sono severamente vietati.<\/li>\n\n\n\n<li>Possiamo utilizzare strumenti automatizzati, IA o robot per gestire, monitorare o migliorare il sito web e i Servizi.<\/li>\n\n\n\n<li>L&#8217;uso delle funzioni di IA su questo Sito ha lo scopo di assistere gli utenti. Non siamo responsabili di eventuali imprecisioni o limitazioni dei contenuti generati dall&#8217;intelligenza artificiale. <\/li>\n<\/ul>\n\n\n\n<h3 class=\"wp-block-heading\">Esclusioni di responsabilit\u00e0<\/h3>\n\n\n\n<p>Il Sito e i Servizi sono forniti &#8220;cos\u00ec come sono&#8221; e &#8220;come disponibili&#8221;. Non garantiamo che il Sito sia ininterrotto o privo di errori. <\/p>\n\n\n\n<h3 class=\"wp-block-heading\">Scheda tecnica del materiale Disclaimer<\/h3>\n\n\n\n<p>Le specifiche dei materiali fornite in questo sito web provengono dai rispettivi produttori di apparecchiature originali (OEM). Sebbene ci sforziamo di garantire che le informazioni siano accurate e aggiornate, Prototal non garantisce la completezza, la correttezza o l&#8217;idoneit\u00e0 di queste specifiche per qualsiasi scopo particolare. <\/p>\n\n\n\n<p>Gli utenti sono tenuti a verificare tutte le informazioni critiche direttamente con l&#8217;OEM prima di utilizzarle in produzione o di prendere decisioni di progettazione. Accedendo o utilizzando questi fogli di specifiche, l&#8217;utente riconosce che Prototal non \u00e8 responsabile di eventuali errori, omissioni o modifiche nei dati forniti dal produttore. <\/p>\n\n\n\n<p>Ove disponibile, ti forniremo sempre i link alla documentazione ufficiale dell&#8217;OEM per poterla consultare.<\/p>\n\n\n\n<h3 class=\"wp-block-heading\">Informazioni di contatto<\/h3>\n\n\n\n<p>Per domande o dubbi sui presenti Termini, contattaci all&#8217;indirizzo marketing@prototalgroup.com.<\/p>\n<\/div>\n\n<div style=\"height:200px\" aria-hidden=\"true\" class=\"wp-block-spacer\"><\/div>\n","protected":false},"excerpt":{"rendered":"<p>Termini di servizio I nostri Termini di servizio sono stati aggiornati l&#8217;ultima volta il 1\u00b0 dicembre 2025. Accedendo o utilizzando il sito web di Prototal (&#8220;noi&#8221;, &#8220;nostro&#8221; o &#8220;ci&#8221;) prototal.info (il &#8220;Sito&#8221;) o qualsiasi servizio fornito attraverso di esso (collettivamente, i &#8220;Servizi&#8221;), accetti di rispettare e di essere vincolato dai presenti Termini di Servizio (&#8220;Termini&#8221;). [&hellip;]<\/p>\n","protected":false},"author":5,"featured_media":0,"parent":0,"menu_order":0,"comment_status":"closed","ping_status":"closed","template":"","meta":{"_acf_changed":false,"inline_featured_image":false,"footnotes":""},"class_list":["post-11447","page","type-page","status-publish","hentry"],"acf":[],"yoast_head":"<!-- This site is optimized with the Yoast SEO plugin v27.2 - https:\/\/yoast.com\/product\/yoast-seo-wordpress\/ -->\n<title>Termini di servizio | Prototal<\/title>\n<meta name=\"robots\" content=\"index, follow, max-snippet:-1, max-image-preview:large, max-video-preview:-1\" \/>\n<link rel=\"canonical\" href=\"https:\/\/prototal.info\/it\/termini-servizio\/\" \/>\n<meta property=\"og:locale\" content=\"it_IT\" \/>\n<meta property=\"og:type\" content=\"article\" \/>\n<meta property=\"og:title\" content=\"Termini di servizio | Prototal\" \/>\n<meta property=\"og:description\" content=\"Termini di servizio I nostri Termini di servizio sono stati aggiornati l&#8217;ultima volta il 1\u00b0 dicembre 2025. Accedendo o utilizzando il sito web di Prototal (&#8220;noi&#8221;, &#8220;nostro&#8221; o &#8220;ci&#8221;) prototal.info (il &#8220;Sito&#8221;) o qualsiasi servizio fornito attraverso di esso (collettivamente, i &#8220;Servizi&#8221;), accetti di rispettare e di essere vincolato dai presenti Termini di Servizio (&#8220;Termini&#8221;). [&hellip;]\" \/>\n<meta property=\"og:url\" content=\"https:\/\/prototal.info\/it\/termini-servizio\/\" \/>\n<meta property=\"og:site_name\" content=\"Prototal\" \/>\n<meta property=\"article:modified_time\" content=\"2026-03-18T19:58:25+00:00\" \/>\n<meta name=\"twitter:card\" content=\"summary_large_image\" \/>\n<meta name=\"twitter:label1\" content=\"Est. reading time\" \/>\n\t<meta name=\"twitter:data1\" content=\"3 minutes\" \/>\n<script type=\"application\/ld+json\" class=\"yoast-schema-graph\">{\n\t    \"@context\": \"https:\/\/schema.org\",\n\t    \"@graph\": [\n\t        {\n\t            \"@type\": \"WebPage\",\n\t            \"@id\": \"https:\/\/prototal.info\/it\/termini-servizio\/\",\n\t            \"url\": \"https:\/\/prototal.info\/it\/termini-servizio\/\",\n\t            \"name\": \"Termini di servizio | Prototal\",\n\t            \"isPartOf\": {\n\t                \"@id\": \"https:\/\/prototal.info\/it\/#website\"\n\t            },\n\t            \"datePublished\": \"2025-12-05T11:51:49+00:00\",\n\t            \"dateModified\": \"2026-03-18T19:58:25+00:00\",\n\t            \"breadcrumb\": {\n\t                \"@id\": \"https:\/\/prototal.info\/it\/termini-servizio\/#breadcrumb\"\n\t            },\n\t            \"inLanguage\": \"it-IT\",\n\t            \"potentialAction\": [\n\t                {\n\t                    \"@type\": \"ReadAction\",\n\t                    \"target\": [\n\t                        \"https:\/\/prototal.info\/it\/termini-servizio\/\"\n\t                    ]\n\t                }\n\t            ]\n\t        },\n\t        {\n\t            \"@type\": \"BreadcrumbList\",\n\t            \"@id\": \"https:\/\/prototal.info\/it\/termini-servizio\/#breadcrumb\",\n\t            \"itemListElement\": [\n\t                {\n\t                    \"@type\": \"ListItem\",\n\t                    \"position\": 1,\n\t                    \"name\": \"Home\",\n\t                    \"item\": \"https:\/\/prototal.info\/it\/\"\n\t                },\n\t                {\n\t                    \"@type\": \"ListItem\",\n\t                    \"position\": 2,\n\t                    \"name\": \"Termini di servizio\"\n\t                }\n\t            ]\n\t        },\n\t        {\n\t            \"@type\": \"WebSite\",\n\t            \"@id\": \"https:\/\/prototal.info\/it\/#website\",\n\t            \"url\": \"https:\/\/prototal.info\/it\/\",\n\t            \"name\": \"Prototal\",\n\t            \"description\": \"From one to one million\",\n\t            \"publisher\": {\n\t                \"@id\": \"https:\/\/prototal.info\/it\/#organization\"\n\t            },\n\t            \"potentialAction\": [\n\t                {\n\t                    \"@type\": \"SearchAction\",\n\t                    \"target\": {\n\t                        \"@type\": \"EntryPoint\",\n\t                        \"urlTemplate\": \"https:\/\/prototal.info\/it\/?s={search_term_string}\"\n\t                    },\n\t                    \"query-input\": {\n\t                        \"@type\": \"PropertyValueSpecification\",\n\t                        \"valueRequired\": true,\n\t                        \"valueName\": \"search_term_string\"\n\t                    }\n\t                }\n\t            ],\n\t            \"inLanguage\": \"it-IT\"\n\t        },\n\t        {\n\t            \"@type\": \"Organization\",\n\t            \"@id\": \"https:\/\/prototal.info\/it\/#organization\",\n\t            \"name\": \"Prototal\",\n\t            \"url\": \"https:\/\/prototal.info\/it\/\",\n\t            \"logo\": {\n\t                \"@type\": \"ImageObject\",\n\t                \"inLanguage\": \"it-IT\",\n\t                \"@id\": \"https:\/\/prototal.info\/it\/#\/schema\/logo\/image\/\",\n\t                \"url\": \"https:\/\/prototal.info\/app\/uploads\/2026\/03\/yoast-seo-default-logo.avif\",\n\t                \"contentUrl\": \"https:\/\/prototal.info\/app\/uploads\/2026\/03\/yoast-seo-default-logo.avif\",\n\t                \"width\": 696,\n\t                \"height\": 696,\n\t                \"caption\": \"Prototal\"\n\t            },\n\t            \"image\": {\n\t                \"@id\": \"https:\/\/prototal.info\/it\/#\/schema\/logo\/image\/\"\n\t            }\n\t        }\n\t    ]\n\t}<\/script>\n<!-- \/ Yoast SEO plugin. -->","yoast_head_json":{"title":"Termini di servizio | Prototal","robots":{"index":"index","follow":"follow","max-snippet":"max-snippet:-1","max-image-preview":"max-image-preview:large","max-video-preview":"max-video-preview:-1"},"canonical":"https:\/\/prototal.info\/it\/termini-servizio\/","og_locale":"it_IT","og_type":"article","og_title":"Termini di servizio | Prototal","og_description":"Termini di servizio I nostri Termini di servizio sono stati aggiornati l&#8217;ultima volta il 1\u00b0 dicembre 2025. Accedendo o utilizzando il sito web di Prototal (&#8220;noi&#8221;, &#8220;nostro&#8221; o &#8220;ci&#8221;) prototal.info (il &#8220;Sito&#8221;) o qualsiasi servizio fornito attraverso di esso (collettivamente, i &#8220;Servizi&#8221;), accetti di rispettare e di essere vincolato dai presenti Termini di Servizio (&#8220;Termini&#8221;). [&hellip;]","og_url":"https:\/\/prototal.info\/it\/termini-servizio\/","og_site_name":"Prototal","article_modified_time":"2026-03-18T19:58:25+00:00","twitter_card":"summary_large_image","twitter_misc":{"Est. reading time":"3 minutes"},"schema":{"@context":"https:\/\/schema.org","@graph":[{"@type":"WebPage","@id":"https:\/\/prototal.info\/it\/termini-servizio\/","url":"https:\/\/prototal.info\/it\/termini-servizio\/","name":"Termini di servizio | Prototal","isPartOf":{"@id":"https:\/\/prototal.info\/it\/#website"},"datePublished":"2025-12-05T11:51:49+00:00","dateModified":"2026-03-18T19:58:25+00:00","breadcrumb":{"@id":"https:\/\/prototal.info\/it\/termini-servizio\/#breadcrumb"},"inLanguage":"it-IT","potentialAction":[{"@type":"ReadAction","target":["https:\/\/prototal.info\/it\/termini-servizio\/"]}]},{"@type":"BreadcrumbList","@id":"https:\/\/prototal.info\/it\/termini-servizio\/#breadcrumb","itemListElement":[{"@type":"ListItem","position":1,"name":"Home","item":"https:\/\/prototal.info\/it\/"},{"@type":"ListItem","position":2,"name":"Termini di servizio"}]},{"@type":"WebSite","@id":"https:\/\/prototal.info\/it\/#website","url":"https:\/\/prototal.info\/it\/","name":"Prototal","description":"From one to one million","publisher":{"@id":"https:\/\/prototal.info\/it\/#organization"},"potentialAction":[{"@type":"SearchAction","target":{"@type":"EntryPoint","urlTemplate":"https:\/\/prototal.info\/it\/?s={search_term_string}"},"query-input":{"@type":"PropertyValueSpecification","valueRequired":true,"valueName":"search_term_string"}}],"inLanguage":"it-IT"},{"@type":"Organization","@id":"https:\/\/prototal.info\/it\/#organization","name":"Prototal","url":"https:\/\/prototal.info\/it\/","logo":{"@type":"ImageObject","inLanguage":"it-IT","@id":"https:\/\/prototal.info\/it\/#\/schema\/logo\/image\/","url":"https:\/\/prototal.info\/app\/uploads\/2026\/03\/yoast-seo-default-logo.avif","contentUrl":"https:\/\/prototal.info\/app\/uploads\/2026\/03\/yoast-seo-default-logo.avif","width":696,"height":696,"caption":"Prototal"},"image":{"@id":"https:\/\/prototal.info\/it\/#\/schema\/logo\/image\/"}}]}},"_links":{"self":[{"href":"https:\/\/prototal.info\/it\/wp-json\/wp\/v2\/pages\/11447","targetHints":{"allow":["GET"]}}],"collection":[{"href":"https:\/\/prototal.info\/it\/wp-json\/wp\/v2\/pages"}],"about":[{"href":"https:\/\/prototal.info\/it\/wp-json\/wp\/v2\/types\/page"}],"author":[{"embeddable":true,"href":"https:\/\/prototal.info\/it\/wp-json\/wp\/v2\/users\/5"}],"replies":[{"embeddable":true,"href":"https:\/\/prototal.info\/it\/wp-json\/wp\/v2\/comments?post=11447"}],"version-history":[{"count":2,"href":"https:\/\/prototal.info\/it\/wp-json\/wp\/v2\/pages\/11447\/revisions"}],"predecessor-version":[{"id":11451,"href":"https:\/\/prototal.info\/it\/wp-json\/wp\/v2\/pages\/11447\/revisions\/11451"}],"wp:attachment":[{"href":"https:\/\/prototal.info\/it\/wp-json\/wp\/v2\/media?parent=11447"}],"curies":[{"name":"wp","href":"https:\/\/api.w.org\/{rel}","templated":true}]}}