{"id":11326,"date":"2026-01-20T15:02:40","date_gmt":"2026-01-20T14:02:40","guid":{"rendered":"https:\/\/prototal.info\/termini-e-condizioni-di-vendita\/"},"modified":"2026-03-12T21:28:44","modified_gmt":"2026-03-12T20:28:44","slug":"termini-vendita","status":"publish","type":"page","link":"https:\/\/prototal.info\/it\/termini-vendita\/","title":{"rendered":"Termini e condizioni di vendita"},"content":{"rendered":"\n<div class=\"wp-block-group alignfull has-dark-blue-background-color has-background is-layout-constrained wp-container-core-group-is-layout-a47e864c wp-block-group-is-layout-constrained\" style=\"padding-top:var(--wp--preset--spacing--80);padding-right:var(--wp--preset--spacing--50);padding-bottom:var(--wp--preset--spacing--80);padding-left:var(--wp--preset--spacing--50)\"><div id=\"block_44ec30f98005e0e64dad5bcceb3fe2cc\" class=\"prototal-subsite-hero align\">\n    <div class=\"prototal-subsite-hero-inner\">\n        <div class=\"prototal-subsite-hero-left\">\n            <div class=\"acf-innerblocks-container\">\n\n<h1 class=\"wp-block-heading has-white-color has-text-color has-link-color wp-elements-acfee6d63f9982a78a079bc553d57c0a\" style=\"margin-top:0\">Termini e condizioni di vendita<\/h1>\n\n\n\n<p class=\"has-white-color has-text-color has-link-color wp-elements-0dfdab5592fe9851e1a5cc2fcb73987f\">Per garantire trasparenza e conformit\u00e0 in tutta Europa, Prototal opera attraverso centri regionali specializzati. Ogni struttura aderisce ai quadri giuridici e agli standard industriali della rispettiva giurisdizione. <\/p>\n\n\n\n<p class=\"has-white-color has-text-color has-link-color wp-elements-7fb594edde341d2372e26ece31d2577e\">Seleziona l&#8217;entit\u00e0 Prototal pertinente qui sotto per visualizzare o scaricare i Termini e Condizioni di Vendita specifici applicabili al tuo progetto.<\/p>\n\n<\/div>\n        <\/div>\n        <div class=\"prototal-subsite-hero-right\">\n                            <figure class=\"large-image\">\n                    <img loading=\"lazy\" decoding=\"async\" width=\"1600\" height=\"1200\" src=\"https:\/\/prototal.info\/app\/uploads\/2025\/12\/transparent-plastic.avif\" class=\"attachment-full size-full not-transparent\" alt=\"\" srcset=\"https:\/\/prototal.info\/app\/uploads\/2025\/12\/transparent-plastic.avif 1600w, https:\/\/prototal.info\/app\/uploads\/2025\/12\/transparent-plastic-300x225.avif 300w, https:\/\/prototal.info\/app\/uploads\/2025\/12\/transparent-plastic-1024x768.avif 1024w, https:\/\/prototal.info\/app\/uploads\/2025\/12\/transparent-plastic-768x576.avif 768w, https:\/\/prototal.info\/app\/uploads\/2025\/12\/transparent-plastic-1536x1152.avif 1536w\" sizes=\"auto, (max-width: 1600px) 100vw, 1600px\" data-has-transparency=\"false\" data-dominant-color=\"726057\" style=\"--dominant-color: #726057;\" \/>                <\/figure>\n                                        <figure class=\"small-image\">\n                    <img loading=\"lazy\" decoding=\"async\" width=\"1600\" height=\"1200\" src=\"https:\/\/prototal.info\/app\/uploads\/2025\/12\/packed-plastic-parts.avif\" class=\"attachment-full size-full\" alt=\"\" srcset=\"https:\/\/prototal.info\/app\/uploads\/2025\/12\/packed-plastic-parts.avif 1600w, https:\/\/prototal.info\/app\/uploads\/2025\/12\/packed-plastic-parts-300x225.avif 300w, https:\/\/prototal.info\/app\/uploads\/2025\/12\/packed-plastic-parts-1024x768.avif 1024w, https:\/\/prototal.info\/app\/uploads\/2025\/12\/packed-plastic-parts-768x576.avif 768w, https:\/\/prototal.info\/app\/uploads\/2025\/12\/packed-plastic-parts-1536x1152.avif 1536w\" sizes=\"auto, (max-width: 1600px) 100vw, 1600px\" \/>                <\/figure>\n                    <\/div>\n    <\/div>\n<\/div>\n\n<\/div>\n\n<div style=\"height:200px\" aria-hidden=\"true\" class=\"wp-block-spacer\"><\/div>\n\n<h2 class=\"wp-block-heading\">Termini e condizioni di vendita locali<\/h2>\n\n<div style=\"height:15px\" aria-hidden=\"true\" class=\"wp-block-spacer\"><\/div>\n\n<figure class=\"wp-block-table alignwide is-style-stripes\"><table><tbody><tr><td>Austria, Germania e Svizzera<\/td><td>Richiesta al referente locale<\/td><\/tr><tr><td>Danimarca<\/td><td><a href=\"https:\/\/prototal.info\/app\/uploads\/2026\/01\/dk-en-sales-and-delivery-terms_010525.pdf\">Termini e condizioni<\/a><\/td><\/tr><tr><td>Italia<\/td><td><a href=\"https:\/\/prototal.info\/app\/uploads\/2026\/01\/general-supply-conditions-prosilas.pdf\">Termini e condizioni<\/a><\/td><\/tr><tr><td>Norvegia<\/td><td><a href=\"https:\/\/prototal.info\/app\/uploads\/2026\/03\/salgs-og-leveringsbetingelser_enno.pdf\">Termini e condizioni<\/a><\/td><\/tr><tr><td>Regno Unito<\/td><td><a href=\"https:\/\/prototal.info\/app\/uploads\/2026\/01\/prototal-uk-supplier-standard-terms-and-conditions.pdf\">Termini e condizioni<\/a>; <a href=\"https:\/\/prototal.info\/app\/uploads\/2026\/01\/prototal-uk-customer-standard-conditions-of-sale-2021.pdf\">Condizioni di vendita<\/a><\/td><\/tr><tr><td>Svezia<\/td><td><a href=\"https:\/\/prototal.info\/app\/uploads\/2026\/01\/se_prototal-terms-conditons.pdf\">Termini e condizioni<\/a><\/td><\/tr><\/tbody><\/table><\/figure>\n\n<div style=\"height:200px\" aria-hidden=\"true\" class=\"wp-block-spacer\"><\/div>\n\n<div class=\"wp-block-group is-content-justification-center is-layout-constrained wp-container-core-group-is-layout-3f1f4d87 wp-block-group-is-layout-constrained\" style=\"border-radius:20px;padding-top:0;padding-right:0;padding-bottom:0;padding-left:0\">\n<div class=\"wp-block-group has-light-blue-background-color has-background is-content-justification-center is-layout-constrained wp-container-core-group-is-layout-9f56d254 wp-block-group-is-layout-constrained\" style=\"border-radius:20px;padding-top:var(--wp--preset--spacing--80);padding-right:var(--wp--preset--spacing--80);padding-bottom:var(--wp--preset--spacing--80);padding-left:var(--wp--preset--spacing--80)\">\n<h2 class=\"wp-block-heading has-dark-blue-color has-text-color has-link-color wp-elements-a6aba386d6def05497df0581426389fd\" id=\"headline-779-2908\">Quali condizioni si applicano al mio ordine?<\/h2>\n\n\n\n<p class=\"has-black-color has-text-color has-link-color wp-elements-7191191d64516cd554dac57df82260e9\">I Termini e le Condizioni applicabili sono determinati dalla specifica entit\u00e0 legale Prototal che emette il tuo preventivo e la conferma d&#8217;ordine. Sebbene il nostro impegno per la qualit\u00e0 sia costante in tutta la rete, le condizioni locali possono variare per quanto riguarda la logistica, la responsabilit\u00e0 e le normative commerciali regionali. <\/p>\n<\/div>\n<\/div>\n\n<div style=\"height:200px\" aria-hidden=\"true\" class=\"wp-block-spacer\"><\/div>\n","protected":false},"excerpt":{"rendered":"<p>Termini e condizioni di vendita locali Austria, Germania e Svizzera Richiesta al referente locale Danimarca Termini e condizioni Italia Termini e condizioni Norvegia Termini e condizioni Regno Unito Termini e condizioni; Condizioni di vendita Svezia Termini e condizioni Quali condizioni si applicano al mio ordine? I Termini e le Condizioni applicabili sono determinati dalla specifica [&hellip;]<\/p>\n","protected":false},"author":5,"featured_media":0,"parent":0,"menu_order":0,"comment_status":"closed","ping_status":"closed","template":"","meta":{"_acf_changed":false,"inline_featured_image":false,"footnotes":""},"class_list":["post-11326","page","type-page","status-publish","hentry"],"acf":[],"yoast_head":"<!-- This site is optimized with the Yoast SEO plugin v27.2 - https:\/\/yoast.com\/product\/yoast-seo-wordpress\/ -->\n<title>Termini e condizioni di vendita | Prototal<\/title>\n<meta name=\"description\" content=\"Accedi ai Termini e Condizioni di Vendita specifici per gli hub europei decentralizzati di Prototal. Visualizza i quadri legali regionali per Svezia, Norvegia, Danimarca, Regno Unito, Italia e la regione DACH.\" \/>\n<meta name=\"robots\" content=\"index, follow, max-snippet:-1, max-image-preview:large, max-video-preview:-1\" \/>\n<link rel=\"canonical\" href=\"https:\/\/prototal.info\/it\/termini-vendita\/\" \/>\n<meta property=\"og:locale\" content=\"it_IT\" \/>\n<meta property=\"og:type\" content=\"article\" \/>\n<meta property=\"og:title\" content=\"Termini e condizioni di vendita | Prototal\" \/>\n<meta property=\"og:description\" content=\"Accedi ai Termini e Condizioni di Vendita specifici per gli hub europei decentralizzati di Prototal. Visualizza i quadri legali regionali per Svezia, Norvegia, Danimarca, Regno Unito, Italia e la regione DACH.\" \/>\n<meta property=\"og:url\" content=\"https:\/\/prototal.info\/it\/termini-vendita\/\" \/>\n<meta property=\"og:site_name\" content=\"Prototal\" \/>\n<meta property=\"article:modified_time\" content=\"2026-03-12T20:28:44+00:00\" \/>\n<meta name=\"twitter:card\" content=\"summary_large_image\" \/>\n<meta name=\"twitter:label1\" content=\"Est. reading time\" \/>\n\t<meta name=\"twitter:data1\" content=\"1 minute\" \/>\n<script type=\"application\/ld+json\" class=\"yoast-schema-graph\">{\n\t    \"@context\": \"https:\/\/schema.org\",\n\t    \"@graph\": [\n\t        {\n\t            \"@type\": \"WebPage\",\n\t            \"@id\": \"https:\/\/prototal.info\/it\/termini-vendita\/\",\n\t            \"url\": \"https:\/\/prototal.info\/it\/termini-vendita\/\",\n\t            \"name\": \"Termini e condizioni di vendita | Prototal\",\n\t            \"isPartOf\": {\n\t                \"@id\": \"https:\/\/prototal.info\/it\/#website\"\n\t            },\n\t            \"datePublished\": \"2026-01-20T14:02:40+00:00\",\n\t            \"dateModified\": \"2026-03-12T20:28:44+00:00\",\n\t            \"description\": \"Accedi ai Termini e Condizioni di Vendita specifici per gli hub europei decentralizzati di Prototal. Visualizza i quadri legali regionali per Svezia, Norvegia, Danimarca, Regno Unito, Italia e la regione DACH.\",\n\t            \"breadcrumb\": {\n\t                \"@id\": \"https:\/\/prototal.info\/it\/termini-vendita\/#breadcrumb\"\n\t            },\n\t            \"inLanguage\": \"it-IT\",\n\t            \"potentialAction\": [\n\t                {\n\t                    \"@type\": \"ReadAction\",\n\t                    \"target\": [\n\t                        \"https:\/\/prototal.info\/it\/termini-vendita\/\"\n\t                    ]\n\t                }\n\t            ]\n\t        },\n\t        {\n\t            \"@type\": \"BreadcrumbList\",\n\t            \"@id\": \"https:\/\/prototal.info\/it\/termini-vendita\/#breadcrumb\",\n\t            \"itemListElement\": [\n\t                {\n\t                    \"@type\": \"ListItem\",\n\t                    \"position\": 1,\n\t                    \"name\": \"Home\",\n\t                    \"item\": \"https:\/\/prototal.info\/it\/\"\n\t                },\n\t                {\n\t                    \"@type\": \"ListItem\",\n\t                    \"position\": 2,\n\t                    \"name\": \"Termini e condizioni di vendita\"\n\t                }\n\t            ]\n\t        },\n\t        {\n\t            \"@type\": \"WebSite\",\n\t            \"@id\": \"https:\/\/prototal.info\/it\/#website\",\n\t            \"url\": \"https:\/\/prototal.info\/it\/\",\n\t            \"name\": \"Prototal\",\n\t            \"description\": \"From one to one million\",\n\t            \"publisher\": {\n\t                \"@id\": \"https:\/\/prototal.info\/it\/#organization\"\n\t            },\n\t            \"potentialAction\": [\n\t                {\n\t                    \"@type\": \"SearchAction\",\n\t                    \"target\": {\n\t                        \"@type\": \"EntryPoint\",\n\t                        \"urlTemplate\": \"https:\/\/prototal.info\/it\/?s={search_term_string}\"\n\t                    },\n\t                    \"query-input\": {\n\t                        \"@type\": \"PropertyValueSpecification\",\n\t                        \"valueRequired\": true,\n\t                        \"valueName\": \"search_term_string\"\n\t                    }\n\t                }\n\t            ],\n\t            \"inLanguage\": \"it-IT\"\n\t        },\n\t        {\n\t            \"@type\": \"Organization\",\n\t            \"@id\": \"https:\/\/prototal.info\/it\/#organization\",\n\t            \"name\": \"Prototal\",\n\t            \"url\": \"https:\/\/prototal.info\/it\/\",\n\t            \"logo\": {\n\t                \"@type\": \"ImageObject\",\n\t                \"inLanguage\": \"it-IT\",\n\t                \"@id\": \"https:\/\/prototal.info\/it\/#\/schema\/logo\/image\/\",\n\t                \"url\": \"https:\/\/prototal.info\/app\/uploads\/2026\/03\/yoast-seo-default-logo.avif\",\n\t                \"contentUrl\": \"https:\/\/prototal.info\/app\/uploads\/2026\/03\/yoast-seo-default-logo.avif\",\n\t                \"width\": 696,\n\t                \"height\": 696,\n\t                \"caption\": \"Prototal\"\n\t            },\n\t            \"image\": {\n\t                \"@id\": \"https:\/\/prototal.info\/it\/#\/schema\/logo\/image\/\"\n\t            }\n\t        }\n\t    ]\n\t}<\/script>\n<!-- \/ Yoast SEO plugin. -->","yoast_head_json":{"title":"Termini e condizioni di vendita | Prototal","description":"Accedi ai Termini e Condizioni di Vendita specifici per gli hub europei decentralizzati di Prototal. Visualizza i quadri legali regionali per Svezia, Norvegia, Danimarca, Regno Unito, Italia e la regione DACH.","robots":{"index":"index","follow":"follow","max-snippet":"max-snippet:-1","max-image-preview":"max-image-preview:large","max-video-preview":"max-video-preview:-1"},"canonical":"https:\/\/prototal.info\/it\/termini-vendita\/","og_locale":"it_IT","og_type":"article","og_title":"Termini e condizioni di vendita | Prototal","og_description":"Accedi ai Termini e Condizioni di Vendita specifici per gli hub europei decentralizzati di Prototal. Visualizza i quadri legali regionali per Svezia, Norvegia, Danimarca, Regno Unito, Italia e la regione DACH.","og_url":"https:\/\/prototal.info\/it\/termini-vendita\/","og_site_name":"Prototal","article_modified_time":"2026-03-12T20:28:44+00:00","twitter_card":"summary_large_image","twitter_misc":{"Est. reading time":"1 minute"},"schema":{"@context":"https:\/\/schema.org","@graph":[{"@type":"WebPage","@id":"https:\/\/prototal.info\/it\/termini-vendita\/","url":"https:\/\/prototal.info\/it\/termini-vendita\/","name":"Termini e condizioni di vendita | Prototal","isPartOf":{"@id":"https:\/\/prototal.info\/it\/#website"},"datePublished":"2026-01-20T14:02:40+00:00","dateModified":"2026-03-12T20:28:44+00:00","description":"Accedi ai Termini e Condizioni di Vendita specifici per gli hub europei decentralizzati di Prototal. Visualizza i quadri legali regionali per Svezia, Norvegia, Danimarca, Regno Unito, Italia e la regione DACH.","breadcrumb":{"@id":"https:\/\/prototal.info\/it\/termini-vendita\/#breadcrumb"},"inLanguage":"it-IT","potentialAction":[{"@type":"ReadAction","target":["https:\/\/prototal.info\/it\/termini-vendita\/"]}]},{"@type":"BreadcrumbList","@id":"https:\/\/prototal.info\/it\/termini-vendita\/#breadcrumb","itemListElement":[{"@type":"ListItem","position":1,"name":"Home","item":"https:\/\/prototal.info\/it\/"},{"@type":"ListItem","position":2,"name":"Termini e condizioni di vendita"}]},{"@type":"WebSite","@id":"https:\/\/prototal.info\/it\/#website","url":"https:\/\/prototal.info\/it\/","name":"Prototal","description":"From one to one million","publisher":{"@id":"https:\/\/prototal.info\/it\/#organization"},"potentialAction":[{"@type":"SearchAction","target":{"@type":"EntryPoint","urlTemplate":"https:\/\/prototal.info\/it\/?s={search_term_string}"},"query-input":{"@type":"PropertyValueSpecification","valueRequired":true,"valueName":"search_term_string"}}],"inLanguage":"it-IT"},{"@type":"Organization","@id":"https:\/\/prototal.info\/it\/#organization","name":"Prototal","url":"https:\/\/prototal.info\/it\/","logo":{"@type":"ImageObject","inLanguage":"it-IT","@id":"https:\/\/prototal.info\/it\/#\/schema\/logo\/image\/","url":"https:\/\/prototal.info\/app\/uploads\/2026\/03\/yoast-seo-default-logo.avif","contentUrl":"https:\/\/prototal.info\/app\/uploads\/2026\/03\/yoast-seo-default-logo.avif","width":696,"height":696,"caption":"Prototal"},"image":{"@id":"https:\/\/prototal.info\/it\/#\/schema\/logo\/image\/"}}]}},"_links":{"self":[{"href":"https:\/\/prototal.info\/it\/wp-json\/wp\/v2\/pages\/11326","targetHints":{"allow":["GET"]}}],"collection":[{"href":"https:\/\/prototal.info\/it\/wp-json\/wp\/v2\/pages"}],"about":[{"href":"https:\/\/prototal.info\/it\/wp-json\/wp\/v2\/types\/page"}],"author":[{"embeddable":true,"href":"https:\/\/prototal.info\/it\/wp-json\/wp\/v2\/users\/5"}],"replies":[{"embeddable":true,"href":"https:\/\/prototal.info\/it\/wp-json\/wp\/v2\/comments?post=11326"}],"version-history":[{"count":2,"href":"https:\/\/prototal.info\/it\/wp-json\/wp\/v2\/pages\/11326\/revisions"}],"predecessor-version":[{"id":11328,"href":"https:\/\/prototal.info\/it\/wp-json\/wp\/v2\/pages\/11326\/revisions\/11328"}],"wp:attachment":[{"href":"https:\/\/prototal.info\/it\/wp-json\/wp\/v2\/media?parent=11326"}],"curies":[{"name":"wp","href":"https:\/\/api.w.org\/{rel}","templated":true}]}}