{"id":9214,"date":"2025-12-12T08:44:19","date_gmt":"2025-12-12T07:44:19","guid":{"rendered":"https:\/\/prototal.info\/esg\/"},"modified":"2026-04-08T09:49:39","modified_gmt":"2026-04-08T07:49:39","slug":"esg","status":"publish","type":"page","link":"https:\/\/prototal.info\/dk\/esg\/","title":{"rendered":"ESG"},"content":{"rendered":"\n<div class=\"wp-block-group alignfull has-light-blue-background-color has-background is-layout-constrained wp-container-core-group-is-layout-a47e864c wp-block-group-is-layout-constrained\" style=\"padding-top:var(--wp--preset--spacing--80);padding-right:var(--wp--preset--spacing--50);padding-bottom:var(--wp--preset--spacing--80);padding-left:var(--wp--preset--spacing--50)\"><div id=\"block_7120e01357d589c8892e80818c70aa88\" class=\"prototal-subsite-hero alignwide\">\n    <div class=\"prototal-subsite-hero-inner\">\n        <div class=\"prototal-subsite-hero-left\">\n            <div class=\"acf-innerblocks-container\">\n\n<h1 class=\"wp-block-heading\" style=\"margin-top:0\">Ansvarlig produktion. Industriel gennemslagskraft. <\/h1>\n\n\n\n<p>Hos Prototal integrerer vi b\u00e6redygtighed i kernen af vores processer for additiv fremstilling og sikrer, at innovation og milj\u00f8ansvar g\u00e5r h\u00e5nd i h\u00e5nd.<\/p>\n\n\n\n<div class=\"wp-block-buttons is-layout-flex wp-block-buttons-is-layout-flex\">\n<div class=\"wp-block-button\"><a class=\"wp-block-button__link wp-element-button\" href=\"https:\/\/prototal.info\/app\/uploads\/2026\/03\/sustainability-report-2024.pdf\">Seneste b\u00e6redygtighedsrapport<\/a><\/div>\n<\/div>\n\n<\/div>\n        <\/div>\n        <div class=\"prototal-subsite-hero-right\">\n                            <figure class=\"large-image\">\n                    <img loading=\"lazy\" decoding=\"async\" width=\"1600\" height=\"1200\" src=\"https:\/\/prototal.info\/app\/uploads\/2025\/12\/sustainability_2.avif\" class=\"attachment-full size-full not-transparent\" alt=\"\" srcset=\"https:\/\/prototal.info\/app\/uploads\/2025\/12\/sustainability_2.avif 1600w, https:\/\/prototal.info\/app\/uploads\/2025\/12\/sustainability_2-300x225.avif 300w, https:\/\/prototal.info\/app\/uploads\/2025\/12\/sustainability_2-1024x768.avif 1024w, https:\/\/prototal.info\/app\/uploads\/2025\/12\/sustainability_2-768x576.avif 768w, https:\/\/prototal.info\/app\/uploads\/2025\/12\/sustainability_2-1536x1152.avif 1536w\" sizes=\"auto, (max-width: 1600px) 100vw, 1600px\" data-has-transparency=\"false\" data-dominant-color=\"8aaaa7\" style=\"--dominant-color: #8aaaa7;\" \/>                <\/figure>\n                                        <figure class=\"small-image\">\n                    <img loading=\"lazy\" decoding=\"async\" width=\"800\" height=\"450\" src=\"https:\/\/prototal.info\/app\/uploads\/2025\/12\/16-9-proudtotal.avif\" class=\"attachment-full size-full not-transparent\" alt=\"\" srcset=\"https:\/\/prototal.info\/app\/uploads\/2025\/12\/16-9-proudtotal.avif 800w, https:\/\/prototal.info\/app\/uploads\/2025\/12\/16-9-proudtotal-300x169.avif 300w, https:\/\/prototal.info\/app\/uploads\/2025\/12\/16-9-proudtotal-768x432.avif 768w\" sizes=\"auto, (max-width: 800px) 100vw, 800px\" data-has-transparency=\"false\" data-dominant-color=\"ba8fa6\" style=\"--dominant-color: #ba8fa6;\" \/>                <\/figure>\n                    <\/div>\n    <\/div>\n<\/div>\n\n<\/div>\n\n<div style=\"height:175px\" aria-hidden=\"true\" class=\"wp-block-spacer\"><\/div>\n\n<div class=\"wp-block-group strategic-block is-layout-constrained wp-block-group-is-layout-constrained\">\n<div class=\"wp-block-columns alignwide is-layout-flex wp-container-core-columns-is-layout-14cf5ab5 wp-block-columns-is-layout-flex\">\n<div class=\"wp-block-column is-vertically-aligned-stretch is-layout-flow wp-block-column-is-layout-flow\">\n<h3 class=\"wp-block-heading\"><br \/><br \/>Socialt og milj\u00f8m\u00e6ssigt ansvar<\/h3>\n\n\n\n<p>At opn\u00e5 en positiv nettoeffekt i vores produktion og forsyningsk\u00e6de senest i 2030.<\/p>\n\n\n\n<h4 class=\"wp-block-heading\">Strategiske m\u00e5l<\/h4>\n\n\n\n<ul class=\"wp-block-list\">\n<li>CO2-reducerede materialer: \u00d8get brug af biobaserede, genanvendte og lav-impact polymerer<\/li>\n\n\n\n<li>Brug af vedvarende og fossilfri energi: Omstilling af alle produktionsenheder til 100% vedvarende energikilder<\/li>\n\n\n\n<li>Upcycling af materialeaffald: Implementering af cirkularitet ved at genanvende produktionsskrot og usintret pulver<\/li>\n\n\n\n<li>Sikker og ansvarlig forsyningsk\u00e6de: Sikring af milj\u00f8m\u00e6ssig og etisk compliance hos alle hovedleverand\u00f8rer<\/li>\n<\/ul>\n\n\n\n<div class=\"wp-block-group is-layout-constrained wp-block-group-is-layout-constrained\">\n<div class=\"wp-block-group is-layout-flex wp-container-core-group-is-layout-6b99030d wp-block-group-is-layout-flex\">\n<figure class=\"wp-block-image size-large is-resized\"><img decoding=\"async\" src=\"http:\/\/prototal.info\/app\/uploads\/2025\/10\/e_web_06-1024x1024.webp\" alt=\"\" class=\"wp-image-1979\" style=\"width:55px\" \/><\/figure>\n\n\n\n<figure class=\"wp-block-image size-large is-resized\"><img decoding=\"async\" src=\"http:\/\/prototal.info\/app\/uploads\/2025\/10\/e_web_07-1024x1024.webp\" alt=\"\" class=\"wp-image-1991\" style=\"width:55px\" \/><\/figure>\n\n\n\n<figure class=\"wp-block-image size-large is-resized\"><img decoding=\"async\" src=\"http:\/\/prototal.info\/app\/uploads\/2025\/10\/e_web_12-1024x1024.webp\" alt=\"\" class=\"wp-image-2045\" style=\"width:55px\" \/><\/figure>\n\n\n\n<figure class=\"wp-block-image size-large is-resized\"><img decoding=\"async\" src=\"http:\/\/prototal.info\/app\/uploads\/2025\/10\/e_web_13-1024x1024.webp\" alt=\"\" class=\"wp-image-1997\" style=\"width:55px\" \/><\/figure>\n\n\n\n<figure class=\"wp-block-image size-large is-resized\"><img decoding=\"async\" src=\"http:\/\/prototal.info\/app\/uploads\/2025\/10\/e_web_15-1024x1024.webp\" alt=\"\" class=\"wp-image-2009\" style=\"width:55px\" \/><\/figure>\n<\/div>\n<\/div>\n<\/div>\n\n\n\n<div class=\"wp-block-column is-vertically-aligned-stretch is-layout-flow wp-block-column-is-layout-flow\">\n<h3 class=\"wp-block-heading\"><br \/><br \/>Operationel ledelse og styring<\/h3>\n\n\n\n<p>Levering af nettopositive l\u00f8sninger, der skaber en positiv effekt for vores kunder, samfundet og planeten senest i 2030.<\/p>\n\n\n\n<h4 class=\"wp-block-heading\">Strategiske m\u00e5l<\/h4>\n\n\n\n<ul class=\"wp-block-list\">\n<li>Motiveret, handlekraftig og kompetent arbejdsstyrke: L\u00f8bende investering i den &#8216;menneskelige kapital&#8217;, der driver vores innovation<\/li>\n\n\n\n<li>Lige muligheder for alle medarbejdere: Sikring af en mangfoldig, inkluderende og retf\u00e6rdig arbejdsplads p\u00e5 tv\u00e6rs af alle lokationer<\/li>\n\n\n\n<li>En nul-ulykkeskultur: Prioritering af fysisk og psykisk sikkerhed p\u00e5 alle produktionsgulve<\/li>\n\n\n\n<li>En betroet arbejdsgiver og partner med h\u00f8je etiske standarder: Opretholdelse af gennemsigtighed, datasikkerhed og integritet i alle forretningsforhold<\/li>\n\n\n\n<li>Positiv effekt i vores lokalsamfund og i samfundet generelt: Bidrag til lokal \u00f8konomisk v\u00e6kst og industriel uddannelse<\/li>\n<\/ul>\n\n\n\n<div class=\"wp-block-group is-layout-constrained wp-block-group-is-layout-constrained\">\n<div class=\"wp-block-group is-layout-flex wp-container-core-group-is-layout-6b99030d wp-block-group-is-layout-flex\">\n<figure class=\"wp-block-image size-large is-resized\"><img decoding=\"async\" src=\"http:\/\/prototal.info\/app\/uploads\/2025\/10\/e_web_03-1024x1024.webp\" alt=\"\" class=\"wp-image-1967\" style=\"width:55px\" \/><\/figure>\n\n\n\n<figure class=\"wp-block-image size-large is-resized\"><img decoding=\"async\" src=\"http:\/\/prototal.info\/app\/uploads\/2025\/10\/e_web_08-1024x1024.webp\" alt=\"\" class=\"wp-image-1985\" style=\"width:55px\" \/><\/figure>\n\n\n\n<figure class=\"wp-block-image size-large is-resized\"><img decoding=\"async\" src=\"http:\/\/prototal.info\/app\/uploads\/2025\/10\/e_web_09-1024x1024.webp\" alt=\"\" class=\"wp-image-2027\" style=\"width:55px\" \/><\/figure>\n\n\n\n<figure class=\"wp-block-image size-large is-resized\"><img decoding=\"async\" src=\"http:\/\/prototal.info\/app\/uploads\/2025\/10\/e_web_17-1024x1024.webp\" alt=\"\" class=\"wp-image-2021\" style=\"width:55px\" \/><\/figure>\n<\/div>\n<\/div>\n<\/div>\n<\/div>\n<\/div>\n\n<div style=\"height:200px\" aria-hidden=\"true\" class=\"wp-block-spacer\"><\/div>\n\n<div class=\"wp-block-group alignfull has-dark-blue-background-color has-background is-content-justification-center is-layout-constrained wp-container-core-group-is-layout-8cef36cf wp-block-group-is-layout-constrained\" style=\"padding-top:var(--wp--preset--spacing--80);padding-right:var(--wp--preset--spacing--80);padding-bottom:var(--wp--preset--spacing--80);padding-left:var(--wp--preset--spacing--80)\">\n<div class=\"wp-block-group alignwide is-content-justification-center is-layout-constrained wp-container-core-group-is-layout-500c7647 wp-block-group-is-layout-constrained\">\n<h2 class=\"wp-block-heading has-white-color has-text-color has-link-color wp-elements-a1363b30dc47b35343c05aa7d32f8c94\">M\u00e5ling af vores fremskridt siden 2022<\/h2>\n\n\n\n<p class=\"has-white-color has-text-color has-link-color wp-elements-905ad2e46e0d065cdb9814475c469f7a\">Hos Prototal mener vi, at milj\u00f8m\u00e6ssigt og socialt ansvar skal v\u00e6re m\u00e5lbart for at v\u00e6re meningsfuldt. For at sikre, at vi st\u00e5r til ansvar over for vores partnere og planeten, har vi udgivet en \u00e5rlig b\u00e6redygtighedsrapport siden 2022. Disse rapporter fungerer som en gennemsigtig dokumentation af vores rejse mod en cirkul\u00e6r fremtid inden for produktion.  <\/p>\n\n\n\n<p class=\"has-white-color has-text-color has-link-color wp-elements-1640b4866d256f420f07d5d8aa6c1161\"><strong>Hvad vores rapportering d\u00e6kker<\/strong><\/p>\n\n\n\n<ul class=\"wp-block-list has-white-color has-text-color has-link-color wp-elements-da9ec0503c438b8e57cf6f8c3f759626\">\n<li><strong>CO2-regnskab<\/strong>: Sporing af Scope 1-, 2- og 3-emissioner p\u00e5 tv\u00e6rs af vores britiske, norske og europ\u00e6iske faciliteter<\/li>\n\n\n\n<li><strong>Materialecirkularitet<\/strong>: Data for genopfyldningsrater for pulver og milep\u00e6le for affaldsreduktion i vores processer<\/li>\n\n\n\n<li><strong>Energiomstilling<\/strong>: Overv\u00e5gning af vores skift mod 100 % vedvarende energikilder p\u00e5 tv\u00e6rs af vores faciliteter<\/li>\n\n\n\n<li><strong>Social Impact Metrics<\/strong>: Her fremh\u00e6ves vores arbejdsstyrkes sundhed, sikkerhed og udvikling under Proudtotal-initiativet<\/li>\n<\/ul>\n\n\n\n<div class=\"wp-block-buttons is-layout-flex wp-block-buttons-is-layout-flex\">\n<div class=\"wp-block-button\"><a class=\"wp-block-button__link wp-element-button\" href=\"https:\/\/prototal.info\/app\/uploads\/2026\/01\/sustainability-report-2022.pdf\">B\u00e6redygtighedsrapport 2022<\/a><\/div>\n\n\n\n<div class=\"wp-block-button\"><a class=\"wp-block-button__link wp-element-button\" href=\"https:\/\/prototal.info\/app\/uploads\/2026\/01\/prototal_original_23.pdf\">B\u00e6redygtighedsrapport 2023<\/a><\/div>\n\n\n\n<div class=\"wp-block-button\"><a class=\"wp-block-button__link wp-element-button\" href=\"https:\/\/prototal.info\/app\/uploads\/2026\/03\/sustainability-report-2024.pdf\">Sustainability Report 2024<\/a><\/div>\n<\/div>\n<\/div>\n<\/div>\n\n<div style=\"height:200px\" aria-hidden=\"true\" class=\"wp-block-spacer\"><\/div>\n\n<div class=\"wp-block-group alignfull is-layout-constrained wp-block-group-is-layout-constrained\"><div id=\"block_dbdc3265f9c00cf3fd55e58fb6228de3\" class=\"quote-carousel alignwide\">\n    <div class=\"quote-carousel-wrapper swiper bg-light\" style=\"background-color: #f5fbff;\" data-carousel-id=\"block_dbdc3265f9c00cf3fd55e58fb6228de3\">\n        <div class=\"swiper-wrapper\">\n                            <div class=\"swiper-slide\">\n                   \n                        <div class=\"quote-column text-dark\">\n                            \n                                                            <h2 class=\"quote-title\">Hvor pr\u00e6cisionsteknik m\u00f8der en kultur med mennesket i centrum<\/h2>\n                                                        \n                                                            <div class=\"quote-text\">\n                                    <p data-path-to-node=\"4\">Hos Prototal str\u00e6ber vi efter at v\u00e6re branchens foretrukne arbejdsgiver. Vi kalder dette engagement for Proudtotal \u2013 vores l\u00f8fte om at tilbyde en arbejdsplads, hvor hver enkelt medarbejder kan trives, innovere og vokse. For os er teknisk topkvalitet umulig uden et arbejdsmilj\u00f8 i topklasse.  <\/p>\n<p data-path-to-node=\"5\">Vi sikrer, at vores teams arbejder i faciliteter, der lever op til de h\u00f8jeste globale standarder for sundhed og sikkerhed. Ved at bruge overenskomster (eller tilsvarende) som vores udgangspunkt sikrer vi et solidt fundament for rimelige arbejdsvilk\u00e5r, foreningsfrihed og en streng nul-tolerancepolitik over for tvangs- eller b\u00f8rnearbejde. <\/p>\n                                <\/div>\n                                                    <\/div>\n                        \n                        <div class=\"image-column\">\n                            \n                                                            <figure>\n                                    <img loading=\"lazy\" decoding=\"async\" width=\"1600\" height=\"1200\" src=\"https:\/\/prototal.info\/app\/uploads\/2025\/12\/proudtotal-logo-wall-art-norway.avif\" class=\"attachment-full size-full not-transparent\" alt=\"\" srcset=\"https:\/\/prototal.info\/app\/uploads\/2025\/12\/proudtotal-logo-wall-art-norway.avif 1600w, https:\/\/prototal.info\/app\/uploads\/2025\/12\/proudtotal-logo-wall-art-norway-300x225.avif 300w, https:\/\/prototal.info\/app\/uploads\/2025\/12\/proudtotal-logo-wall-art-norway-1024x768.avif 1024w, https:\/\/prototal.info\/app\/uploads\/2025\/12\/proudtotal-logo-wall-art-norway-768x576.avif 768w, https:\/\/prototal.info\/app\/uploads\/2025\/12\/proudtotal-logo-wall-art-norway-1536x1152.avif 1536w\" sizes=\"auto, (max-width: 1600px) 100vw, 1600px\" data-has-transparency=\"false\" data-dominant-color=\"b88ba3\" style=\"--dominant-color: #b88ba3;\" \/>                                <\/figure>\n                                                    <\/div>\n              \n                <\/div>\n                        <\/div>\n        \n        <div class=\"swiper-button-next\"><\/div>\n        <div class=\"swiper-button-prev\"><\/div>\n    <\/div>\n    <\/div>\n\n<\/div>\n\n<div style=\"height:200px\" aria-hidden=\"true\" class=\"wp-block-spacer\"><\/div>\n\n<p><\/p>\n","protected":false},"excerpt":{"rendered":"<p>Socialt og milj\u00f8m\u00e6ssigt ansvar At opn\u00e5 en positiv nettoeffekt i vores produktion og forsyningsk\u00e6de senest i 2030. Strategiske m\u00e5l Operationel ledelse og styring Levering af nettopositive l\u00f8sninger, der skaber en positiv effekt for vores kunder, samfundet og planeten senest i 2030. Strategiske m\u00e5l M\u00e5ling af vores fremskridt siden 2022 Hos Prototal mener vi, at milj\u00f8m\u00e6ssigt [&hellip;]<\/p>\n","protected":false},"author":5,"featured_media":9210,"parent":0,"menu_order":0,"comment_status":"closed","ping_status":"closed","template":"","meta":{"_acf_changed":false,"inline_featured_image":false,"footnotes":""},"class_list":["post-9214","page","type-page","status-publish","has-post-thumbnail","hentry"],"acf":[],"yoast_head":"<!-- This site is optimized with the Yoast SEO plugin v27.2 - https:\/\/yoast.com\/product\/yoast-seo-wordpress\/ -->\n<title>ESG | Future of Manufacturing | Prototal<\/title>\n<meta name=\"description\" content=\"Udforsk, hvordan Prototal driver fremskridt inden for industriel produktion gennem additiv fremstilling, cirkul\u00e6re materialevalg og socialt ansvar. L\u00e6s vores ESG-rapport.\" \/>\n<meta name=\"robots\" content=\"index, follow, max-snippet:-1, max-image-preview:large, max-video-preview:-1\" \/>\n<link rel=\"canonical\" href=\"https:\/\/prototal.info\/dk\/esg\/\" \/>\n<meta property=\"og:locale\" content=\"da_DK\" \/>\n<meta property=\"og:type\" content=\"article\" \/>\n<meta property=\"og:title\" content=\"ESG | Future of Manufacturing | Prototal\" \/>\n<meta property=\"og:description\" content=\"Udforsk, hvordan Prototal driver fremskridt inden for industriel produktion gennem additiv fremstilling, cirkul\u00e6re materialevalg og socialt ansvar. L\u00e6s vores ESG-rapport.\" \/>\n<meta property=\"og:url\" content=\"https:\/\/prototal.info\/dk\/esg\/\" \/>\n<meta property=\"og:site_name\" content=\"Prototal\" \/>\n<meta property=\"article:modified_time\" content=\"2026-04-08T07:49:39+00:00\" \/>\n<meta name=\"twitter:card\" content=\"summary_large_image\" \/>\n<meta name=\"twitter:label1\" content=\"Est. reading time\" \/>\n\t<meta name=\"twitter:data1\" content=\"2 minutes\" \/>\n<script type=\"application\/ld+json\" class=\"yoast-schema-graph\">{\n\t    \"@context\": \"https:\/\/schema.org\",\n\t    \"@graph\": [\n\t        {\n\t            \"@type\": \"WebPage\",\n\t            \"@id\": \"https:\/\/prototal.info\/dk\/esg\/\",\n\t            \"url\": \"https:\/\/prototal.info\/dk\/esg\/\",\n\t            \"name\": \"ESG | Future of Manufacturing | Prototal\",\n\t            \"isPartOf\": {\n\t                \"@id\": \"https:\/\/prototal.info\/dk\/#website\"\n\t            },\n\t            \"primaryImageOfPage\": {\n\t                \"@id\": \"https:\/\/prototal.info\/dk\/esg\/#primaryimage\"\n\t            },\n\t            \"image\": {\n\t                \"@id\": \"https:\/\/prototal.info\/dk\/esg\/#primaryimage\"\n\t            },\n\t            \"thumbnailUrl\": \"https:\/\/prototal.info\/app\/uploads\/2025\/12\/proudtotal-logo-wall-art-norway.avif\",\n\t            \"datePublished\": \"2025-12-12T07:44:19+00:00\",\n\t            \"dateModified\": \"2026-04-08T07:49:39+00:00\",\n\t            \"description\": \"Udforsk, hvordan Prototal driver fremskridt inden for industriel produktion gennem additiv fremstilling, cirkul\u00e6re materialevalg og socialt ansvar. L\u00e6s vores ESG-rapport.\",\n\t            \"breadcrumb\": {\n\t                \"@id\": \"https:\/\/prototal.info\/dk\/esg\/#breadcrumb\"\n\t            },\n\t            \"inLanguage\": \"da-DK\",\n\t            \"potentialAction\": [\n\t                {\n\t                    \"@type\": \"ReadAction\",\n\t                    \"target\": [\n\t                        \"https:\/\/prototal.info\/dk\/esg\/\"\n\t                    ]\n\t                }\n\t            ]\n\t        },\n\t        {\n\t            \"@type\": \"ImageObject\",\n\t            \"inLanguage\": \"da-DK\",\n\t            \"@id\": \"https:\/\/prototal.info\/dk\/esg\/#primaryimage\",\n\t            \"url\": \"https:\/\/prototal.info\/app\/uploads\/2025\/12\/proudtotal-logo-wall-art-norway.avif\",\n\t            \"contentUrl\": \"https:\/\/prototal.info\/app\/uploads\/2025\/12\/proudtotal-logo-wall-art-norway.avif\",\n\t            \"width\": 1600,\n\t            \"height\": 1200\n\t        },\n\t        {\n\t            \"@type\": \"BreadcrumbList\",\n\t            \"@id\": \"https:\/\/prototal.info\/dk\/esg\/#breadcrumb\",\n\t            \"itemListElement\": [\n\t                {\n\t                    \"@type\": \"ListItem\",\n\t                    \"position\": 1,\n\t                    \"name\": \"Home\",\n\t                    \"item\": \"https:\/\/prototal.info\/dk\/\"\n\t                },\n\t                {\n\t                    \"@type\": \"ListItem\",\n\t                    \"position\": 2,\n\t                    \"name\": \"ESG\"\n\t                }\n\t            ]\n\t        },\n\t        {\n\t            \"@type\": \"WebSite\",\n\t            \"@id\": \"https:\/\/prototal.info\/dk\/#website\",\n\t            \"url\": \"https:\/\/prototal.info\/dk\/\",\n\t            \"name\": \"Prototal\",\n\t            \"description\": \"From one to one million\",\n\t            \"publisher\": {\n\t                \"@id\": \"https:\/\/prototal.info\/dk\/#organization\"\n\t            },\n\t            \"potentialAction\": [\n\t                {\n\t                    \"@type\": \"SearchAction\",\n\t                    \"target\": {\n\t                        \"@type\": \"EntryPoint\",\n\t                        \"urlTemplate\": \"https:\/\/prototal.info\/dk\/?s={search_term_string}\"\n\t                    },\n\t                    \"query-input\": {\n\t                        \"@type\": \"PropertyValueSpecification\",\n\t                        \"valueRequired\": true,\n\t                        \"valueName\": \"search_term_string\"\n\t                    }\n\t                }\n\t            ],\n\t            \"inLanguage\": \"da-DK\"\n\t        },\n\t        {\n\t            \"@type\": \"Organization\",\n\t            \"@id\": \"https:\/\/prototal.info\/dk\/#organization\",\n\t            \"name\": \"Prototal\",\n\t            \"url\": \"https:\/\/prototal.info\/dk\/\",\n\t            \"logo\": {\n\t                \"@type\": \"ImageObject\",\n\t                \"inLanguage\": \"da-DK\",\n\t                \"@id\": \"https:\/\/prototal.info\/dk\/#\/schema\/logo\/image\/\",\n\t                \"url\": \"https:\/\/prototal.info\/app\/uploads\/2026\/03\/yoast-seo-default-logo.avif\",\n\t                \"contentUrl\": \"https:\/\/prototal.info\/app\/uploads\/2026\/03\/yoast-seo-default-logo.avif\",\n\t                \"width\": 696,\n\t                \"height\": 696,\n\t                \"caption\": \"Prototal\"\n\t            },\n\t            \"image\": {\n\t                \"@id\": \"https:\/\/prototal.info\/dk\/#\/schema\/logo\/image\/\"\n\t            }\n\t        }\n\t    ]\n\t}<\/script>\n<!-- \/ Yoast SEO plugin. -->","yoast_head_json":{"title":"ESG | Future of Manufacturing | Prototal","description":"Udforsk, hvordan Prototal driver fremskridt inden for industriel produktion gennem additiv fremstilling, cirkul\u00e6re materialevalg og socialt ansvar. L\u00e6s vores ESG-rapport.","robots":{"index":"index","follow":"follow","max-snippet":"max-snippet:-1","max-image-preview":"max-image-preview:large","max-video-preview":"max-video-preview:-1"},"canonical":"https:\/\/prototal.info\/dk\/esg\/","og_locale":"da_DK","og_type":"article","og_title":"ESG | Future of Manufacturing | Prototal","og_description":"Udforsk, hvordan Prototal driver fremskridt inden for industriel produktion gennem additiv fremstilling, cirkul\u00e6re materialevalg og socialt ansvar. L\u00e6s vores ESG-rapport.","og_url":"https:\/\/prototal.info\/dk\/esg\/","og_site_name":"Prototal","article_modified_time":"2026-04-08T07:49:39+00:00","twitter_card":"summary_large_image","twitter_misc":{"Est. reading time":"2 minutes"},"schema":{"@context":"https:\/\/schema.org","@graph":[{"@type":"WebPage","@id":"https:\/\/prototal.info\/dk\/esg\/","url":"https:\/\/prototal.info\/dk\/esg\/","name":"ESG | Future of Manufacturing | Prototal","isPartOf":{"@id":"https:\/\/prototal.info\/dk\/#website"},"primaryImageOfPage":{"@id":"https:\/\/prototal.info\/dk\/esg\/#primaryimage"},"image":{"@id":"https:\/\/prototal.info\/dk\/esg\/#primaryimage"},"thumbnailUrl":"https:\/\/prototal.info\/app\/uploads\/2025\/12\/proudtotal-logo-wall-art-norway.avif","datePublished":"2025-12-12T07:44:19+00:00","dateModified":"2026-04-08T07:49:39+00:00","description":"Udforsk, hvordan Prototal driver fremskridt inden for industriel produktion gennem additiv fremstilling, cirkul\u00e6re materialevalg og socialt ansvar. L\u00e6s vores ESG-rapport.","breadcrumb":{"@id":"https:\/\/prototal.info\/dk\/esg\/#breadcrumb"},"inLanguage":"da-DK","potentialAction":[{"@type":"ReadAction","target":["https:\/\/prototal.info\/dk\/esg\/"]}]},{"@type":"ImageObject","inLanguage":"da-DK","@id":"https:\/\/prototal.info\/dk\/esg\/#primaryimage","url":"https:\/\/prototal.info\/app\/uploads\/2025\/12\/proudtotal-logo-wall-art-norway.avif","contentUrl":"https:\/\/prototal.info\/app\/uploads\/2025\/12\/proudtotal-logo-wall-art-norway.avif","width":1600,"height":1200},{"@type":"BreadcrumbList","@id":"https:\/\/prototal.info\/dk\/esg\/#breadcrumb","itemListElement":[{"@type":"ListItem","position":1,"name":"Home","item":"https:\/\/prototal.info\/dk\/"},{"@type":"ListItem","position":2,"name":"ESG"}]},{"@type":"WebSite","@id":"https:\/\/prototal.info\/dk\/#website","url":"https:\/\/prototal.info\/dk\/","name":"Prototal","description":"From one to one million","publisher":{"@id":"https:\/\/prototal.info\/dk\/#organization"},"potentialAction":[{"@type":"SearchAction","target":{"@type":"EntryPoint","urlTemplate":"https:\/\/prototal.info\/dk\/?s={search_term_string}"},"query-input":{"@type":"PropertyValueSpecification","valueRequired":true,"valueName":"search_term_string"}}],"inLanguage":"da-DK"},{"@type":"Organization","@id":"https:\/\/prototal.info\/dk\/#organization","name":"Prototal","url":"https:\/\/prototal.info\/dk\/","logo":{"@type":"ImageObject","inLanguage":"da-DK","@id":"https:\/\/prototal.info\/dk\/#\/schema\/logo\/image\/","url":"https:\/\/prototal.info\/app\/uploads\/2026\/03\/yoast-seo-default-logo.avif","contentUrl":"https:\/\/prototal.info\/app\/uploads\/2026\/03\/yoast-seo-default-logo.avif","width":696,"height":696,"caption":"Prototal"},"image":{"@id":"https:\/\/prototal.info\/dk\/#\/schema\/logo\/image\/"}}]}},"_links":{"self":[{"href":"https:\/\/prototal.info\/dk\/wp-json\/wp\/v2\/pages\/9214","targetHints":{"allow":["GET"]}}],"collection":[{"href":"https:\/\/prototal.info\/dk\/wp-json\/wp\/v2\/pages"}],"about":[{"href":"https:\/\/prototal.info\/dk\/wp-json\/wp\/v2\/types\/page"}],"author":[{"embeddable":true,"href":"https:\/\/prototal.info\/dk\/wp-json\/wp\/v2\/users\/5"}],"replies":[{"embeddable":true,"href":"https:\/\/prototal.info\/dk\/wp-json\/wp\/v2\/comments?post=9214"}],"version-history":[{"count":11,"href":"https:\/\/prototal.info\/dk\/wp-json\/wp\/v2\/pages\/9214\/revisions"}],"predecessor-version":[{"id":18921,"href":"https:\/\/prototal.info\/dk\/wp-json\/wp\/v2\/pages\/9214\/revisions\/18921"}],"wp:featuredmedia":[{"embeddable":true,"href":"https:\/\/prototal.info\/dk\/wp-json\/wp\/v2\/media\/9210"}],"wp:attachment":[{"href":"https:\/\/prototal.info\/dk\/wp-json\/wp\/v2\/media?parent=9214"}],"curies":[{"name":"wp","href":"https:\/\/api.w.org\/{rel}","templated":true}]}}