{"id":9205,"date":"2026-01-20T15:02:40","date_gmt":"2026-01-20T14:02:40","guid":{"rendered":"https:\/\/prototal.info\/salgs-og-leveringsbetingelser\/"},"modified":"2026-03-16T14:57:26","modified_gmt":"2026-03-16T13:57:26","slug":"salgs-og-leveringsbetingelser","status":"publish","type":"page","link":"https:\/\/prototal.info\/dk\/salgs-og-leveringsbetingelser\/","title":{"rendered":"Salgs- og leveringsbetingelser"},"content":{"rendered":"\n<div class=\"wp-block-group alignfull has-dark-blue-background-color has-background is-layout-constrained wp-container-core-group-is-layout-a47e864c wp-block-group-is-layout-constrained\" style=\"padding-top:var(--wp--preset--spacing--80);padding-right:var(--wp--preset--spacing--50);padding-bottom:var(--wp--preset--spacing--80);padding-left:var(--wp--preset--spacing--50)\"><div id=\"block_5d83a08a9e02ba03a9bab61e6a86cdf6\" class=\"prototal-subsite-hero align\">\n    <div class=\"prototal-subsite-hero-inner\">\n        <div class=\"prototal-subsite-hero-left\">\n            <div class=\"acf-innerblocks-container\">\n\n<h1 class=\"wp-block-heading has-white-color has-text-color has-link-color wp-elements-11f5fde5cdbcd3dd431de9aa6bac2125\" style=\"margin-top:0\">Salgs- og leveringsbetingelser<\/h1>\n\n\n\n<p class=\"has-white-color has-text-color has-link-color wp-elements-1678be5944fadd44ba50fba3887d94b7\">For at sikre gennemsigtighed og overholdelse af regler p\u00e5 tv\u00e6rs af vores europ\u00e6iske aktiviteter opererer Prototal gennem specialiserede regionale knudepunkter (hubs). Hver facilitet overholder de juridiske rammer og industrielle standarder i sin respektive jurisdiktion. <\/p>\n\n\n\n<p class=\"has-white-color has-text-color has-link-color wp-elements-96a3c1d3d9eb49c17baf46f8da9b7572\">V\u00e6lg venligst den relevante Prototal-enhed nedenfor for at se eller downloade de specifikke salgs- og leveringsbetingelser, der g\u00e6lder for dit projekt.<\/p>\n\n<\/div>\n        <\/div>\n        <div class=\"prototal-subsite-hero-right\">\n                            <figure class=\"large-image\">\n                    <img loading=\"lazy\" decoding=\"async\" width=\"1600\" height=\"1200\" src=\"https:\/\/prototal.info\/app\/uploads\/2025\/12\/transparent-plastic.avif\" class=\"attachment-full size-full not-transparent\" alt=\"\" srcset=\"https:\/\/prototal.info\/app\/uploads\/2025\/12\/transparent-plastic.avif 1600w, https:\/\/prototal.info\/app\/uploads\/2025\/12\/transparent-plastic-300x225.avif 300w, https:\/\/prototal.info\/app\/uploads\/2025\/12\/transparent-plastic-1024x768.avif 1024w, https:\/\/prototal.info\/app\/uploads\/2025\/12\/transparent-plastic-768x576.avif 768w, https:\/\/prototal.info\/app\/uploads\/2025\/12\/transparent-plastic-1536x1152.avif 1536w\" sizes=\"auto, (max-width: 1600px) 100vw, 1600px\" data-has-transparency=\"false\" data-dominant-color=\"726057\" style=\"--dominant-color: #726057;\" \/>                <\/figure>\n                                        <figure class=\"small-image\">\n                    <img loading=\"lazy\" decoding=\"async\" width=\"1600\" height=\"1200\" src=\"https:\/\/prototal.info\/app\/uploads\/2025\/12\/packed-plastic-parts.avif\" class=\"attachment-full size-full not-transparent\" alt=\"\" srcset=\"https:\/\/prototal.info\/app\/uploads\/2025\/12\/packed-plastic-parts.avif 1600w, https:\/\/prototal.info\/app\/uploads\/2025\/12\/packed-plastic-parts-300x225.avif 300w, https:\/\/prototal.info\/app\/uploads\/2025\/12\/packed-plastic-parts-1024x768.avif 1024w, https:\/\/prototal.info\/app\/uploads\/2025\/12\/packed-plastic-parts-768x576.avif 768w, https:\/\/prototal.info\/app\/uploads\/2025\/12\/packed-plastic-parts-1536x1152.avif 1536w\" sizes=\"auto, (max-width: 1600px) 100vw, 1600px\" data-has-transparency=\"false\" data-dominant-color=\"5d504b\" style=\"--dominant-color: #5d504b;\" \/>                <\/figure>\n                    <\/div>\n    <\/div>\n<\/div>\n\n<\/div>\n\n<div style=\"height:200px\" aria-hidden=\"true\" class=\"wp-block-spacer\"><\/div>\n\n<h2 class=\"wp-block-heading\">Local salgs- og leveringsbetingelser<\/h2>\n\n<div style=\"height:15px\" aria-hidden=\"true\" class=\"wp-block-spacer\"><\/div>\n\n<figure class=\"wp-block-table alignwide is-style-stripes\"><table><tbody><tr><td>\u00d8strig, Tyskland og Schweiz<\/td><td>Kontakt en lokal kontaktperson<\/td><\/tr><tr><td>Danmark<\/td><td><a href=\"https:\/\/prototal.info\/app\/uploads\/2026\/01\/dk-en-sales-and-delivery-terms_010525.pdf\">Salgs- og leveringsbetingelser<\/a><\/td><\/tr><tr><td>Italien<\/td><td><a href=\"https:\/\/prototal.info\/app\/uploads\/2026\/01\/general-supply-conditions-prosilas.pdf\">Salgs- og leveringsbetingelser<\/a><\/td><\/tr><tr><td>Norge<\/td><td><a href=\"https:\/\/prototal.info\/app\/uploads\/2026\/03\/salgs-og-leveringsbetingelser_enno.pdf\">Salgs- og leveringsbetingelser<\/a><\/td><\/tr><tr><td>Storbritannien (UK)<\/td><td><a href=\"https:\/\/prototal.info\/app\/uploads\/2026\/01\/prototal-uk-supplier-standard-terms-and-conditions.pdf\">Salgs- og leveringsbetingelser<\/a>; <a href=\"https:\/\/prototal.info\/app\/uploads\/2026\/01\/prototal-uk-customer-standard-conditions-of-sale-2021.pdf\">Leverand\u00f8rbetingelser<\/a><\/td><\/tr><tr><td>Sverige<\/td><td><a href=\"https:\/\/prototal.info\/app\/uploads\/2026\/01\/se_prototal-terms-conditons.pdf\">Salgs- og leveringsbetingelser<\/a><\/td><\/tr><\/tbody><\/table><\/figure>\n\n<div style=\"height:200px\" aria-hidden=\"true\" class=\"wp-block-spacer\"><\/div>\n\n<div class=\"wp-block-group is-content-justification-center is-layout-constrained wp-container-core-group-is-layout-3f1f4d87 wp-block-group-is-layout-constrained\" style=\"border-radius:20px;padding-top:0;padding-right:0;padding-bottom:0;padding-left:0\">\n<div class=\"wp-block-group has-light-blue-background-color has-background is-content-justification-center is-layout-constrained wp-container-core-group-is-layout-9f56d254 wp-block-group-is-layout-constrained\" style=\"border-radius:20px;padding-top:var(--wp--preset--spacing--80);padding-right:var(--wp--preset--spacing--80);padding-bottom:var(--wp--preset--spacing--80);padding-left:var(--wp--preset--spacing--80)\">\n<h2 class=\"wp-block-heading has-dark-blue-color has-text-color has-link-color wp-elements-e276e11cb5934f6e5c37a001c285471e\" id=\"headline-779-2908\">Hvilke betingelser g\u00e6lder for min ordre?<\/h2>\n\n\n\n<p class=\"has-black-color has-text-color has-link-color wp-elements-9b74ee6eed78bcc57e55fd96da4571f3\">De g\u00e6ldende salgs- og leveringsbetingelser fastl\u00e6gges af den specifikke juridiske Prototal-enhed, som udsteder dit tilbud og din ordrebekr\u00e6ftelse. Selvom vores fokus p\u00e5 kvalitet er konsekvent p\u00e5 tv\u00e6rs af hele netv\u00e6rket, kan de lokale vilk\u00e5r variere med hensyn til logistik, ansvar og regionale handelsregler. <\/p>\n<\/div>\n<\/div>\n\n<div style=\"height:200px\" aria-hidden=\"true\" class=\"wp-block-spacer\"><\/div>\n","protected":false},"excerpt":{"rendered":"<p>Local salgs- og leveringsbetingelser \u00d8strig, Tyskland og Schweiz Kontakt en lokal kontaktperson Danmark Salgs- og leveringsbetingelser Italien Salgs- og leveringsbetingelser Norge Salgs- og leveringsbetingelser Storbritannien (UK) Salgs- og leveringsbetingelser; Leverand\u00f8rbetingelser Sverige Salgs- og leveringsbetingelser Hvilke betingelser g\u00e6lder for min ordre? De g\u00e6ldende salgs- og leveringsbetingelser fastl\u00e6gges af den specifikke juridiske Prototal-enhed, som udsteder dit tilbud [&hellip;]<\/p>\n","protected":false},"author":5,"featured_media":0,"parent":0,"menu_order":0,"comment_status":"closed","ping_status":"closed","template":"","meta":{"_acf_changed":false,"inline_featured_image":false,"footnotes":""},"class_list":["post-9205","page","type-page","status-publish","hentry"],"acf":[],"yoast_head":"<!-- This site is optimized with the Yoast SEO plugin v27.2 - https:\/\/yoast.com\/product\/yoast-seo-wordpress\/ -->\n<title>Salgs- og leveringsbetinglser | Prototal<\/title>\n<meta name=\"description\" content=\"F\u00e5 adgang til de specifikke salgs- og leveringsbetingelser for Prototals decentrale europ\u00e6iske hubs. Se de regionale juridiske rammer for Sverige, Norge, Danmark, Storbritannien, Italien og DACH-regionen (Tyskland, \u00d8strig og Schweiz\" \/>\n<meta name=\"robots\" content=\"index, follow, max-snippet:-1, max-image-preview:large, max-video-preview:-1\" \/>\n<link rel=\"canonical\" href=\"https:\/\/prototal.info\/dk\/salgs-og-leveringsbetingelser\/\" \/>\n<meta property=\"og:locale\" content=\"da_DK\" \/>\n<meta property=\"og:type\" content=\"article\" \/>\n<meta property=\"og:title\" content=\"Salgs- og leveringsbetinglser | Prototal\" \/>\n<meta property=\"og:description\" content=\"F\u00e5 adgang til de specifikke salgs- og leveringsbetingelser for Prototals decentrale europ\u00e6iske hubs. Se de regionale juridiske rammer for Sverige, Norge, Danmark, Storbritannien, Italien og DACH-regionen (Tyskland, \u00d8strig og Schweiz\" \/>\n<meta property=\"og:url\" content=\"https:\/\/prototal.info\/dk\/salgs-og-leveringsbetingelser\/\" \/>\n<meta property=\"og:site_name\" content=\"Prototal\" \/>\n<meta property=\"article:modified_time\" content=\"2026-03-16T13:57:26+00:00\" \/>\n<meta name=\"twitter:card\" content=\"summary_large_image\" \/>\n<meta name=\"twitter:label1\" content=\"Est. reading time\" \/>\n\t<meta name=\"twitter:data1\" content=\"1 minute\" \/>\n<script type=\"application\/ld+json\" class=\"yoast-schema-graph\">{\n\t    \"@context\": \"https:\/\/schema.org\",\n\t    \"@graph\": [\n\t        {\n\t            \"@type\": \"WebPage\",\n\t            \"@id\": \"https:\/\/prototal.info\/dk\/salgs-og-leveringsbetingelser\/\",\n\t            \"url\": \"https:\/\/prototal.info\/dk\/salgs-og-leveringsbetingelser\/\",\n\t            \"name\": \"Salgs- og leveringsbetinglser | Prototal\",\n\t            \"isPartOf\": {\n\t                \"@id\": \"https:\/\/prototal.info\/dk\/#website\"\n\t            },\n\t            \"datePublished\": \"2026-01-20T14:02:40+00:00\",\n\t            \"dateModified\": \"2026-03-16T13:57:26+00:00\",\n\t            \"description\": \"F\u00e5 adgang til de specifikke salgs- og leveringsbetingelser for Prototals decentrale europ\u00e6iske hubs. Se de regionale juridiske rammer for Sverige, Norge, Danmark, Storbritannien, Italien og DACH-regionen (Tyskland, \u00d8strig og Schweiz\",\n\t            \"breadcrumb\": {\n\t                \"@id\": \"https:\/\/prototal.info\/dk\/salgs-og-leveringsbetingelser\/#breadcrumb\"\n\t            },\n\t            \"inLanguage\": \"da-DK\",\n\t            \"potentialAction\": [\n\t                {\n\t                    \"@type\": \"ReadAction\",\n\t                    \"target\": [\n\t                        \"https:\/\/prototal.info\/dk\/salgs-og-leveringsbetingelser\/\"\n\t                    ]\n\t                }\n\t            ]\n\t        },\n\t        {\n\t            \"@type\": \"BreadcrumbList\",\n\t            \"@id\": \"https:\/\/prototal.info\/dk\/salgs-og-leveringsbetingelser\/#breadcrumb\",\n\t            \"itemListElement\": [\n\t                {\n\t                    \"@type\": \"ListItem\",\n\t                    \"position\": 1,\n\t                    \"name\": \"Home\",\n\t                    \"item\": \"https:\/\/prototal.info\/dk\/\"\n\t                },\n\t                {\n\t                    \"@type\": \"ListItem\",\n\t                    \"position\": 2,\n\t                    \"name\": \"Salgs- og leveringsbetingelser\"\n\t                }\n\t            ]\n\t        },\n\t        {\n\t            \"@type\": \"WebSite\",\n\t            \"@id\": \"https:\/\/prototal.info\/dk\/#website\",\n\t            \"url\": \"https:\/\/prototal.info\/dk\/\",\n\t            \"name\": \"Prototal\",\n\t            \"description\": \"From one to one million\",\n\t            \"publisher\": {\n\t                \"@id\": \"https:\/\/prototal.info\/dk\/#organization\"\n\t            },\n\t            \"potentialAction\": [\n\t                {\n\t                    \"@type\": \"SearchAction\",\n\t                    \"target\": {\n\t                        \"@type\": \"EntryPoint\",\n\t                        \"urlTemplate\": \"https:\/\/prototal.info\/dk\/?s={search_term_string}\"\n\t                    },\n\t                    \"query-input\": {\n\t                        \"@type\": \"PropertyValueSpecification\",\n\t                        \"valueRequired\": true,\n\t                        \"valueName\": \"search_term_string\"\n\t                    }\n\t                }\n\t            ],\n\t            \"inLanguage\": \"da-DK\"\n\t        },\n\t        {\n\t            \"@type\": \"Organization\",\n\t            \"@id\": \"https:\/\/prototal.info\/dk\/#organization\",\n\t            \"name\": \"Prototal\",\n\t            \"url\": \"https:\/\/prototal.info\/dk\/\",\n\t            \"logo\": {\n\t                \"@type\": \"ImageObject\",\n\t                \"inLanguage\": \"da-DK\",\n\t                \"@id\": \"https:\/\/prototal.info\/dk\/#\/schema\/logo\/image\/\",\n\t                \"url\": \"https:\/\/prototal.info\/app\/uploads\/2026\/03\/yoast-seo-default-logo.avif\",\n\t                \"contentUrl\": \"https:\/\/prototal.info\/app\/uploads\/2026\/03\/yoast-seo-default-logo.avif\",\n\t                \"width\": 696,\n\t                \"height\": 696,\n\t                \"caption\": \"Prototal\"\n\t            },\n\t            \"image\": {\n\t                \"@id\": \"https:\/\/prototal.info\/dk\/#\/schema\/logo\/image\/\"\n\t            }\n\t        }\n\t    ]\n\t}<\/script>\n<!-- \/ Yoast SEO plugin. -->","yoast_head_json":{"title":"Salgs- og leveringsbetinglser | Prototal","description":"F\u00e5 adgang til de specifikke salgs- og leveringsbetingelser for Prototals decentrale europ\u00e6iske hubs. Se de regionale juridiske rammer for Sverige, Norge, Danmark, Storbritannien, Italien og DACH-regionen (Tyskland, \u00d8strig og Schweiz","robots":{"index":"index","follow":"follow","max-snippet":"max-snippet:-1","max-image-preview":"max-image-preview:large","max-video-preview":"max-video-preview:-1"},"canonical":"https:\/\/prototal.info\/dk\/salgs-og-leveringsbetingelser\/","og_locale":"da_DK","og_type":"article","og_title":"Salgs- og leveringsbetinglser | Prototal","og_description":"F\u00e5 adgang til de specifikke salgs- og leveringsbetingelser for Prototals decentrale europ\u00e6iske hubs. Se de regionale juridiske rammer for Sverige, Norge, Danmark, Storbritannien, Italien og DACH-regionen (Tyskland, \u00d8strig og Schweiz","og_url":"https:\/\/prototal.info\/dk\/salgs-og-leveringsbetingelser\/","og_site_name":"Prototal","article_modified_time":"2026-03-16T13:57:26+00:00","twitter_card":"summary_large_image","twitter_misc":{"Est. reading time":"1 minute"},"schema":{"@context":"https:\/\/schema.org","@graph":[{"@type":"WebPage","@id":"https:\/\/prototal.info\/dk\/salgs-og-leveringsbetingelser\/","url":"https:\/\/prototal.info\/dk\/salgs-og-leveringsbetingelser\/","name":"Salgs- og leveringsbetinglser | Prototal","isPartOf":{"@id":"https:\/\/prototal.info\/dk\/#website"},"datePublished":"2026-01-20T14:02:40+00:00","dateModified":"2026-03-16T13:57:26+00:00","description":"F\u00e5 adgang til de specifikke salgs- og leveringsbetingelser for Prototals decentrale europ\u00e6iske hubs. Se de regionale juridiske rammer for Sverige, Norge, Danmark, Storbritannien, Italien og DACH-regionen (Tyskland, \u00d8strig og Schweiz","breadcrumb":{"@id":"https:\/\/prototal.info\/dk\/salgs-og-leveringsbetingelser\/#breadcrumb"},"inLanguage":"da-DK","potentialAction":[{"@type":"ReadAction","target":["https:\/\/prototal.info\/dk\/salgs-og-leveringsbetingelser\/"]}]},{"@type":"BreadcrumbList","@id":"https:\/\/prototal.info\/dk\/salgs-og-leveringsbetingelser\/#breadcrumb","itemListElement":[{"@type":"ListItem","position":1,"name":"Home","item":"https:\/\/prototal.info\/dk\/"},{"@type":"ListItem","position":2,"name":"Salgs- og leveringsbetingelser"}]},{"@type":"WebSite","@id":"https:\/\/prototal.info\/dk\/#website","url":"https:\/\/prototal.info\/dk\/","name":"Prototal","description":"From one to one million","publisher":{"@id":"https:\/\/prototal.info\/dk\/#organization"},"potentialAction":[{"@type":"SearchAction","target":{"@type":"EntryPoint","urlTemplate":"https:\/\/prototal.info\/dk\/?s={search_term_string}"},"query-input":{"@type":"PropertyValueSpecification","valueRequired":true,"valueName":"search_term_string"}}],"inLanguage":"da-DK"},{"@type":"Organization","@id":"https:\/\/prototal.info\/dk\/#organization","name":"Prototal","url":"https:\/\/prototal.info\/dk\/","logo":{"@type":"ImageObject","inLanguage":"da-DK","@id":"https:\/\/prototal.info\/dk\/#\/schema\/logo\/image\/","url":"https:\/\/prototal.info\/app\/uploads\/2026\/03\/yoast-seo-default-logo.avif","contentUrl":"https:\/\/prototal.info\/app\/uploads\/2026\/03\/yoast-seo-default-logo.avif","width":696,"height":696,"caption":"Prototal"},"image":{"@id":"https:\/\/prototal.info\/dk\/#\/schema\/logo\/image\/"}}]}},"_links":{"self":[{"href":"https:\/\/prototal.info\/dk\/wp-json\/wp\/v2\/pages\/9205","targetHints":{"allow":["GET"]}}],"collection":[{"href":"https:\/\/prototal.info\/dk\/wp-json\/wp\/v2\/pages"}],"about":[{"href":"https:\/\/prototal.info\/dk\/wp-json\/wp\/v2\/types\/page"}],"author":[{"embeddable":true,"href":"https:\/\/prototal.info\/dk\/wp-json\/wp\/v2\/users\/5"}],"replies":[{"embeddable":true,"href":"https:\/\/prototal.info\/dk\/wp-json\/wp\/v2\/comments?post=9205"}],"version-history":[{"count":3,"href":"https:\/\/prototal.info\/dk\/wp-json\/wp\/v2\/pages\/9205\/revisions"}],"predecessor-version":[{"id":13700,"href":"https:\/\/prototal.info\/dk\/wp-json\/wp\/v2\/pages\/9205\/revisions\/13700"}],"wp:attachment":[{"href":"https:\/\/prototal.info\/dk\/wp-json\/wp\/v2\/media?parent=9205"}],"curies":[{"name":"wp","href":"https:\/\/api.w.org\/{rel}","templated":true}]}}