{"id":9198,"date":"2025-12-05T12:51:49","date_gmt":"2025-12-05T11:51:49","guid":{"rendered":"https:\/\/prototal.info\/servicevilkaar\/"},"modified":"2026-03-18T20:58:24","modified_gmt":"2026-03-18T19:58:24","slug":"servicevilkar","status":"publish","type":"page","link":"https:\/\/prototal.info\/dk\/servicevilkar\/","title":{"rendered":"Servicevilk\u00e5r"},"content":{"rendered":"\n<div class=\"wp-block-group is-content-justification-center is-layout-constrained wp-container-core-group-is-layout-da99a3d4 wp-block-group-is-layout-constrained\">\n<h2 class=\"wp-block-heading\">Servicevilk\u00e5r<\/h2>\n\n\n\n<p class=\"has-small-font-size\"><em>Vores servicevilk\u00e5r blev sidst opdateret den 1. december 2025.<\/em><\/p>\n\n\n\n<p>Ved at tilg\u00e5 eller bruge Prototals (\u201cvi,\u201d \u201cvores,\u201d eller \u201cos\u201d) hjemmeside prototal.info (\u201cSiden\u201d) eller enhver tjeneste, der leveres gennem denne (samlet kaldet \u201cTjenesterne\u201d), accepterer du at overholde og v\u00e6re bundet af disse servicevilk\u00e5r (\u201cVilk\u00e5r\u201d). Hvis du ikke kan acceptere disse Vilk\u00e5r, bedes du undlade at bruge Siden eller Tjenesterne. <\/p>\n\n\n\n<h3 class=\"wp-block-heading\">Accept og \u00e6ndringer af vilk\u00e5r<\/h3>\n\n\n\n<p>Ved at bruge vores Side eller Tjenester bekr\u00e6fter du, at du er mindst 18 \u00e5r gammel (eller myndig i din jurisdiktion) og juridisk i stand til at indg\u00e5 disse Vilk\u00e5r. Vi kan opdatere disse Vilk\u00e5r fra tid til anden. Den seneste version vil altid v\u00e6re tilg\u00e6ngelig p\u00e5 denne side med datoen for &#8216;Sidst opdateret&#8217; nederst p\u00e5 siden. Fortsat brug af Siden eller Tjenesterne udg\u00f8r en accept af eventuelle \u00e6ndringer.   <\/p>\n\n\n\n<h3 class=\"wp-block-heading\">Ved brug af vores services<\/h3>\n\n\n\n<p>Accepterer du at:<\/p>\n\n\n\n<ul class=\"wp-block-list\">\n<li>Bruge Siden og Tjenesterne i overensstemmelse med g\u00e6ldende love og regler.<\/li>\n\n\n\n<li>Afgive pr\u00e6cise og opdaterede oplysninger, n\u00e5r det er p\u00e5kr\u00e6vet.<\/li>\n\n\n\n<li>Ikke misbruge Siden eller fors\u00f8ge at f\u00e5 adgang til den p\u00e5 uautoriseret vis.<\/li>\n<\/ul>\n\n\n\n<p>Accepterer du, at du ikke:<\/p>\n\n\n\n<ul class=\"wp-block-list\">\n<li>fors\u00f8ger at forstyrre driften af Siden, servere eller netv\u00e6rk.<\/li>\n<\/ul>\n\n\n\n<h3 class=\"wp-block-heading\">Immaterialret<\/h3>\n\n\n\n<p>Alt indhold, varem\u00e6rker, logoer, designs, tekst, billeder og software p\u00e5 Siden tilh\u00f8rer Prototal og er beskyttet af love om ophavsret, varem\u00e6rker og andre immaterielle rettigheder. Du m\u00e5 ikke reproducere, distribuere eller anvende noget indhold uden udtrykkelig skriftlig tilladelse. <\/p>\n\n\n\n<h3 class=\"wp-block-heading\">Privatliv<\/h3>\n\n\n\n<p>Din brug af Siden er ogs\u00e5 underlagt vores privatlivspolitik, som forklarer, hvordan vi indsamler, bruger og beskytter dine personoplysninger.<\/p>\n\n\n\n<h3 class=\"wp-block-heading\">Links til tredjeparter<\/h3>\n\n\n\n<p>Vores Side indeholder links til tredjepartswebsteder. Vi er ikke ansvarlige for indholdet, politikkerne eller praksis hos disse tredjeparter. Adgang til tredjepartswebsteder sker p\u00e5 eget ansvar.  <\/p>\n\n\n\n<h3 class=\"wp-block-heading\">Automatiserede systemer, AI og robotter<\/h3>\n\n\n\n<ul class=\"wp-block-list\">\n<li>Visse funktioner p\u00e5 vores Side eller i vores Tjenester kan g\u00f8re brug af automatiserede v\u00e6rkt\u00f8jer, AI eller chatbots for at assistere brugere.<\/li>\n\n\n\n<li>Selvom vi str\u00e6ber efter at sikre n\u00f8jagtighed, kan automatiserede systemer lejlighedsvis levere ufuldst\u00e6ndige eller uperfekte oplysninger.<\/li>\n\n\n\n<li>Brugere er ansvarlige for at efterpr\u00f8ve enhver kritisk information, der er opn\u00e5et gennem automatiserede systemer.<\/li>\n\n\n\n<li>Brug af AI-funktioner er underlagt de samme servicevilk\u00e5r og samme privatlivspolitik som resten af Siden.<\/li>\n\n\n\n<li>Automatiserede v\u00e6rkt\u00f8jer, robotter (bots) eller scripts m\u00e5 kun tilg\u00e5 vores hjemmeside p\u00e5 m\u00e5der, der er i overensstemmelse med g\u00e6ldende lovgivning og disse Vilk\u00e5r.<\/li>\n\n\n\n<li>Uautoriseret crawling, scraping eller dataudtr\u00e6k fra Siden er strengt forbudt.<\/li>\n\n\n\n<li>Vi kan anvende automatiserede v\u00e6rkt\u00f8jer, AI eller robotter til at administrere, overv\u00e5ge eller forbedre Siden og Tjenesterne.<\/li>\n\n\n\n<li>Brugen af AI-funktioner p\u00e5 denne Side er beregnet til at assistere brugere. Vi er ikke ansvarlige for eventuelle un\u00f8jagtigheder eller begr\u00e6nsninger i AI-genereret indhold. <\/li>\n<\/ul>\n\n\n\n<h3 class=\"wp-block-heading\">Ansvarsfraskrivelse<\/h3>\n\n\n\n<p>Siden og Tjenesterne leveres &#8216;som de er&#8217; og &#8216;som de er tilg\u00e6ngelige&#8217;. Vi garanterer ikke, at Siden vil v\u00e6re uden afbrydelser eller fejlfri. <\/p>\n\n\n\n<h3 class=\"wp-block-heading\">Ansvarsfraskrivelse for materialespecifikationer<\/h3>\n\n\n\n<p>Materialespecifikationerne p\u00e5 denne hjemmeside stammer fra de respektive originale udstyrsproducenter (OEM&#8217;er). Selvom vi bestr\u00e6ber os p\u00e5 at sikre, at oplysningerne er n\u00f8jagtige og opdaterede, garanterer Prototal ikke for fuldst\u00e6ndigheden, korrektheden eller egnetheden af disse specifikationer til noget bestemt form\u00e5l. <\/p>\n\n\n\n<p>Brugere er ansvarlige for at verificere alle kritiske oplysninger direkte hos den originale udstyrsproducent (OEM), f\u00f8r de anvendes i produktionen eller danner grundlag for designbeslutninger. Ved at tilg\u00e5 eller bruge disse specifikationsark anerkender du, at Prototal ikke er ansvarlig for fejl, udeladelser eller \u00e6ndringer i de data, som producenten har stillet til r\u00e5dighed. <\/p>\n\n\n\n<p>Hvor det er muligt, vil vi altid stille links til r\u00e5dighed til OEM&#8217;ens officielle dokumentation til din orientering.<\/p>\n\n\n\n<h3 class=\"wp-block-heading\">Kontaktinformation<\/h3>\n\n\n\n<p>For sp\u00f8rgsm\u00e5l eller bem\u00e6rkninger til disse Vilk\u00e5r, bedes du kontakte os p\u00e5 marketing@prototalgroup.com<\/p>\n<\/div>\n\n<div style=\"height:200px\" aria-hidden=\"true\" class=\"wp-block-spacer\"><\/div>\n","protected":false},"excerpt":{"rendered":"<p>Servicevilk\u00e5r Vores servicevilk\u00e5r blev sidst opdateret den 1. december 2025. Ved at tilg\u00e5 eller bruge Prototals (\u201cvi,\u201d \u201cvores,\u201d eller \u201cos\u201d) hjemmeside prototal.info (\u201cSiden\u201d) eller enhver tjeneste, der leveres gennem denne (samlet kaldet \u201cTjenesterne\u201d), accepterer du at overholde og v\u00e6re bundet af disse servicevilk\u00e5r (\u201cVilk\u00e5r\u201d). Hvis du ikke kan acceptere disse Vilk\u00e5r, bedes du undlade at [&hellip;]<\/p>\n","protected":false},"author":5,"featured_media":0,"parent":0,"menu_order":0,"comment_status":"closed","ping_status":"closed","template":"","meta":{"_acf_changed":false,"inline_featured_image":false,"footnotes":""},"class_list":["post-9198","page","type-page","status-publish","hentry"],"acf":[],"yoast_head":"<!-- This site is optimized with the Yoast SEO plugin v27.5 - https:\/\/yoast.com\/product\/yoast-seo-wordpress\/ -->\n<title>Servicevilk\u00e5r | Prototal<\/title>\n<meta name=\"robots\" content=\"index, follow, max-snippet:-1, max-image-preview:large, max-video-preview:-1\" \/>\n<link rel=\"canonical\" href=\"https:\/\/prototal.info\/dk\/servicevilkar\/\" \/>\n<meta property=\"og:locale\" content=\"da_DK\" \/>\n<meta property=\"og:type\" content=\"article\" \/>\n<meta property=\"og:title\" content=\"Servicevilk\u00e5r | Prototal\" \/>\n<meta property=\"og:description\" content=\"Servicevilk\u00e5r Vores servicevilk\u00e5r blev sidst opdateret den 1. december 2025. Ved at tilg\u00e5 eller bruge Prototals (\u201cvi,\u201d \u201cvores,\u201d eller \u201cos\u201d) hjemmeside prototal.info (\u201cSiden\u201d) eller enhver tjeneste, der leveres gennem denne (samlet kaldet \u201cTjenesterne\u201d), accepterer du at overholde og v\u00e6re bundet af disse servicevilk\u00e5r (\u201cVilk\u00e5r\u201d). Hvis du ikke kan acceptere disse Vilk\u00e5r, bedes du undlade at [&hellip;]\" \/>\n<meta property=\"og:url\" content=\"https:\/\/prototal.info\/dk\/servicevilkar\/\" \/>\n<meta property=\"og:site_name\" content=\"Prototal\" \/>\n<meta property=\"article:modified_time\" content=\"2026-03-18T19:58:24+00:00\" \/>\n<meta name=\"twitter:card\" content=\"summary_large_image\" \/>\n<meta name=\"twitter:label1\" content=\"Est. reading time\" \/>\n\t<meta name=\"twitter:data1\" content=\"3 minutes\" \/>\n<script type=\"application\/ld+json\" class=\"yoast-schema-graph\">{\n\t    \"@context\": \"https:\\\/\\\/schema.org\",\n\t    \"@graph\": [\n\t        {\n\t            \"@type\": \"WebPage\",\n\t            \"@id\": \"https:\\\/\\\/prototal.info\\\/dk\\\/servicevilkar\\\/\",\n\t            \"url\": \"https:\\\/\\\/prototal.info\\\/dk\\\/servicevilkar\\\/\",\n\t            \"name\": \"Servicevilk\u00e5r | Prototal\",\n\t            \"isPartOf\": {\n\t                \"@id\": \"https:\\\/\\\/prototal.info\\\/dk\\\/#website\"\n\t            },\n\t            \"datePublished\": \"2025-12-05T11:51:49+00:00\",\n\t            \"dateModified\": \"2026-03-18T19:58:24+00:00\",\n\t            \"breadcrumb\": {\n\t                \"@id\": \"https:\\\/\\\/prototal.info\\\/dk\\\/servicevilkar\\\/#breadcrumb\"\n\t            },\n\t            \"inLanguage\": \"da-DK\",\n\t            \"potentialAction\": [\n\t                {\n\t                    \"@type\": \"ReadAction\",\n\t                    \"target\": [\n\t                        \"https:\\\/\\\/prototal.info\\\/dk\\\/servicevilkar\\\/\"\n\t                    ]\n\t                }\n\t            ]\n\t        },\n\t        {\n\t            \"@type\": \"BreadcrumbList\",\n\t            \"@id\": \"https:\\\/\\\/prototal.info\\\/dk\\\/servicevilkar\\\/#breadcrumb\",\n\t            \"itemListElement\": [\n\t                {\n\t                    \"@type\": \"ListItem\",\n\t                    \"position\": 1,\n\t                    \"name\": \"Home\",\n\t                    \"item\": \"https:\\\/\\\/prototal.info\\\/dk\\\/\"\n\t                },\n\t                {\n\t                    \"@type\": \"ListItem\",\n\t                    \"position\": 2,\n\t                    \"name\": \"Servicevilk\u00e5r\"\n\t                }\n\t            ]\n\t        },\n\t        {\n\t            \"@type\": \"WebSite\",\n\t            \"@id\": \"https:\\\/\\\/prototal.info\\\/dk\\\/#website\",\n\t            \"url\": \"https:\\\/\\\/prototal.info\\\/dk\\\/\",\n\t            \"name\": \"Prototal\",\n\t            \"description\": \"From one to one million\",\n\t            \"publisher\": {\n\t                \"@id\": \"https:\\\/\\\/prototal.info\\\/dk\\\/#organization\"\n\t            },\n\t            \"potentialAction\": [\n\t                {\n\t                    \"@type\": \"SearchAction\",\n\t                    \"target\": {\n\t                        \"@type\": \"EntryPoint\",\n\t                        \"urlTemplate\": \"https:\\\/\\\/prototal.info\\\/dk\\\/?s={search_term_string}\"\n\t                    },\n\t                    \"query-input\": {\n\t                        \"@type\": \"PropertyValueSpecification\",\n\t                        \"valueRequired\": true,\n\t                        \"valueName\": \"search_term_string\"\n\t                    }\n\t                }\n\t            ],\n\t            \"inLanguage\": \"da-DK\"\n\t        },\n\t        {\n\t            \"@type\": \"Organization\",\n\t            \"@id\": \"https:\\\/\\\/prototal.info\\\/dk\\\/#organization\",\n\t            \"name\": \"Prototal\",\n\t            \"url\": \"https:\\\/\\\/prototal.info\\\/dk\\\/\",\n\t            \"logo\": {\n\t                \"@type\": \"ImageObject\",\n\t                \"inLanguage\": \"da-DK\",\n\t                \"@id\": \"https:\\\/\\\/prototal.info\\\/dk\\\/#\\\/schema\\\/logo\\\/image\\\/\",\n\t                \"url\": \"https:\\\/\\\/prototal.info\\\/app\\\/uploads\\\/2026\\\/03\\\/yoast-seo-default-logo.avif\",\n\t                \"contentUrl\": \"https:\\\/\\\/prototal.info\\\/app\\\/uploads\\\/2026\\\/03\\\/yoast-seo-default-logo.avif\",\n\t                \"width\": 696,\n\t                \"height\": 696,\n\t                \"caption\": \"Prototal\"\n\t            },\n\t            \"image\": {\n\t                \"@id\": \"https:\\\/\\\/prototal.info\\\/dk\\\/#\\\/schema\\\/logo\\\/image\\\/\"\n\t            }\n\t        }\n\t    ]\n\t}<\/script>\n<!-- \/ Yoast SEO plugin. -->","yoast_head_json":{"title":"Servicevilk\u00e5r | Prototal","robots":{"index":"index","follow":"follow","max-snippet":"max-snippet:-1","max-image-preview":"max-image-preview:large","max-video-preview":"max-video-preview:-1"},"canonical":"https:\/\/prototal.info\/dk\/servicevilkar\/","og_locale":"da_DK","og_type":"article","og_title":"Servicevilk\u00e5r | Prototal","og_description":"Servicevilk\u00e5r Vores servicevilk\u00e5r blev sidst opdateret den 1. december 2025. Ved at tilg\u00e5 eller bruge Prototals (\u201cvi,\u201d \u201cvores,\u201d eller \u201cos\u201d) hjemmeside prototal.info (\u201cSiden\u201d) eller enhver tjeneste, der leveres gennem denne (samlet kaldet \u201cTjenesterne\u201d), accepterer du at overholde og v\u00e6re bundet af disse servicevilk\u00e5r (\u201cVilk\u00e5r\u201d). Hvis du ikke kan acceptere disse Vilk\u00e5r, bedes du undlade at [&hellip;]","og_url":"https:\/\/prototal.info\/dk\/servicevilkar\/","og_site_name":"Prototal","article_modified_time":"2026-03-18T19:58:24+00:00","twitter_card":"summary_large_image","twitter_misc":{"Est. reading time":"3 minutes"},"schema":{"@context":"https:\/\/schema.org","@graph":[{"@type":"WebPage","@id":"https:\/\/prototal.info\/dk\/servicevilkar\/","url":"https:\/\/prototal.info\/dk\/servicevilkar\/","name":"Servicevilk\u00e5r | Prototal","isPartOf":{"@id":"https:\/\/prototal.info\/dk\/#website"},"datePublished":"2025-12-05T11:51:49+00:00","dateModified":"2026-03-18T19:58:24+00:00","breadcrumb":{"@id":"https:\/\/prototal.info\/dk\/servicevilkar\/#breadcrumb"},"inLanguage":"da-DK","potentialAction":[{"@type":"ReadAction","target":["https:\/\/prototal.info\/dk\/servicevilkar\/"]}]},{"@type":"BreadcrumbList","@id":"https:\/\/prototal.info\/dk\/servicevilkar\/#breadcrumb","itemListElement":[{"@type":"ListItem","position":1,"name":"Home","item":"https:\/\/prototal.info\/dk\/"},{"@type":"ListItem","position":2,"name":"Servicevilk\u00e5r"}]},{"@type":"WebSite","@id":"https:\/\/prototal.info\/dk\/#website","url":"https:\/\/prototal.info\/dk\/","name":"Prototal","description":"From one to one million","publisher":{"@id":"https:\/\/prototal.info\/dk\/#organization"},"potentialAction":[{"@type":"SearchAction","target":{"@type":"EntryPoint","urlTemplate":"https:\/\/prototal.info\/dk\/?s={search_term_string}"},"query-input":{"@type":"PropertyValueSpecification","valueRequired":true,"valueName":"search_term_string"}}],"inLanguage":"da-DK"},{"@type":"Organization","@id":"https:\/\/prototal.info\/dk\/#organization","name":"Prototal","url":"https:\/\/prototal.info\/dk\/","logo":{"@type":"ImageObject","inLanguage":"da-DK","@id":"https:\/\/prototal.info\/dk\/#\/schema\/logo\/image\/","url":"https:\/\/prototal.info\/app\/uploads\/2026\/03\/yoast-seo-default-logo.avif","contentUrl":"https:\/\/prototal.info\/app\/uploads\/2026\/03\/yoast-seo-default-logo.avif","width":696,"height":696,"caption":"Prototal"},"image":{"@id":"https:\/\/prototal.info\/dk\/#\/schema\/logo\/image\/"}}]}},"_links":{"self":[{"href":"https:\/\/prototal.info\/dk\/wp-json\/wp\/v2\/pages\/9198","targetHints":{"allow":["GET"]}}],"collection":[{"href":"https:\/\/prototal.info\/dk\/wp-json\/wp\/v2\/pages"}],"about":[{"href":"https:\/\/prototal.info\/dk\/wp-json\/wp\/v2\/types\/page"}],"author":[{"embeddable":true,"href":"https:\/\/prototal.info\/dk\/wp-json\/wp\/v2\/users\/5"}],"replies":[{"embeddable":true,"href":"https:\/\/prototal.info\/dk\/wp-json\/wp\/v2\/comments?post=9198"}],"version-history":[{"count":2,"href":"https:\/\/prototal.info\/dk\/wp-json\/wp\/v2\/pages\/9198\/revisions"}],"predecessor-version":[{"id":13701,"href":"https:\/\/prototal.info\/dk\/wp-json\/wp\/v2\/pages\/9198\/revisions\/13701"}],"wp:attachment":[{"href":"https:\/\/prototal.info\/dk\/wp-json\/wp\/v2\/media?parent=9198"}],"curies":[{"name":"wp","href":"https:\/\/api.w.org\/{rel}","templated":true}]}}