{"id":9617,"date":"2025-12-12T08:21:43","date_gmt":"2025-12-12T07:21:43","guid":{"rendered":"https:\/\/prototal.info\/nachbearbeitung\/"},"modified":"2026-03-18T08:17:25","modified_gmt":"2026-03-18T07:17:25","slug":"nachbearbeitung","status":"publish","type":"page","link":"https:\/\/prototal.info\/de\/leistungen\/industrieller-3d-druck\/kunststoff\/nachbearbeitung\/","title":{"rendered":"Nachbearbeitung"},"content":{"rendered":"\n<div class=\"wp-block-group alignfull has-dark-blue-background-color has-background is-layout-constrained wp-container-core-group-is-layout-a47e864c wp-block-group-is-layout-constrained\" style=\"padding-top:var(--wp--preset--spacing--80);padding-right:var(--wp--preset--spacing--50);padding-bottom:var(--wp--preset--spacing--80);padding-left:var(--wp--preset--spacing--50)\"><div id=\"block_25c1c504cba6ac8aee0446f8cfadedcb\" class=\"prototal-subsite-hero align\">\n    <div class=\"prototal-subsite-hero-inner\">\n        <div class=\"prototal-subsite-hero-left\">\n            <div class=\"acf-innerblocks-container\">\n\n<h1 class=\"wp-block-heading has-white-color has-text-color has-link-color wp-elements-8ccbca4fad7f5d48074325b4927d173b\" style=\"margin-top:0\">Industrielle Nachbearbeitung &amp; Systemmontage<\/h1>\n\n\n\n<p class=\"has-white-color has-text-color has-link-color wp-elements-98b2ac00591a9065182a825c334a3eea\">Um ein 3D gedrucktes Bauteil in eine leistungsstarke industrielle Komponente zu verwandeln, muss es einen spezialisierten Veredelungsprozess durchlaufen, der auf seine Endanwendungsumgebung zugeschnitten ist. <\/p>\n\n\n\n<p class=\"has-white-color has-text-color has-link-color wp-elements-16ce5f32331f02713abefbd031f9b713\">Durch die Kombination unserer enormen europ\u00e4ischen Produktionskapazit\u00e4t mit fortschrittlicher Oberfl\u00e4chenwissenschaft \u2013 einschlie\u00dflich Dampfgl\u00e4ttung, Gleitschleifen und pr\u00e4ziser Hardwareintegration \u2013 gehen unsere Leistungen \u00fcber einfaches Prototyping hinaus.<\/p>\n\n\n\n<p class=\"has-white-color has-text-color has-link-color wp-elements-774f39e9b297f7329bcec6257fda64c8\">Wir bieten einen lokalisierten Zugang zu komplexen, einsatzbereiten Komponenten und stellen sicher, dass Ihr Produkt die strengen Standards Ihrer Branche erf\u00fcllt.<\/p>\n\n<\/div>\n        <\/div>\n        <div class=\"prototal-subsite-hero-right\">\n                            <figure class=\"large-image\">\n                    <img loading=\"lazy\" decoding=\"async\" width=\"1600\" height=\"1200\" src=\"https:\/\/prototal.info\/app\/uploads\/2026\/01\/dyemansion-prototal-material-board-coloring.avif\" class=\"attachment-full size-full not-transparent\" alt=\"\" srcset=\"https:\/\/prototal.info\/app\/uploads\/2026\/01\/dyemansion-prototal-material-board-coloring.avif 1600w, https:\/\/prototal.info\/app\/uploads\/2026\/01\/dyemansion-prototal-material-board-coloring-300x225.avif 300w, https:\/\/prototal.info\/app\/uploads\/2026\/01\/dyemansion-prototal-material-board-coloring-1024x768.avif 1024w, https:\/\/prototal.info\/app\/uploads\/2026\/01\/dyemansion-prototal-material-board-coloring-768x576.avif 768w, https:\/\/prototal.info\/app\/uploads\/2026\/01\/dyemansion-prototal-material-board-coloring-1536x1152.avif 1536w\" sizes=\"auto, (max-width: 1600px) 100vw, 1600px\" data-has-transparency=\"false\" data-dominant-color=\"467296\" style=\"--dominant-color: #467296;\" \/>                <\/figure>\n                                        <figure class=\"small-image\">\n                    <img loading=\"lazy\" decoding=\"async\" width=\"1600\" height=\"1200\" src=\"https:\/\/prototal.info\/app\/uploads\/2025\/12\/vapor-smooth-sls.avif\" class=\"attachment-full size-full\" alt=\"\" srcset=\"https:\/\/prototal.info\/app\/uploads\/2025\/12\/vapor-smooth-sls.avif 1600w, https:\/\/prototal.info\/app\/uploads\/2025\/12\/vapor-smooth-sls-300x225.avif 300w, https:\/\/prototal.info\/app\/uploads\/2025\/12\/vapor-smooth-sls-1024x768.avif 1024w, https:\/\/prototal.info\/app\/uploads\/2025\/12\/vapor-smooth-sls-768x576.avif 768w, https:\/\/prototal.info\/app\/uploads\/2025\/12\/vapor-smooth-sls-1536x1152.avif 1536w\" sizes=\"auto, (max-width: 1600px) 100vw, 1600px\" \/>                <\/figure>\n                    <\/div>\n    <\/div>\n<\/div>\n\n<\/div>\n\n\n\n<div style=\"height:200px\" aria-hidden=\"true\" class=\"wp-block-spacer\"><\/div>\n\n\n\n<h2 class=\"wp-block-heading has-text-align-center\">Ausgew\u00e4hlte Nachbearbeitungsservices<\/h2>\n\n\n\n<div style=\"height:15px\" aria-hidden=\"true\" class=\"wp-block-spacer\"><\/div>\n\n\n<div id=\"block_a85f7bfc597195edc227d5e9cc7ecf5d\" class=\"prototal-navigate align\">\n<div class=\"navigate-wrapper navigate-wrapper--3-items\"><a href=\"https:\/\/prototal.info\/\/de\/leistungen\/industrieller-3d-druck\/kunststoff\/nachbearbeitung\/chemisch-glaetten\/\" target=\"\" class=\"navigate-card\"><figure><\/figure><div class=\"navigate-content\"><h4>Gl\u00e4tten durch Dampfphasenpolieren (Vapor Smoothing)<\/h4><div class=\"navigate-subtext\">Hochglanzversiegelung<\/div><\/div><\/a><a href=\"https:\/\/prototal.info\/de\/leistungen\/industrieller-3d-druck\/kunststoff\/nachbearbeitung\/gleitschleifen\/\" target=\"\" class=\"navigate-card\"><figure><\/figure><div class=\"navigate-content\"><h4>Gleitschleifen<\/h4><div class=\"navigate-subtext\">Matte Oberfl\u00e4chen<\/div><\/div><\/a><a href=\"https:\/\/prototal.info\/de\/leistungen\/industrieller-3d-druck\/kunststoff\/nachbearbeitung\/faerben\/\" target=\"\" class=\"navigate-card\"><figure><\/figure><div class=\"navigate-content\"><h4>F\u00e4rben<\/h4><div class=\"navigate-subtext\">Kratzfestes Branding<\/div><\/div><\/a><\/div><\/div>\n\n\n\n\n\n<div style=\"height:200px\" aria-hidden=\"true\" class=\"wp-block-spacer\"><\/div>\n\n\n\n<div class=\"wp-block-group alignfull has-light-blue-background-color has-background is-layout-constrained wp-block-group-is-layout-constrained\"><div id=\"block_c8cb4aa0cf37ce2c0dcbf165df3fbe88\" class=\"quote-carousel alignwide\">\n    <div class=\"quote-carousel-wrapper swiper bg-light\" style=\"background-color: #f5fbff;\" data-carousel-id=\"block_c8cb4aa0cf37ce2c0dcbf165df3fbe88\">\n        <div class=\"swiper-wrapper\">\n                            <div class=\"swiper-slide\">\n                   \n                        <div class=\"quote-column text-dark\">\n                            \n                                                            <h2 class=\"quote-title\">Wir betrachten Nachbearbeitung nicht als letzten Schliff, sondern als eine kritische Ingenieurphase.<\/h2>\n                                                        \n                                                            <div class=\"quote-text\">\n                                    <p>Jedes Bauteil hat seine einzigartige Anwendungsumgebung \u2014 einige erfordern UV-Stabilit\u00e4t, andere ben\u00f6tigen reibungsarme Oberfl\u00e4chen. Wir analysieren die Endanwendungsanforderungen Ihres Projekts, um den pr\u00e4zisen Nachbearbeitungsweg auszuw\u00e4hlen, der sowohl die Haltbarkeit als auch die Funktionalit\u00e4t des Kunststoffs optimiert.<\/p>\n<p>\u2014 Claes Sj\u00f6dahl, Senior Business Developer, Prototal Sweden<\/p>\n                                <\/div>\n                                                    <\/div>\n                        \n                        <div class=\"image-column\">\n                            \n                                                            <figure>\n                                    <img loading=\"lazy\" decoding=\"async\" width=\"480\" height=\"480\" src=\"https:\/\/prototal.info\/app\/uploads\/2025\/12\/contact-photos-sweden-jkpg-claes.avif\" class=\"attachment-full size-full\" alt=\"\" srcset=\"https:\/\/prototal.info\/app\/uploads\/2025\/12\/contact-photos-sweden-jkpg-claes.avif 480w, https:\/\/prototal.info\/app\/uploads\/2025\/12\/contact-photos-sweden-jkpg-claes-300x300.avif 300w, https:\/\/prototal.info\/app\/uploads\/2025\/12\/contact-photos-sweden-jkpg-claes-150x150.avif 150w\" sizes=\"auto, (max-width: 480px) 100vw, 480px\" \/>                                <\/figure>\n                                                    <\/div>\n              \n                <\/div>\n                        <\/div>\n        \n        <div class=\"swiper-button-next\"><\/div>\n        <div class=\"swiper-button-prev\"><\/div>\n    <\/div>\n    <\/div>\n\n<\/div>\n\n\n\n<div style=\"height:200px\" aria-hidden=\"true\" class=\"wp-block-spacer\"><\/div>\n\n\n\n<h2 class=\"wp-block-heading\">\u00dcbersicht unseres Nachbearbeitungsangebots<\/h2>\n\n\n\n<figure class=\"wp-block-table alignwide is-style-stripes\"><table class=\"has-fixed-layout\"><thead><tr><th>Nachbearbeitung f\u00fcr Kunststoff<\/th><th>Funktioneller Nutzen<\/th><th>Physisches Ergebnis<\/th><th>Geeignete Technologien<\/th><\/tr><\/thead><tbody><tr><td>Gl\u00e4tten durch Dampfphasenpolieren (Vapor Smoothing)<\/td><td>Fluiddichte, Reibungsreduzierung<\/td><td>Hochglanz, hermetische Versiegelung<\/td><td>SLS, FDR, MJF &amp; SAF<\/td><\/tr><tr><td>Gleitschleifen<\/td><td>Reibungsreduzierung, Kantenabrundung<\/td><td>Glatt, poliert, stonewashed<\/td><td>SLS &amp; MJF<\/td><\/tr><tr><td>Strahlen (Perlstrahlen)<\/td><td>Oberfl\u00e4chenverdichtung, Spannungsabbau<\/td><td>Gleichm\u00e4\u00dfige Satin- oder Mattoberfl\u00e4che<\/td><td>SLS, FDR &amp; MJF<\/td><\/tr><tr><td>F\u00e4rben<\/td><td>Kratzfestigkeit und Branding<\/td><td>Durchdringender Farbeffekt<\/td><td>SLS, FDR &amp; MJF<\/td><\/tr><tr><td>Lackieren<\/td><td>UV-Schutz, exakte Farbabstimmung<\/td><td>RAL\/Pantone-abgestimmt<\/td><td>SLS, FDR, MJF, SLA &amp; DLP <\/td><\/tr><tr><td>Funktionsbeschichtung<\/td><td>Chemische Best\u00e4ndigkeit\/Verschlei\u00dfschutz, EMV-Abschirmung<\/td><td>Technische Schichten (z. B. metallische, UV-stabile Lackierung)<\/td><td>SLS, FDR, MJF, SLA &amp; DLP<\/td><\/tr><tr><td>Gewinde- und gewindelose Eins\u00e4tze<\/td><td>Hochfeste, wiederverwendbare Metallgewinde<\/td><td>Eingebettete Messing-\/Stahlhardware<\/td><td>SLS, FDR, MJF, SLA, DLP, FDM &amp; PolyJet<\/td><\/tr><tr><td>Montage \/ Baugruppenfertigung<\/td><td>Einsatzbereite Module und Systeme Einheitliche<\/td><td>Mehrkomponentenstruktur<\/td><td>SLS, MJF, SLA, DLP, FDM &amp; PolyJet<\/td><\/tr><\/tbody><\/table><\/figure>\n\n\n\n<div style=\"height:200px\" aria-hidden=\"true\" class=\"wp-block-spacer\"><\/div>\n\n\n\n<div class=\"wp-block-media-text has-media-on-the-right is-stacked-on-mobile is-vertically-aligned-center\"><div class=\"wp-block-media-text__content\">\n<h3 class=\"wp-block-heading\">Fordern Sie ein Angebot f\u00fcr Ihr n\u00e4chstes Projekt an<\/h3>\n\n\n\n<p>Sie suchen hochwertige industrielle 3D Druckl\u00f6sungen, die auf Ihre Bed\u00fcrfnisse zugeschnitten sind? Unser Team erstellt Ihnen gerne ein detailliertes Angebot f\u00fcr Ihr Projekt. Teilen Sie uns einfach Ihre Spezifikationen mit und wir liefern Ihnen einen klaren, wettbewerbsf\u00e4higen Kostenvoranschlag \u2013 ohne negative \u00dcberraschungen, mit Pr\u00e4zision und Zuverl\u00e4ssigkeit.  <\/p>\n\n\n\n<p>Warum sollten Sie Prototal w\u00e4hlen?<\/p>\n\n\n\n<ul class=\"wp-block-list\">\n<li>3D Druckl\u00f6sungen f\u00fcr jede Gr\u00f6\u00dfe und Komplexit\u00e4t<\/li>\n\n\n\n<li>Schneller und pr\u00e4ziser Angebotsprozess.<\/li>\n\n\n\n<li>Lokale Pr\u00e4senz ganz in der N\u00e4he Ihres Unternehmens und abestimmr auf Ihre gesch\u00e4ftlichen Anforderungen.<\/li>\n<\/ul>\n\n\n\n<div class=\"wp-block-buttons is-layout-flex wp-block-buttons-is-layout-flex\">\n<div class=\"wp-block-button\"><a class=\"wp-block-button__link wp-element-button\" href=\"https:\/\/prototal.info\/de\/kontakt\/\">Angebotsanfrage<\/a><\/div>\n<\/div>\n<\/div><figure class=\"wp-block-media-text__media\"><img data-dominant-color=\"677ca4\" data-has-transparency=\"false\" style=\"--dominant-color: #677ca4;\" loading=\"lazy\" decoding=\"async\" width=\"1024\" height=\"768\" src=\"https:\/\/prototal.info\/app\/uploads\/2025\/12\/cad-sketch-pc-1024x768.avif\" alt=\"\" class=\"wp-image-4056 size-full not-transparent\" srcset=\"https:\/\/prototal.info\/app\/uploads\/2025\/12\/cad-sketch-pc-1024x768.avif 1024w, https:\/\/prototal.info\/app\/uploads\/2025\/12\/cad-sketch-pc-300x225.avif 300w, https:\/\/prototal.info\/app\/uploads\/2025\/12\/cad-sketch-pc-768x576.avif 768w, https:\/\/prototal.info\/app\/uploads\/2025\/12\/cad-sketch-pc-1536x1152.avif 1536w, https:\/\/prototal.info\/app\/uploads\/2025\/12\/cad-sketch-pc.avif 1600w\" sizes=\"auto, (max-width: 1024px) 100vw, 1024px\" \/><\/figure><\/div>\n\n\n\n<div style=\"height:200px\" aria-hidden=\"true\" class=\"wp-block-spacer\"><\/div>\n\n\n\n<p><\/p>\n","protected":false},"excerpt":{"rendered":"<p>Ausgew\u00e4hlte Nachbearbeitungsservices \u00dcbersicht unseres Nachbearbeitungsangebots Nachbearbeitung f\u00fcr Kunststoff Funktioneller Nutzen Physisches Ergebnis Geeignete Technologien Gl\u00e4tten durch Dampfphasenpolieren (Vapor Smoothing) Fluiddichte, Reibungsreduzierung Hochglanz, hermetische Versiegelung SLS, FDR, MJF &amp; SAF Gleitschleifen Reibungsreduzierung, Kantenabrundung Glatt, poliert, stonewashed SLS &amp; MJF Strahlen (Perlstrahlen) Oberfl\u00e4chenverdichtung, Spannungsabbau Gleichm\u00e4\u00dfige Satin- oder Mattoberfl\u00e4che SLS, FDR &amp; MJF F\u00e4rben Kratzfestigkeit und Branding Durchdringender [&hellip;]<\/p>\n","protected":false},"author":5,"featured_media":0,"parent":11761,"menu_order":0,"comment_status":"closed","ping_status":"closed","template":"","meta":{"_acf_changed":false,"inline_featured_image":false,"footnotes":""},"class_list":["post-9617","page","type-page","status-publish","hentry"],"acf":[],"yoast_head":"<!-- This site is optimized with the Yoast SEO plugin v27.2 - https:\/\/yoast.com\/product\/yoast-seo-wordpress\/ -->\n<title>Nachbearbeitung | Industrielle Veredelungsl\u00f6sungen | Prototal<\/title>\n<meta name=\"description\" content=\"Veredeln Sie 3D gedruckte Bauteile mit Prototals industrieller Nachbearbeitung. Von Dampfgl\u00e4tten und F\u00e4rben bis hin zu Pr\u00e4zisionsmontage und Metalleins\u00e4tzen liefern wir einheitliche, einsatzbereite Komponenten.\" \/>\n<meta name=\"robots\" content=\"index, follow, max-snippet:-1, max-image-preview:large, max-video-preview:-1\" \/>\n<link rel=\"canonical\" href=\"https:\/\/prototal.info\/de\/leistungen\/industrieller-3d-druck\/kunststoff\/nachbearbeitung\/\" \/>\n<meta property=\"og:locale\" content=\"de_DE\" \/>\n<meta property=\"og:type\" content=\"article\" \/>\n<meta property=\"og:title\" content=\"Nachbearbeitung | Industrielle Veredelungsl\u00f6sungen | Prototal\" \/>\n<meta property=\"og:description\" content=\"Veredeln Sie 3D gedruckte Bauteile mit Prototals industrieller Nachbearbeitung. Von Dampfgl\u00e4tten und F\u00e4rben bis hin zu Pr\u00e4zisionsmontage und Metalleins\u00e4tzen liefern wir einheitliche, einsatzbereite Komponenten.\" \/>\n<meta property=\"og:url\" content=\"https:\/\/prototal.info\/de\/leistungen\/industrieller-3d-druck\/kunststoff\/nachbearbeitung\/\" \/>\n<meta property=\"og:site_name\" content=\"Prototal\" \/>\n<meta property=\"article:modified_time\" content=\"2026-03-18T07:17:25+00:00\" \/>\n<meta property=\"og:image\" content=\"https:\/\/prototal.info\/app\/uploads\/2025\/12\/cad-sketch-pc-1024x768.avif\" \/>\n<meta name=\"twitter:card\" content=\"summary_large_image\" \/>\n<meta name=\"twitter:label1\" content=\"Est. reading time\" \/>\n\t<meta name=\"twitter:data1\" content=\"2 minutes\" \/>\n<script type=\"application\/ld+json\" class=\"yoast-schema-graph\">{\n\t    \"@context\": \"https:\/\/schema.org\",\n\t    \"@graph\": [\n\t        {\n\t            \"@type\": \"WebPage\",\n\t            \"@id\": \"https:\/\/prototal.info\/de\/leistungen\/industrieller-3d-druck\/kunststoff\/nachbearbeitung\/\",\n\t            \"url\": \"https:\/\/prototal.info\/de\/leistungen\/industrieller-3d-druck\/kunststoff\/nachbearbeitung\/\",\n\t            \"name\": \"Nachbearbeitung | Industrielle Veredelungsl\u00f6sungen | Prototal\",\n\t            \"isPartOf\": {\n\t                \"@id\": \"https:\/\/prototal.info\/de\/#website\"\n\t            },\n\t            \"primaryImageOfPage\": {\n\t                \"@id\": \"https:\/\/prototal.info\/de\/leistungen\/industrieller-3d-druck\/kunststoff\/nachbearbeitung\/#primaryimage\"\n\t            },\n\t            \"image\": {\n\t                \"@id\": \"https:\/\/prototal.info\/de\/leistungen\/industrieller-3d-druck\/kunststoff\/nachbearbeitung\/#primaryimage\"\n\t            },\n\t            \"thumbnailUrl\": \"https:\/\/prototal.info\/app\/uploads\/2025\/12\/cad-sketch-pc-1024x768.avif\",\n\t            \"datePublished\": \"2025-12-12T07:21:43+00:00\",\n\t            \"dateModified\": \"2026-03-18T07:17:25+00:00\",\n\t            \"description\": \"Veredeln Sie 3D gedruckte Bauteile mit Prototals industrieller Nachbearbeitung. Von Dampfgl\u00e4tten und F\u00e4rben bis hin zu Pr\u00e4zisionsmontage und Metalleins\u00e4tzen liefern wir einheitliche, einsatzbereite Komponenten.\",\n\t            \"breadcrumb\": {\n\t                \"@id\": \"https:\/\/prototal.info\/de\/leistungen\/industrieller-3d-druck\/kunststoff\/nachbearbeitung\/#breadcrumb\"\n\t            },\n\t            \"inLanguage\": \"de-DE\",\n\t            \"potentialAction\": [\n\t                {\n\t                    \"@type\": \"ReadAction\",\n\t                    \"target\": [\n\t                        \"https:\/\/prototal.info\/de\/leistungen\/industrieller-3d-druck\/kunststoff\/nachbearbeitung\/\"\n\t                    ]\n\t                }\n\t            ]\n\t        },\n\t        {\n\t            \"@type\": \"ImageObject\",\n\t            \"inLanguage\": \"de-DE\",\n\t            \"@id\": \"https:\/\/prototal.info\/de\/leistungen\/industrieller-3d-druck\/kunststoff\/nachbearbeitung\/#primaryimage\",\n\t            \"url\": \"https:\/\/prototal.info\/app\/uploads\/2025\/12\/cad-sketch-pc-1024x768.avif\",\n\t            \"contentUrl\": \"https:\/\/prototal.info\/app\/uploads\/2025\/12\/cad-sketch-pc-1024x768.avif\"\n\t        },\n\t        {\n\t            \"@type\": \"BreadcrumbList\",\n\t            \"@id\": \"https:\/\/prototal.info\/de\/leistungen\/industrieller-3d-druck\/kunststoff\/nachbearbeitung\/#breadcrumb\",\n\t            \"itemListElement\": [\n\t                {\n\t                    \"@type\": \"ListItem\",\n\t                    \"position\": 1,\n\t                    \"name\": \"Home\",\n\t                    \"item\": \"https:\/\/prototal.info\/de\/\"\n\t                },\n\t                {\n\t                    \"@type\": \"ListItem\",\n\t                    \"position\": 2,\n\t                    \"name\": \"Leistungen\",\n\t                    \"item\": \"https:\/\/prototal.info\/de\/leistungen\/\"\n\t                },\n\t                {\n\t                    \"@type\": \"ListItem\",\n\t                    \"position\": 3,\n\t                    \"name\": \"Industrieller 3D Druck\",\n\t                    \"item\": \"https:\/\/prototal.info\/de\/leistungen\/industrieller-3d-druck\/\"\n\t                },\n\t                {\n\t                    \"@type\": \"ListItem\",\n\t                    \"position\": 4,\n\t                    \"name\": \"Kunststoff\",\n\t                    \"item\": \"https:\/\/prototal.info\/de\/leistungen\/industrieller-3d-druck\/kunststoff\/\"\n\t                },\n\t                {\n\t                    \"@type\": \"ListItem\",\n\t                    \"position\": 5,\n\t                    \"name\": \"Nachbearbeitung\"\n\t                }\n\t            ]\n\t        },\n\t        {\n\t            \"@type\": \"WebSite\",\n\t            \"@id\": \"https:\/\/prototal.info\/de\/#website\",\n\t            \"url\": \"https:\/\/prototal.info\/de\/\",\n\t            \"name\": \"Prototal\",\n\t            \"description\": \"From one to one million\",\n\t            \"publisher\": {\n\t                \"@id\": \"https:\/\/prototal.info\/de\/#organization\"\n\t            },\n\t            \"potentialAction\": [\n\t                {\n\t                    \"@type\": \"SearchAction\",\n\t                    \"target\": {\n\t                        \"@type\": \"EntryPoint\",\n\t                        \"urlTemplate\": \"https:\/\/prototal.info\/de\/?s={search_term_string}\"\n\t                    },\n\t                    \"query-input\": {\n\t                        \"@type\": \"PropertyValueSpecification\",\n\t                        \"valueRequired\": true,\n\t                        \"valueName\": \"search_term_string\"\n\t                    }\n\t                }\n\t            ],\n\t            \"inLanguage\": \"de-DE\"\n\t        },\n\t        {\n\t            \"@type\": \"Organization\",\n\t            \"@id\": \"https:\/\/prototal.info\/de\/#organization\",\n\t            \"name\": \"Prototal\",\n\t            \"url\": \"https:\/\/prototal.info\/de\/\",\n\t            \"logo\": {\n\t                \"@type\": \"ImageObject\",\n\t                \"inLanguage\": \"de-DE\",\n\t                \"@id\": \"https:\/\/prototal.info\/de\/#\/schema\/logo\/image\/\",\n\t                \"url\": \"https:\/\/prototal.info\/app\/uploads\/2026\/03\/yoast-seo-default-logo.avif\",\n\t                \"contentUrl\": \"https:\/\/prototal.info\/app\/uploads\/2026\/03\/yoast-seo-default-logo.avif\",\n\t                \"width\": 696,\n\t                \"height\": 696,\n\t                \"caption\": \"Prototal\"\n\t            },\n\t            \"image\": {\n\t                \"@id\": \"https:\/\/prototal.info\/de\/#\/schema\/logo\/image\/\"\n\t            }\n\t        }\n\t    ]\n\t}<\/script>\n<!-- \/ Yoast SEO plugin. -->","yoast_head_json":{"title":"Nachbearbeitung | Industrielle Veredelungsl\u00f6sungen | Prototal","description":"Veredeln Sie 3D gedruckte Bauteile mit Prototals industrieller Nachbearbeitung. Von Dampfgl\u00e4tten und F\u00e4rben bis hin zu Pr\u00e4zisionsmontage und Metalleins\u00e4tzen liefern wir einheitliche, einsatzbereite Komponenten.","robots":{"index":"index","follow":"follow","max-snippet":"max-snippet:-1","max-image-preview":"max-image-preview:large","max-video-preview":"max-video-preview:-1"},"canonical":"https:\/\/prototal.info\/de\/leistungen\/industrieller-3d-druck\/kunststoff\/nachbearbeitung\/","og_locale":"de_DE","og_type":"article","og_title":"Nachbearbeitung | Industrielle Veredelungsl\u00f6sungen | Prototal","og_description":"Veredeln Sie 3D gedruckte Bauteile mit Prototals industrieller Nachbearbeitung. Von Dampfgl\u00e4tten und F\u00e4rben bis hin zu Pr\u00e4zisionsmontage und Metalleins\u00e4tzen liefern wir einheitliche, einsatzbereite Komponenten.","og_url":"https:\/\/prototal.info\/de\/leistungen\/industrieller-3d-druck\/kunststoff\/nachbearbeitung\/","og_site_name":"Prototal","article_modified_time":"2026-03-18T07:17:25+00:00","og_image":[{"url":"https:\/\/prototal.info\/app\/uploads\/2025\/12\/cad-sketch-pc-1024x768.avif","type":"","width":"","height":""}],"twitter_card":"summary_large_image","twitter_misc":{"Est. reading time":"2 minutes"},"schema":{"@context":"https:\/\/schema.org","@graph":[{"@type":"WebPage","@id":"https:\/\/prototal.info\/de\/leistungen\/industrieller-3d-druck\/kunststoff\/nachbearbeitung\/","url":"https:\/\/prototal.info\/de\/leistungen\/industrieller-3d-druck\/kunststoff\/nachbearbeitung\/","name":"Nachbearbeitung | Industrielle Veredelungsl\u00f6sungen | Prototal","isPartOf":{"@id":"https:\/\/prototal.info\/de\/#website"},"primaryImageOfPage":{"@id":"https:\/\/prototal.info\/de\/leistungen\/industrieller-3d-druck\/kunststoff\/nachbearbeitung\/#primaryimage"},"image":{"@id":"https:\/\/prototal.info\/de\/leistungen\/industrieller-3d-druck\/kunststoff\/nachbearbeitung\/#primaryimage"},"thumbnailUrl":"https:\/\/prototal.info\/app\/uploads\/2025\/12\/cad-sketch-pc-1024x768.avif","datePublished":"2025-12-12T07:21:43+00:00","dateModified":"2026-03-18T07:17:25+00:00","description":"Veredeln Sie 3D gedruckte Bauteile mit Prototals industrieller Nachbearbeitung. Von Dampfgl\u00e4tten und F\u00e4rben bis hin zu Pr\u00e4zisionsmontage und Metalleins\u00e4tzen liefern wir einheitliche, einsatzbereite Komponenten.","breadcrumb":{"@id":"https:\/\/prototal.info\/de\/leistungen\/industrieller-3d-druck\/kunststoff\/nachbearbeitung\/#breadcrumb"},"inLanguage":"de-DE","potentialAction":[{"@type":"ReadAction","target":["https:\/\/prototal.info\/de\/leistungen\/industrieller-3d-druck\/kunststoff\/nachbearbeitung\/"]}]},{"@type":"ImageObject","inLanguage":"de-DE","@id":"https:\/\/prototal.info\/de\/leistungen\/industrieller-3d-druck\/kunststoff\/nachbearbeitung\/#primaryimage","url":"https:\/\/prototal.info\/app\/uploads\/2025\/12\/cad-sketch-pc-1024x768.avif","contentUrl":"https:\/\/prototal.info\/app\/uploads\/2025\/12\/cad-sketch-pc-1024x768.avif"},{"@type":"BreadcrumbList","@id":"https:\/\/prototal.info\/de\/leistungen\/industrieller-3d-druck\/kunststoff\/nachbearbeitung\/#breadcrumb","itemListElement":[{"@type":"ListItem","position":1,"name":"Home","item":"https:\/\/prototal.info\/de\/"},{"@type":"ListItem","position":2,"name":"Leistungen","item":"https:\/\/prototal.info\/de\/leistungen\/"},{"@type":"ListItem","position":3,"name":"Industrieller 3D Druck","item":"https:\/\/prototal.info\/de\/leistungen\/industrieller-3d-druck\/"},{"@type":"ListItem","position":4,"name":"Kunststoff","item":"https:\/\/prototal.info\/de\/leistungen\/industrieller-3d-druck\/kunststoff\/"},{"@type":"ListItem","position":5,"name":"Nachbearbeitung"}]},{"@type":"WebSite","@id":"https:\/\/prototal.info\/de\/#website","url":"https:\/\/prototal.info\/de\/","name":"Prototal","description":"From one to one million","publisher":{"@id":"https:\/\/prototal.info\/de\/#organization"},"potentialAction":[{"@type":"SearchAction","target":{"@type":"EntryPoint","urlTemplate":"https:\/\/prototal.info\/de\/?s={search_term_string}"},"query-input":{"@type":"PropertyValueSpecification","valueRequired":true,"valueName":"search_term_string"}}],"inLanguage":"de-DE"},{"@type":"Organization","@id":"https:\/\/prototal.info\/de\/#organization","name":"Prototal","url":"https:\/\/prototal.info\/de\/","logo":{"@type":"ImageObject","inLanguage":"de-DE","@id":"https:\/\/prototal.info\/de\/#\/schema\/logo\/image\/","url":"https:\/\/prototal.info\/app\/uploads\/2026\/03\/yoast-seo-default-logo.avif","contentUrl":"https:\/\/prototal.info\/app\/uploads\/2026\/03\/yoast-seo-default-logo.avif","width":696,"height":696,"caption":"Prototal"},"image":{"@id":"https:\/\/prototal.info\/de\/#\/schema\/logo\/image\/"}}]}},"_links":{"self":[{"href":"https:\/\/prototal.info\/de\/wp-json\/wp\/v2\/pages\/9617","targetHints":{"allow":["GET"]}}],"collection":[{"href":"https:\/\/prototal.info\/de\/wp-json\/wp\/v2\/pages"}],"about":[{"href":"https:\/\/prototal.info\/de\/wp-json\/wp\/v2\/types\/page"}],"author":[{"embeddable":true,"href":"https:\/\/prototal.info\/de\/wp-json\/wp\/v2\/users\/5"}],"replies":[{"embeddable":true,"href":"https:\/\/prototal.info\/de\/wp-json\/wp\/v2\/comments?post=9617"}],"version-history":[{"count":6,"href":"https:\/\/prototal.info\/de\/wp-json\/wp\/v2\/pages\/9617\/revisions"}],"predecessor-version":[{"id":14347,"href":"https:\/\/prototal.info\/de\/wp-json\/wp\/v2\/pages\/9617\/revisions\/14347"}],"up":[{"embeddable":true,"href":"https:\/\/prototal.info\/de\/wp-json\/wp\/v2\/pages\/11761"}],"wp:attachment":[{"href":"https:\/\/prototal.info\/de\/wp-json\/wp\/v2\/media?parent=9617"}],"curies":[{"name":"wp","href":"https:\/\/api.w.org\/{rel}","templated":true}]}}