{"id":19838,"date":"2026-01-20T15:02:40","date_gmt":"2026-01-20T14:02:40","guid":{"rendered":"https:\/\/prototal.info\/agb-verkauf\/"},"modified":"2026-04-30T11:36:12","modified_gmt":"2026-04-30T09:36:12","slug":"agb-verkauf","status":"publish","type":"page","link":"https:\/\/prototal.info\/ch\/agb-verkauf\/","title":{"rendered":"Verkaufs- und Lieferbedingungen &#8211; AGB"},"content":{"rendered":"\n<div class=\"wp-block-group alignfull has-dark-blue-background-color has-background is-layout-constrained wp-container-core-group-is-layout-a47e864c wp-block-group-is-layout-constrained\" style=\"padding-top:var(--wp--preset--spacing--80);padding-right:var(--wp--preset--spacing--50);padding-bottom:var(--wp--preset--spacing--80);padding-left:var(--wp--preset--spacing--50)\"><div id=\"block_594b648535b306a3886a65f96b216f15\" class=\"prototal-subsite-hero align\">\n    <div class=\"prototal-subsite-hero-inner\">\n        <div class=\"prototal-subsite-hero-left\">\n            <div class=\"acf-innerblocks-container\">\n\n<h1 class=\"wp-block-heading has-white-color has-text-color has-link-color wp-elements-cd729f95eef339fa6c36ea906f3a8471\" style=\"margin-top:0\">Verkaufs- und Lieferbedingungen &#8211; AGB<\/h1>\n\n\n\n<p class=\"has-white-color has-text-color has-link-color wp-elements-af116f031f38df38d71a937589aa7385\">Um Transparenz und Compliance an allen unseren europ\u00e4ischen Standorten zu gew\u00e4hrleisten, operiert Prototal \u00fcber spezialisierte regionale Zentren. Jede Niederlassung h\u00e4lt sich an die rechtlichen Rahmenbedingungen und Industriestandards der jeweiligen Gerichtsbarkeit. <\/p>\n\n\n\n<p class=\"has-white-color has-text-color has-link-color wp-elements-de1a9955aefad58a70e2815206feacb5\">Bitte w\u00e4hlen Sie unten die entsprechende Prototal\u2011Einheit aus, um die f\u00fcr Ihr Projekt geltenden spezifischen Verkaufs\u2011 und Lieferbedingungen &#8211; AGB einzusehen oder herunterzuladen.<\/p>\n\n<\/div>\n        <\/div>\n        <div class=\"prototal-subsite-hero-right\">\n                            <figure class=\"large-image\">\n                    <img loading=\"lazy\" decoding=\"async\" width=\"1600\" height=\"1200\" src=\"https:\/\/prototal.info\/app\/uploads\/2025\/12\/transparent-plastic.avif\" class=\"attachment-full size-full not-transparent\" alt=\"\" srcset=\"https:\/\/prototal.info\/app\/uploads\/2025\/12\/transparent-plastic.avif 1600w, https:\/\/prototal.info\/app\/uploads\/2025\/12\/transparent-plastic-300x225.avif 300w, https:\/\/prototal.info\/app\/uploads\/2025\/12\/transparent-plastic-1024x768.avif 1024w, https:\/\/prototal.info\/app\/uploads\/2025\/12\/transparent-plastic-768x576.avif 768w, https:\/\/prototal.info\/app\/uploads\/2025\/12\/transparent-plastic-1536x1152.avif 1536w\" sizes=\"auto, (max-width: 1600px) 100vw, 1600px\" data-has-transparency=\"false\" data-dominant-color=\"726057\" style=\"--dominant-color: #726057;\" \/>                <\/figure>\n                                        <figure class=\"small-image\">\n                    <img loading=\"lazy\" decoding=\"async\" width=\"1600\" height=\"1200\" src=\"https:\/\/prototal.info\/app\/uploads\/2025\/12\/packed-plastic-parts.avif\" class=\"attachment-full size-full not-transparent\" alt=\"\" srcset=\"https:\/\/prototal.info\/app\/uploads\/2025\/12\/packed-plastic-parts.avif 1600w, https:\/\/prototal.info\/app\/uploads\/2025\/12\/packed-plastic-parts-300x225.avif 300w, https:\/\/prototal.info\/app\/uploads\/2025\/12\/packed-plastic-parts-1024x768.avif 1024w, https:\/\/prototal.info\/app\/uploads\/2025\/12\/packed-plastic-parts-768x576.avif 768w, https:\/\/prototal.info\/app\/uploads\/2025\/12\/packed-plastic-parts-1536x1152.avif 1536w\" sizes=\"auto, (max-width: 1600px) 100vw, 1600px\" data-has-transparency=\"false\" data-dominant-color=\"5d504b\" style=\"--dominant-color: #5d504b;\" \/>                <\/figure>\n                    <\/div>\n    <\/div>\n<\/div>\n\n<\/div>\n\n<div style=\"height:200px\" aria-hidden=\"true\" class=\"wp-block-spacer\"><\/div>\n\n<h2 class=\"wp-block-heading\">Verkaufs- und Lieferbedingungen &#8211; AGB<\/h2>\n\n<div style=\"height:15px\" aria-hidden=\"true\" class=\"wp-block-spacer\"><\/div>\n\n<figure class=\"wp-block-table alignwide is-style-stripes\"><table><tbody><tr><td>\u00d6sterreich, Deutschland &amp; Schweiz<\/td><td>Anfrage bei der lokalen Kontaktperson<\/td><\/tr><tr><td>D\u00e4nemark<\/td><td><a href=\"https:\/\/prototal.info\/app\/uploads\/2026\/01\/dk-en-sales-and-delivery-terms_010525.pdf\">Allgemeine Gesch\u00e4ftsbedingungen (AGB)<\/a><\/td><\/tr><tr><td>Italien<\/td><td><a href=\"https:\/\/prototal.info\/app\/uploads\/2026\/01\/general-supply-conditions-prosilas.pdf\">Allgemeine Gesch\u00e4ftsbedingungen (AGB)<\/a><\/td><\/tr><tr><td>Norwegen<\/td><td><a href=\"https:\/\/prototal.info\/app\/uploads\/2026\/03\/salgs-og-leveringsbetingelser_enno.pdf\">Allgemeine Gesch\u00e4ftsbedingungen (AGB)<\/a><\/td><\/tr><tr><td>Vereinigtes K\u00f6nigreich<\/td><td><a href=\"https:\/\/prototal.info\/app\/uploads\/2026\/01\/prototal-uk-supplier-standard-terms-and-conditions.pdf\">Allgemeine Gesch\u00e4ftsbedingungen (AGB)<\/a>; <a href=\"https:\/\/prototal.info\/app\/uploads\/2026\/01\/prototal-uk-customer-standard-conditions-of-sale-2021.pdf\">Verkaufsbedingungen<\/a><\/td><\/tr><tr><td>Schweden<\/td><td><a href=\"https:\/\/prototal.info\/app\/uploads\/2026\/01\/se_prototal-terms-conditons.pdf\">Allgemeine Gesch\u00e4ftsbedingungen (AGB)<\/a><\/td><\/tr><\/tbody><\/table><\/figure>\n\n<div style=\"height:200px\" aria-hidden=\"true\" class=\"wp-block-spacer\"><\/div>\n\n<div class=\"wp-block-group is-content-justification-center is-layout-constrained wp-container-core-group-is-layout-3f1f4d87 wp-block-group-is-layout-constrained\" style=\"border-radius:20px;padding-top:0;padding-right:0;padding-bottom:0;padding-left:0\">\n<div class=\"wp-block-group has-light-blue-background-color has-background is-content-justification-center is-layout-constrained wp-container-core-group-is-layout-9f56d254 wp-block-group-is-layout-constrained\" style=\"border-radius:20px;padding-top:var(--wp--preset--spacing--80);padding-right:var(--wp--preset--spacing--80);padding-bottom:var(--wp--preset--spacing--80);padding-left:var(--wp--preset--spacing--80)\">\n<h2 class=\"wp-block-heading has-dark-blue-color has-text-color has-link-color wp-elements-2b56d40bd3d01fe9e7c91b5bbcec7682\" id=\"headline-779-2908\">Welche Bedingungen gelten f\u00fcr meine Bestellung?<\/h2>\n\n\n\n<p class=\"has-black-color has-text-color has-link-color wp-elements-177895606140e2d18c9fffcc757b9764\">Die geltenden Verkaufs- und Lieferbedingungen &#8211; AGB werden von der jeweiligen Prototal-Rechtseinheit bestimmt, die Ihr Angebot und Ihre Auftragsbest\u00e4tigung erstellt. W\u00e4hrend unser Qualit\u00e4tsversprechen im gesamten Netzwerk einheitlich bleibt, k\u00f6nnen die lokalen Bedingungen hinsichtlich Logistik, Haftung und regionaler Handelsvorschriften variieren. <\/p>\n<\/div>\n<\/div>\n\n<div style=\"height:200px\" aria-hidden=\"true\" class=\"wp-block-spacer\"><\/div>\n","protected":false},"excerpt":{"rendered":"<p>Verkaufs- und Lieferbedingungen &#8211; AGB \u00d6sterreich, Deutschland &amp; Schweiz Anfrage bei der lokalen Kontaktperson D\u00e4nemark Allgemeine Gesch\u00e4ftsbedingungen (AGB) Italien Allgemeine Gesch\u00e4ftsbedingungen (AGB) Norwegen Allgemeine Gesch\u00e4ftsbedingungen (AGB) Vereinigtes K\u00f6nigreich Allgemeine Gesch\u00e4ftsbedingungen (AGB); Verkaufsbedingungen Schweden Allgemeine Gesch\u00e4ftsbedingungen (AGB) Welche Bedingungen gelten f\u00fcr meine Bestellung? Die geltenden Verkaufs- und Lieferbedingungen &#8211; AGB werden von der jeweiligen Prototal-Rechtseinheit bestimmt, [&hellip;]<\/p>\n","protected":false},"author":5,"featured_media":0,"parent":0,"menu_order":0,"comment_status":"closed","ping_status":"closed","template":"","meta":{"_acf_changed":false,"inline_featured_image":false,"footnotes":""},"class_list":["post-19838","page","type-page","status-publish","hentry"],"acf":[],"yoast_head":"<!-- This site is optimized with the Yoast SEO plugin v27.5 - https:\/\/yoast.com\/product\/yoast-seo-wordpress\/ -->\n<title>Verkaufs- und Lieferbedingungen - AGB | Prototal<\/title>\n<meta name=\"description\" content=\"Greifen Sie auf die spezifischen Verkaufs- und Lieferbedingungen - AGB f\u00fcr die dezentralen europ\u00e4ischen Standorte von Prototal zu. Hier finden Sie die regionalen rechtlichen Rahmenbedingungen f\u00fcr Schweden, Norwegen, D\u00e4nemark, das Vereinigte K\u00f6nigreich, Italien und die DACH-Region (Deutschland, \u00d6sterreich, Schweiz).\" \/>\n<meta name=\"robots\" content=\"index, follow, max-snippet:-1, max-image-preview:large, max-video-preview:-1\" \/>\n<link rel=\"canonical\" href=\"https:\/\/prototal.info\/ch\/agb-verkauf\/\" \/>\n<meta property=\"og:locale\" content=\"de_DE\" \/>\n<meta property=\"og:type\" content=\"article\" \/>\n<meta property=\"og:title\" content=\"Verkaufs- und Lieferbedingungen - AGB | Prototal\" \/>\n<meta property=\"og:description\" content=\"Greifen Sie auf die spezifischen Verkaufs- und Lieferbedingungen - AGB f\u00fcr die dezentralen europ\u00e4ischen Standorte von Prototal zu. Hier finden Sie die regionalen rechtlichen Rahmenbedingungen f\u00fcr Schweden, Norwegen, D\u00e4nemark, das Vereinigte K\u00f6nigreich, Italien und die DACH-Region (Deutschland, \u00d6sterreich, Schweiz).\" \/>\n<meta property=\"og:url\" content=\"https:\/\/prototal.info\/ch\/agb-verkauf\/\" \/>\n<meta property=\"og:site_name\" content=\"Prototal\" \/>\n<meta property=\"article:modified_time\" content=\"2026-04-30T09:36:12+00:00\" \/>\n<meta name=\"twitter:card\" content=\"summary_large_image\" \/>\n<meta name=\"twitter:label1\" content=\"Est. reading time\" \/>\n\t<meta name=\"twitter:data1\" content=\"1 minute\" \/>\n<script type=\"application\/ld+json\" class=\"yoast-schema-graph\">{\n\t    \"@context\": \"https:\\\/\\\/schema.org\",\n\t    \"@graph\": [\n\t        {\n\t            \"@type\": \"WebPage\",\n\t            \"@id\": \"https:\\\/\\\/prototal.info\\\/ch\\\/agb-verkauf\\\/\",\n\t            \"url\": \"https:\\\/\\\/prototal.info\\\/ch\\\/agb-verkauf\\\/\",\n\t            \"name\": \"Verkaufs- und Lieferbedingungen - AGB | Prototal\",\n\t            \"isPartOf\": {\n\t                \"@id\": \"https:\\\/\\\/prototal.info\\\/ch\\\/#website\"\n\t            },\n\t            \"datePublished\": \"2026-01-20T14:02:40+00:00\",\n\t            \"dateModified\": \"2026-04-30T09:36:12+00:00\",\n\t            \"description\": \"Greifen Sie auf die spezifischen Verkaufs- und Lieferbedingungen - AGB f\u00fcr die dezentralen europ\u00e4ischen Standorte von Prototal zu. Hier finden Sie die regionalen rechtlichen Rahmenbedingungen f\u00fcr Schweden, Norwegen, D\u00e4nemark, das Vereinigte K\u00f6nigreich, Italien und die DACH-Region (Deutschland, \u00d6sterreich, Schweiz).\",\n\t            \"breadcrumb\": {\n\t                \"@id\": \"https:\\\/\\\/prototal.info\\\/ch\\\/agb-verkauf\\\/#breadcrumb\"\n\t            },\n\t            \"inLanguage\": \"de-CH\",\n\t            \"potentialAction\": [\n\t                {\n\t                    \"@type\": \"ReadAction\",\n\t                    \"target\": [\n\t                        \"https:\\\/\\\/prototal.info\\\/ch\\\/agb-verkauf\\\/\"\n\t                    ]\n\t                }\n\t            ]\n\t        },\n\t        {\n\t            \"@type\": \"BreadcrumbList\",\n\t            \"@id\": \"https:\\\/\\\/prototal.info\\\/ch\\\/agb-verkauf\\\/#breadcrumb\",\n\t            \"itemListElement\": [\n\t                {\n\t                    \"@type\": \"ListItem\",\n\t                    \"position\": 1,\n\t                    \"name\": \"Home\",\n\t                    \"item\": \"https:\\\/\\\/prototal.info\\\/ch\\\/\"\n\t                },\n\t                {\n\t                    \"@type\": \"ListItem\",\n\t                    \"position\": 2,\n\t                    \"name\": \"Verkaufs- und Lieferbedingungen &#8211; AGB\"\n\t                }\n\t            ]\n\t        },\n\t        {\n\t            \"@type\": \"WebSite\",\n\t            \"@id\": \"https:\\\/\\\/prototal.info\\\/ch\\\/#website\",\n\t            \"url\": \"https:\\\/\\\/prototal.info\\\/ch\\\/\",\n\t            \"name\": \"Prototal\",\n\t            \"description\": \"From one to one million\",\n\t            \"publisher\": {\n\t                \"@id\": \"https:\\\/\\\/prototal.info\\\/ch\\\/#organization\"\n\t            },\n\t            \"potentialAction\": [\n\t                {\n\t                    \"@type\": \"SearchAction\",\n\t                    \"target\": {\n\t                        \"@type\": \"EntryPoint\",\n\t                        \"urlTemplate\": \"https:\\\/\\\/prototal.info\\\/ch\\\/?s={search_term_string}\"\n\t                    },\n\t                    \"query-input\": {\n\t                        \"@type\": \"PropertyValueSpecification\",\n\t                        \"valueRequired\": true,\n\t                        \"valueName\": \"search_term_string\"\n\t                    }\n\t                }\n\t            ],\n\t            \"inLanguage\": \"de-CH\"\n\t        },\n\t        {\n\t            \"@type\": \"Organization\",\n\t            \"@id\": \"https:\\\/\\\/prototal.info\\\/ch\\\/#organization\",\n\t            \"name\": \"Prototal\",\n\t            \"url\": \"https:\\\/\\\/prototal.info\\\/ch\\\/\",\n\t            \"logo\": {\n\t                \"@type\": \"ImageObject\",\n\t                \"inLanguage\": \"de-CH\",\n\t                \"@id\": \"https:\\\/\\\/prototal.info\\\/ch\\\/#\\\/schema\\\/logo\\\/image\\\/\",\n\t                \"url\": \"https:\\\/\\\/prototal.info\\\/app\\\/uploads\\\/2026\\\/03\\\/yoast-seo-default-logo.avif\",\n\t                \"contentUrl\": \"https:\\\/\\\/prototal.info\\\/app\\\/uploads\\\/2026\\\/03\\\/yoast-seo-default-logo.avif\",\n\t                \"width\": 696,\n\t                \"height\": 696,\n\t                \"caption\": \"Prototal\"\n\t            },\n\t            \"image\": {\n\t                \"@id\": \"https:\\\/\\\/prototal.info\\\/ch\\\/#\\\/schema\\\/logo\\\/image\\\/\"\n\t            }\n\t        }\n\t    ]\n\t}<\/script>\n<!-- \/ Yoast SEO plugin. -->","yoast_head_json":{"title":"Verkaufs- und Lieferbedingungen - AGB | Prototal","description":"Greifen Sie auf die spezifischen Verkaufs- und Lieferbedingungen - AGB f\u00fcr die dezentralen europ\u00e4ischen Standorte von Prototal zu. Hier finden Sie die regionalen rechtlichen Rahmenbedingungen f\u00fcr Schweden, Norwegen, D\u00e4nemark, das Vereinigte K\u00f6nigreich, Italien und die DACH-Region (Deutschland, \u00d6sterreich, Schweiz).","robots":{"index":"index","follow":"follow","max-snippet":"max-snippet:-1","max-image-preview":"max-image-preview:large","max-video-preview":"max-video-preview:-1"},"canonical":"https:\/\/prototal.info\/ch\/agb-verkauf\/","og_locale":"de_DE","og_type":"article","og_title":"Verkaufs- und Lieferbedingungen - AGB | Prototal","og_description":"Greifen Sie auf die spezifischen Verkaufs- und Lieferbedingungen - AGB f\u00fcr die dezentralen europ\u00e4ischen Standorte von Prototal zu. Hier finden Sie die regionalen rechtlichen Rahmenbedingungen f\u00fcr Schweden, Norwegen, D\u00e4nemark, das Vereinigte K\u00f6nigreich, Italien und die DACH-Region (Deutschland, \u00d6sterreich, Schweiz).","og_url":"https:\/\/prototal.info\/ch\/agb-verkauf\/","og_site_name":"Prototal","article_modified_time":"2026-04-30T09:36:12+00:00","twitter_card":"summary_large_image","twitter_misc":{"Est. reading time":"1 minute"},"schema":{"@context":"https:\/\/schema.org","@graph":[{"@type":"WebPage","@id":"https:\/\/prototal.info\/ch\/agb-verkauf\/","url":"https:\/\/prototal.info\/ch\/agb-verkauf\/","name":"Verkaufs- und Lieferbedingungen - AGB | Prototal","isPartOf":{"@id":"https:\/\/prototal.info\/ch\/#website"},"datePublished":"2026-01-20T14:02:40+00:00","dateModified":"2026-04-30T09:36:12+00:00","description":"Greifen Sie auf die spezifischen Verkaufs- und Lieferbedingungen - AGB f\u00fcr die dezentralen europ\u00e4ischen Standorte von Prototal zu. Hier finden Sie die regionalen rechtlichen Rahmenbedingungen f\u00fcr Schweden, Norwegen, D\u00e4nemark, das Vereinigte K\u00f6nigreich, Italien und die DACH-Region (Deutschland, \u00d6sterreich, Schweiz).","breadcrumb":{"@id":"https:\/\/prototal.info\/ch\/agb-verkauf\/#breadcrumb"},"inLanguage":"de-CH","potentialAction":[{"@type":"ReadAction","target":["https:\/\/prototal.info\/ch\/agb-verkauf\/"]}]},{"@type":"BreadcrumbList","@id":"https:\/\/prototal.info\/ch\/agb-verkauf\/#breadcrumb","itemListElement":[{"@type":"ListItem","position":1,"name":"Home","item":"https:\/\/prototal.info\/ch\/"},{"@type":"ListItem","position":2,"name":"Verkaufs- und Lieferbedingungen &#8211; AGB"}]},{"@type":"WebSite","@id":"https:\/\/prototal.info\/ch\/#website","url":"https:\/\/prototal.info\/ch\/","name":"Prototal","description":"From one to one million","publisher":{"@id":"https:\/\/prototal.info\/ch\/#organization"},"potentialAction":[{"@type":"SearchAction","target":{"@type":"EntryPoint","urlTemplate":"https:\/\/prototal.info\/ch\/?s={search_term_string}"},"query-input":{"@type":"PropertyValueSpecification","valueRequired":true,"valueName":"search_term_string"}}],"inLanguage":"de-CH"},{"@type":"Organization","@id":"https:\/\/prototal.info\/ch\/#organization","name":"Prototal","url":"https:\/\/prototal.info\/ch\/","logo":{"@type":"ImageObject","inLanguage":"de-CH","@id":"https:\/\/prototal.info\/ch\/#\/schema\/logo\/image\/","url":"https:\/\/prototal.info\/app\/uploads\/2026\/03\/yoast-seo-default-logo.avif","contentUrl":"https:\/\/prototal.info\/app\/uploads\/2026\/03\/yoast-seo-default-logo.avif","width":696,"height":696,"caption":"Prototal"},"image":{"@id":"https:\/\/prototal.info\/ch\/#\/schema\/logo\/image\/"}}]}},"_links":{"self":[{"href":"https:\/\/prototal.info\/ch\/wp-json\/wp\/v2\/pages\/19838","targetHints":{"allow":["GET"]}}],"collection":[{"href":"https:\/\/prototal.info\/ch\/wp-json\/wp\/v2\/pages"}],"about":[{"href":"https:\/\/prototal.info\/ch\/wp-json\/wp\/v2\/types\/page"}],"author":[{"embeddable":true,"href":"https:\/\/prototal.info\/ch\/wp-json\/wp\/v2\/users\/5"}],"replies":[{"embeddable":true,"href":"https:\/\/prototal.info\/ch\/wp-json\/wp\/v2\/comments?post=19838"}],"version-history":[{"count":1,"href":"https:\/\/prototal.info\/ch\/wp-json\/wp\/v2\/pages\/19838\/revisions"}],"predecessor-version":[{"id":19867,"href":"https:\/\/prototal.info\/ch\/wp-json\/wp\/v2\/pages\/19838\/revisions\/19867"}],"wp:attachment":[{"href":"https:\/\/prototal.info\/ch\/wp-json\/wp\/v2\/media?parent=19838"}],"curies":[{"name":"wp","href":"https:\/\/api.w.org\/{rel}","templated":true}]}}