{"id":13963,"date":"2025-12-12T08:44:19","date_gmt":"2025-12-12T07:44:19","guid":{"rendered":"https:\/\/prototal.info\/esg\/"},"modified":"2026-03-31T12:55:13","modified_gmt":"2026-03-31T10:55:13","slug":"esg","status":"publish","type":"page","link":"https:\/\/prototal.info\/at\/esg\/","title":{"rendered":"ESG"},"content":{"rendered":"\n<div class=\"wp-block-group alignfull has-light-blue-background-color has-background is-layout-constrained wp-container-core-group-is-layout-a47e864c wp-block-group-is-layout-constrained\" style=\"padding-top:var(--wp--preset--spacing--80);padding-right:var(--wp--preset--spacing--50);padding-bottom:var(--wp--preset--spacing--80);padding-left:var(--wp--preset--spacing--50)\"><div id=\"block_61f890f985b6882dd823212740bd0de0\" class=\"prototal-subsite-hero alignwide\">\n    <div class=\"prototal-subsite-hero-inner\">\n        <div class=\"prototal-subsite-hero-left\">\n            <div class=\"acf-innerblocks-container\">\n\n<h1 class=\"wp-block-heading\" style=\"margin-top:0\">Verantwortungsvolle Fertigung. Industrielle Wirkung. <\/h1>\n\n\n\n<p>Bei Prototal integrieren wir Nachhaltigkeit in das Zentrum unserer additiven Fertigungsprozesse und stellen sicher, dass Innovation und \u00f6kologische Verantwortung Hand in Hand gehen.<\/p>\n\n\n\n<div class=\"wp-block-buttons is-layout-flex wp-block-buttons-is-layout-flex\">\n<div class=\"wp-block-button\"><a class=\"wp-block-button__link wp-element-button\" href=\"https:\/\/prototal.info\/app\/uploads\/2026\/03\/sustainability-report-2024.pdf\">Aktuelle Nachhaltigkeitsberichte<\/a><\/div>\n<\/div>\n\n<\/div>\n        <\/div>\n        <div class=\"prototal-subsite-hero-right\">\n                            <figure class=\"large-image\">\n                    <img loading=\"lazy\" decoding=\"async\" width=\"1600\" height=\"1200\" src=\"https:\/\/prototal.info\/app\/uploads\/2025\/12\/sustainability_2.avif\" class=\"attachment-full size-full not-transparent\" alt=\"\" srcset=\"https:\/\/prototal.info\/app\/uploads\/2025\/12\/sustainability_2.avif 1600w, https:\/\/prototal.info\/app\/uploads\/2025\/12\/sustainability_2-300x225.avif 300w, https:\/\/prototal.info\/app\/uploads\/2025\/12\/sustainability_2-1024x768.avif 1024w, https:\/\/prototal.info\/app\/uploads\/2025\/12\/sustainability_2-768x576.avif 768w, https:\/\/prototal.info\/app\/uploads\/2025\/12\/sustainability_2-1536x1152.avif 1536w\" sizes=\"auto, (max-width: 1600px) 100vw, 1600px\" data-has-transparency=\"false\" data-dominant-color=\"8aaaa7\" style=\"--dominant-color: #8aaaa7;\" \/>                <\/figure>\n                                        <figure class=\"small-image\">\n                    <img loading=\"lazy\" decoding=\"async\" width=\"800\" height=\"450\" src=\"https:\/\/prototal.info\/app\/uploads\/2025\/12\/16-9-proudtotal.avif\" class=\"attachment-full size-full not-transparent\" alt=\"\" srcset=\"https:\/\/prototal.info\/app\/uploads\/2025\/12\/16-9-proudtotal.avif 800w, https:\/\/prototal.info\/app\/uploads\/2025\/12\/16-9-proudtotal-300x169.avif 300w, https:\/\/prototal.info\/app\/uploads\/2025\/12\/16-9-proudtotal-768x432.avif 768w\" sizes=\"auto, (max-width: 800px) 100vw, 800px\" data-has-transparency=\"false\" data-dominant-color=\"ba8fa6\" style=\"--dominant-color: #ba8fa6;\" \/>                <\/figure>\n                    <\/div>\n    <\/div>\n<\/div>\n\n<\/div>\n\n<div style=\"height:175px\" aria-hidden=\"true\" class=\"wp-block-spacer\"><\/div>\n\n<div class=\"wp-block-group strategic-block is-layout-constrained wp-block-group-is-layout-constrained\">\n<div class=\"wp-block-columns alignwide is-layout-flex wp-container-core-columns-is-layout-14cf5ab5 wp-block-columns-is-layout-flex\">\n<div class=\"wp-block-column is-vertically-aligned-stretch is-layout-flow wp-block-column-is-layout-flow\">\n<h3 class=\"wp-block-heading\"><br \/><br \/>Soziale &amp; \u00f6kologische Verantwortung<\/h3>\n\n\n\n<p>Bis 2030 wollen wir in unserer Fertigung und Lieferkette eine positive Netto-Auswirkung erzielen.<\/p>\n\n\n\n<h4 class=\"wp-block-heading\">Strategische Ziele<\/h4>\n\n\n\n<ul class=\"wp-block-list\">\n<li>CO2-reduzierte Materialien: Erh\u00f6hung des Anteils von biobasierten, recycelten und emissionsarmen Polymeren.<\/li>\n\n\n\n<li>Beschaffung erneuerbarer und fossilfreier Energie: Umstellung aller Produktionsstandorte auf 100 % \u00d6kostrom<\/li>\n\n\n\n<li>Upcycling von Materialabf\u00e4llen: Umsetzung von Kreislaufwirtschaft durch die Wiederverwendung von Produktionsabf\u00e4llen und unverarbeitetem Pulver<\/li>\n\n\n\n<li>Sichere und verantwortungsvolle Lieferkette: Gew\u00e4hrleistung der \u00f6kologischen und ethischen Compliance bei allen Tier-1-Zulieferern<\/li>\n<\/ul>\n\n\n\n<div class=\"wp-block-group is-layout-constrained wp-block-group-is-layout-constrained\">\n<div class=\"wp-block-group is-layout-flex wp-container-core-group-is-layout-6b99030d wp-block-group-is-layout-flex\">\n<figure class=\"wp-block-image size-large is-resized\"><img decoding=\"async\" src=\"http:\/\/prototal.info\/app\/uploads\/2025\/10\/e_web_06-1024x1024.webp\" alt=\"\" class=\"wp-image-1979\" style=\"width:55px\" \/><\/figure>\n\n\n\n<figure class=\"wp-block-image size-large is-resized\"><img decoding=\"async\" src=\"http:\/\/prototal.info\/app\/uploads\/2025\/10\/e_web_07-1024x1024.webp\" alt=\"\" class=\"wp-image-1991\" style=\"width:55px\" \/><\/figure>\n\n\n\n<figure class=\"wp-block-image size-large is-resized\"><img decoding=\"async\" src=\"http:\/\/prototal.info\/app\/uploads\/2025\/10\/e_web_12-1024x1024.webp\" alt=\"\" class=\"wp-image-2045\" style=\"width:55px\" \/><\/figure>\n\n\n\n<figure class=\"wp-block-image size-large is-resized\"><img decoding=\"async\" src=\"http:\/\/prototal.info\/app\/uploads\/2025\/10\/e_web_13-1024x1024.webp\" alt=\"\" class=\"wp-image-1997\" style=\"width:55px\" \/><\/figure>\n\n\n\n<figure class=\"wp-block-image size-large is-resized\"><img decoding=\"async\" src=\"http:\/\/prototal.info\/app\/uploads\/2025\/10\/e_web_15-1024x1024.webp\" alt=\"\" class=\"wp-image-2009\" style=\"width:55px\" \/><\/figure>\n<\/div>\n<\/div>\n<\/div>\n\n\n\n<div class=\"wp-block-column is-vertically-aligned-stretch is-layout-flow wp-block-column-is-layout-flow\">\n<h3 class=\"wp-block-heading\"><br \/><br \/>Unternehmensf\u00fchrung<\/h3>\n\n\n\n<p>Bereitstellung von netto\u2011positiven L\u00f6sungen, die bis 2030 eine positive Wirkung f\u00fcr unsere Kundschaft, die Gesellschaft und den Planeten erzielen.<\/p>\n\n\n\n<h4 class=\"wp-block-heading\">Strategische Ziele<\/h4>\n\n\n\n<ul class=\"wp-block-list\">\n<li>Motivierte, bef\u00e4higte und kompetente Belegschaft: Kontinuierliche Investition in das Humankapital, das unsere Innovation vorantreibt<\/li>\n\n\n\n<li>Chancengleichheit f\u00fcr alle Mitarbeitende: Gew\u00e4hrleistung eines diversen, inklusiven und gerechten Arbeitsumfelds an allen Standorten<\/li>\n\n\n\n<li>Ein unfallfreies Arbeitsumfeld: Priorisierung der physischen und psychischen Sicherheit an jedem Produktionsstandort<\/li>\n\n\n\n<li>Ein vertrauensw\u00fcrdiger Arbeitgeber und Partner mit hohen ethischen Standards: Aufrechterhaltung von Transparenz, Datensicherheit und Integrit\u00e4t in allen Gesch\u00e4ftsbeziehungen<\/li>\n\n\n\n<li>Positive Auswirkungen auf unsere Gemeinschaften und die Gesellschaft im Allgemeinen: Beitrag zum lokalen Wirtschaftswachstum und zur industriellen Ausbildung<\/li>\n<\/ul>\n\n\n\n<div class=\"wp-block-group is-layout-constrained wp-block-group-is-layout-constrained\">\n<div class=\"wp-block-group is-layout-flex wp-container-core-group-is-layout-6b99030d wp-block-group-is-layout-flex\">\n<figure class=\"wp-block-image size-large is-resized\"><img decoding=\"async\" src=\"http:\/\/prototal.info\/app\/uploads\/2025\/10\/e_web_03-1024x1024.webp\" alt=\"\" class=\"wp-image-1967\" style=\"width:55px\" \/><\/figure>\n\n\n\n<figure class=\"wp-block-image size-large is-resized\"><img decoding=\"async\" src=\"http:\/\/prototal.info\/app\/uploads\/2025\/10\/e_web_08-1024x1024.webp\" alt=\"\" class=\"wp-image-1985\" style=\"width:55px\" \/><\/figure>\n\n\n\n<figure class=\"wp-block-image size-large is-resized\"><img decoding=\"async\" src=\"http:\/\/prototal.info\/app\/uploads\/2025\/10\/e_web_09-1024x1024.webp\" alt=\"\" class=\"wp-image-2027\" style=\"width:55px\" \/><\/figure>\n\n\n\n<figure class=\"wp-block-image size-large is-resized\"><img decoding=\"async\" src=\"http:\/\/prototal.info\/app\/uploads\/2025\/10\/e_web_17-1024x1024.webp\" alt=\"\" class=\"wp-image-2021\" style=\"width:55px\" \/><\/figure>\n<\/div>\n<\/div>\n<\/div>\n<\/div>\n<\/div>\n\n<div style=\"height:200px\" aria-hidden=\"true\" class=\"wp-block-spacer\"><\/div>\n\n<div class=\"wp-block-group alignfull has-dark-blue-background-color has-background is-content-justification-center is-layout-constrained wp-container-core-group-is-layout-8cef36cf wp-block-group-is-layout-constrained\" style=\"padding-top:var(--wp--preset--spacing--80);padding-right:var(--wp--preset--spacing--80);padding-bottom:var(--wp--preset--spacing--80);padding-left:var(--wp--preset--spacing--80)\">\n<div class=\"wp-block-group alignwide is-content-justification-center is-layout-constrained wp-container-core-group-is-layout-500c7647 wp-block-group-is-layout-constrained\">\n<h2 class=\"wp-block-heading has-white-color has-text-color has-link-color wp-elements-38fcc089738a000c9bb3d88d9bc21634\">Messung unserer Fortschritte seit 2022<\/h2>\n\n\n\n<p class=\"has-white-color has-text-color has-link-color wp-elements-fe47bb7d2a39409ce9b80d5a3dace09d\">Bei Prototal sind wir davon \u00fcberzeugt, dass \u00f6kologische und soziale Verantwortung messbar sein muss, um bedeutungsvoll zu sein. Um sicherzustellen, dass wir gegen\u00fcber unseren Partnern und dem Planeten rechenschaftspflichtig bleiben, ver\u00f6ffentlichen wir seit 2022 einen j\u00e4hrlichen Nachhaltigkeitsbericht. Diese Berichte dienen als transparente Dokumentation unseres Weges in eine kohlenstoff\u00e4rmere und kreislauforientierte Zukunft der Fertigung.  <\/p>\n\n\n\n<p class=\"has-white-color has-text-color has-link-color wp-elements-94145e6a757bb52b130409898796c5f6\"><strong>Was unsere Berichterstattung umfasst<\/strong><\/p>\n\n\n\n<ul class=\"wp-block-list has-white-color has-text-color has-link-color wp-elements-c97108e50d434ebe311c185b9224aaf6\">\n<li><strong>Analyse des CO2-Fu\u00dfabdrucks<\/strong>: Nachverfolgung von Scope-1-, 2- und 3-Emissionen an allen Standorten von Prototal<\/li>\n\n\n\n<li><strong>Materialkreislauf<\/strong>: Daten zu Pulver-Auffrischungsraten und Meilensteinen bei der Abfallreduzierung in unseren Prozessen<\/li>\n\n\n\n<li><strong>Energiewende<\/strong>: Nachverfolgung unserer Umstellung auf 100 % erneuerbare Energiequellen an all unseren Standorten<\/li>\n\n\n\n<li><strong>Kennzahlen zu sozialen Auswirkungen<\/strong>: Hervorhebung von Gesundheit, Sicherheit und Entwicklung unserer Belegschaft im Rahmen der Proudtotal-Initiative.<\/li>\n<\/ul>\n\n\n\n<div class=\"wp-block-buttons is-layout-flex wp-block-buttons-is-layout-flex\">\n<div class=\"wp-block-button\"><a class=\"wp-block-button__link wp-element-button\" href=\"https:\/\/prototal.info\/app\/uploads\/2026\/01\/sustainability-report-2022.pdf\">Nachhaltigkeitsbericht 2022<\/a><\/div>\n\n\n\n<div class=\"wp-block-button\"><a class=\"wp-block-button__link wp-element-button\" href=\"https:\/\/prototal.info\/app\/uploads\/2026\/01\/prototal_original_23.pdf\">Nachhaltigkeitsbericht 2023<\/a><\/div>\n\n\n\n<div class=\"wp-block-button\"><a class=\"wp-block-button__link wp-element-button\" href=\"https:\/\/prototal.info\/app\/uploads\/2026\/03\/sustainability-report-2024.pdf\">Nachhaltigkeitsbericht 2024<\/a><\/div>\n<\/div>\n<\/div>\n<\/div>\n\n<div style=\"height:200px\" aria-hidden=\"true\" class=\"wp-block-spacer\"><\/div>\n\n<div class=\"wp-block-group alignfull is-layout-constrained wp-block-group-is-layout-constrained\"><div id=\"block_4564ccf736fefaba21ac69befe300574\" class=\"quote-carousel alignwide\">\n    <div class=\"quote-carousel-wrapper swiper bg-light\" style=\"background-color: #f5fbff;\" data-carousel-id=\"block_4564ccf736fefaba21ac69befe300574\">\n        <div class=\"swiper-wrapper\">\n                            <div class=\"swiper-slide\">\n                   \n                        <div class=\"quote-column text-dark\">\n                            \n                                                            <h2 class=\"quote-title\">Wo Pr\u00e4zisionstechnik auf eine mitarbeitendenorientierte Kultur trifft<\/h2>\n                                                        \n                                                            <div class=\"quote-text\">\n                                    <p data-path-to-node=\"4\">Als Prototal ist es unser Ziel, der bevorzugte Arbeitgeber in unserer Branche zu sein. Dieses Engagement nennen wir Proudtotal \u2013 unser Versprechen, einen Arbeitsplatz zu bieten, an dem jede:r Einzelne sich entfalten, innovativ sein und wachsen kann. F\u00fcr uns ist Exzellenz im Engineering ohne Exzellenz in unserem Arbeitsumfeld nicht m\u00f6glich.  <\/p>\n<p data-path-to-node=\"5\">Wir stellen sicher, dass unsere Teams an Standorten arbeiten, die den h\u00f6chsten globalen Standards f\u00fcr Gesundheit und Sicherheit entsprechen. Indem wir Tarifvertr\u00e4ge (oder deren \u00c4quivalente) als unsere Basis nutzen, sichern wir ein solides Fundament f\u00fcr faire Arbeitsbedingungen, das Vereinigungsrecht und eine strikte Null-Toleranz-Politik gegen\u00fcber Zwangs- oder Kinderarbeit. <\/p>\n                                <\/div>\n                                                    <\/div>\n                        \n                        <div class=\"image-column\">\n                            \n                                                            <figure>\n                                    <img loading=\"lazy\" decoding=\"async\" width=\"1600\" height=\"1200\" src=\"https:\/\/prototal.info\/app\/uploads\/2025\/12\/proudtotal-logo-wall-art-norway.avif\" class=\"attachment-full size-full not-transparent\" alt=\"\" srcset=\"https:\/\/prototal.info\/app\/uploads\/2025\/12\/proudtotal-logo-wall-art-norway.avif 1600w, https:\/\/prototal.info\/app\/uploads\/2025\/12\/proudtotal-logo-wall-art-norway-300x225.avif 300w, https:\/\/prototal.info\/app\/uploads\/2025\/12\/proudtotal-logo-wall-art-norway-1024x768.avif 1024w, https:\/\/prototal.info\/app\/uploads\/2025\/12\/proudtotal-logo-wall-art-norway-768x576.avif 768w, https:\/\/prototal.info\/app\/uploads\/2025\/12\/proudtotal-logo-wall-art-norway-1536x1152.avif 1536w\" sizes=\"auto, (max-width: 1600px) 100vw, 1600px\" data-has-transparency=\"false\" data-dominant-color=\"b88ba3\" style=\"--dominant-color: #b88ba3;\" \/>                                <\/figure>\n                                                    <\/div>\n              \n                <\/div>\n                        <\/div>\n        \n        <div class=\"swiper-button-next\"><\/div>\n        <div class=\"swiper-button-prev\"><\/div>\n    <\/div>\n    <\/div>\n\n<\/div>\n\n<div style=\"height:200px\" aria-hidden=\"true\" class=\"wp-block-spacer\"><\/div>\n\n<p><\/p>\n","protected":false},"excerpt":{"rendered":"<p>Soziale &amp; \u00f6kologische Verantwortung Bis 2030 wollen wir in unserer Fertigung und Lieferkette eine positive Netto-Auswirkung erzielen. Strategische Ziele Unternehmensf\u00fchrung Bereitstellung von netto\u2011positiven L\u00f6sungen, die bis 2030 eine positive Wirkung f\u00fcr unsere Kundschaft, die Gesellschaft und den Planeten erzielen. Strategische Ziele Messung unserer Fortschritte seit 2022 Bei Prototal sind wir davon \u00fcberzeugt, dass \u00f6kologische und [&hellip;]<\/p>\n","protected":false},"author":5,"featured_media":13964,"parent":0,"menu_order":0,"comment_status":"closed","ping_status":"closed","template":"","meta":{"_acf_changed":false,"inline_featured_image":false,"footnotes":""},"class_list":["post-13963","page","type-page","status-publish","has-post-thumbnail","hentry"],"acf":[],"yoast_head":"<!-- This site is optimized with the Yoast SEO plugin v27.2 - https:\/\/yoast.com\/product\/yoast-seo-wordpress\/ -->\n<title>ESG | Future of Manufacturing | Prototal<\/title>\n<meta name=\"description\" content=\"Erfahren Sie, wie Prototal den Fortschritt in der industriellen Produktion durch additive Fertigung, zirkul\u00e4re Materialval och soziale Verantwortung vorantreibt. Lesen Sie unseren ESG-Bericht.\" \/>\n<meta name=\"robots\" content=\"index, follow, max-snippet:-1, max-image-preview:large, max-video-preview:-1\" \/>\n<link rel=\"canonical\" href=\"https:\/\/prototal.info\/at\/esg\/\" \/>\n<meta property=\"og:locale\" content=\"de_DE\" \/>\n<meta property=\"og:type\" content=\"article\" \/>\n<meta property=\"og:title\" content=\"ESG | Future of Manufacturing | Prototal\" \/>\n<meta property=\"og:description\" content=\"Erfahren Sie, wie Prototal den Fortschritt in der industriellen Produktion durch additive Fertigung, zirkul\u00e4re Materialval och soziale Verantwortung vorantreibt. Lesen Sie unseren ESG-Bericht.\" \/>\n<meta property=\"og:url\" content=\"https:\/\/prototal.info\/at\/esg\/\" \/>\n<meta property=\"og:site_name\" content=\"Prototal\" \/>\n<meta property=\"article:modified_time\" content=\"2026-03-31T10:55:13+00:00\" \/>\n<meta name=\"twitter:card\" content=\"summary_large_image\" \/>\n<meta name=\"twitter:label1\" content=\"Est. reading time\" \/>\n\t<meta name=\"twitter:data1\" content=\"4 minutes\" \/>\n<script type=\"application\/ld+json\" class=\"yoast-schema-graph\">{\n\t    \"@context\": \"https:\/\/schema.org\",\n\t    \"@graph\": [\n\t        {\n\t            \"@type\": \"WebPage\",\n\t            \"@id\": \"https:\/\/prototal.info\/at\/esg\/\",\n\t            \"url\": \"https:\/\/prototal.info\/at\/esg\/\",\n\t            \"name\": \"ESG | Future of Manufacturing | Prototal\",\n\t            \"isPartOf\": {\n\t                \"@id\": \"https:\/\/prototal.info\/at\/#website\"\n\t            },\n\t            \"primaryImageOfPage\": {\n\t                \"@id\": \"https:\/\/prototal.info\/at\/esg\/#primaryimage\"\n\t            },\n\t            \"image\": {\n\t                \"@id\": \"https:\/\/prototal.info\/at\/esg\/#primaryimage\"\n\t            },\n\t            \"thumbnailUrl\": \"https:\/\/prototal.info\/app\/uploads\/2025\/12\/proudtotal-logo-wall-art-norway.avif\",\n\t            \"datePublished\": \"2025-12-12T07:44:19+00:00\",\n\t            \"dateModified\": \"2026-03-31T10:55:13+00:00\",\n\t            \"description\": \"Erfahren Sie, wie Prototal den Fortschritt in der industriellen Produktion durch additive Fertigung, zirkul\u00e4re Materialval och soziale Verantwortung vorantreibt. Lesen Sie unseren ESG-Bericht.\",\n\t            \"breadcrumb\": {\n\t                \"@id\": \"https:\/\/prototal.info\/at\/esg\/#breadcrumb\"\n\t            },\n\t            \"inLanguage\": \"de-AT\",\n\t            \"potentialAction\": [\n\t                {\n\t                    \"@type\": \"ReadAction\",\n\t                    \"target\": [\n\t                        \"https:\/\/prototal.info\/at\/esg\/\"\n\t                    ]\n\t                }\n\t            ]\n\t        },\n\t        {\n\t            \"@type\": \"ImageObject\",\n\t            \"inLanguage\": \"de-AT\",\n\t            \"@id\": \"https:\/\/prototal.info\/at\/esg\/#primaryimage\",\n\t            \"url\": \"https:\/\/prototal.info\/app\/uploads\/2025\/12\/proudtotal-logo-wall-art-norway.avif\",\n\t            \"contentUrl\": \"https:\/\/prototal.info\/app\/uploads\/2025\/12\/proudtotal-logo-wall-art-norway.avif\",\n\t            \"width\": 1600,\n\t            \"height\": 1200\n\t        },\n\t        {\n\t            \"@type\": \"BreadcrumbList\",\n\t            \"@id\": \"https:\/\/prototal.info\/at\/esg\/#breadcrumb\",\n\t            \"itemListElement\": [\n\t                {\n\t                    \"@type\": \"ListItem\",\n\t                    \"position\": 1,\n\t                    \"name\": \"Home\",\n\t                    \"item\": \"https:\/\/prototal.info\/at\/\"\n\t                },\n\t                {\n\t                    \"@type\": \"ListItem\",\n\t                    \"position\": 2,\n\t                    \"name\": \"ESG\"\n\t                }\n\t            ]\n\t        },\n\t        {\n\t            \"@type\": \"WebSite\",\n\t            \"@id\": \"https:\/\/prototal.info\/at\/#website\",\n\t            \"url\": \"https:\/\/prototal.info\/at\/\",\n\t            \"name\": \"Prototal\",\n\t            \"description\": \"From one to one million\",\n\t            \"publisher\": {\n\t                \"@id\": \"https:\/\/prototal.info\/at\/#organization\"\n\t            },\n\t            \"potentialAction\": [\n\t                {\n\t                    \"@type\": \"SearchAction\",\n\t                    \"target\": {\n\t                        \"@type\": \"EntryPoint\",\n\t                        \"urlTemplate\": \"https:\/\/prototal.info\/at\/?s={search_term_string}\"\n\t                    },\n\t                    \"query-input\": {\n\t                        \"@type\": \"PropertyValueSpecification\",\n\t                        \"valueRequired\": true,\n\t                        \"valueName\": \"search_term_string\"\n\t                    }\n\t                }\n\t            ],\n\t            \"inLanguage\": \"de-AT\"\n\t        },\n\t        {\n\t            \"@type\": \"Organization\",\n\t            \"@id\": \"https:\/\/prototal.info\/at\/#organization\",\n\t            \"name\": \"Prototal\",\n\t            \"url\": \"https:\/\/prototal.info\/at\/\",\n\t            \"logo\": {\n\t                \"@type\": \"ImageObject\",\n\t                \"inLanguage\": \"de-AT\",\n\t                \"@id\": \"https:\/\/prototal.info\/at\/#\/schema\/logo\/image\/\",\n\t                \"url\": \"https:\/\/prototal.info\/app\/uploads\/2026\/03\/yoast-seo-default-logo.avif\",\n\t                \"contentUrl\": \"https:\/\/prototal.info\/app\/uploads\/2026\/03\/yoast-seo-default-logo.avif\",\n\t                \"width\": 696,\n\t                \"height\": 696,\n\t                \"caption\": \"Prototal\"\n\t            },\n\t            \"image\": {\n\t                \"@id\": \"https:\/\/prototal.info\/at\/#\/schema\/logo\/image\/\"\n\t            }\n\t        }\n\t    ]\n\t}<\/script>\n<!-- \/ Yoast SEO plugin. -->","yoast_head_json":{"title":"ESG | Future of Manufacturing | Prototal","description":"Erfahren Sie, wie Prototal den Fortschritt in der industriellen Produktion durch additive Fertigung, zirkul\u00e4re Materialval och soziale Verantwortung vorantreibt. Lesen Sie unseren ESG-Bericht.","robots":{"index":"index","follow":"follow","max-snippet":"max-snippet:-1","max-image-preview":"max-image-preview:large","max-video-preview":"max-video-preview:-1"},"canonical":"https:\/\/prototal.info\/at\/esg\/","og_locale":"de_DE","og_type":"article","og_title":"ESG | Future of Manufacturing | Prototal","og_description":"Erfahren Sie, wie Prototal den Fortschritt in der industriellen Produktion durch additive Fertigung, zirkul\u00e4re Materialval och soziale Verantwortung vorantreibt. Lesen Sie unseren ESG-Bericht.","og_url":"https:\/\/prototal.info\/at\/esg\/","og_site_name":"Prototal","article_modified_time":"2026-03-31T10:55:13+00:00","twitter_card":"summary_large_image","twitter_misc":{"Est. reading time":"4 minutes"},"schema":{"@context":"https:\/\/schema.org","@graph":[{"@type":"WebPage","@id":"https:\/\/prototal.info\/at\/esg\/","url":"https:\/\/prototal.info\/at\/esg\/","name":"ESG | Future of Manufacturing | Prototal","isPartOf":{"@id":"https:\/\/prototal.info\/at\/#website"},"primaryImageOfPage":{"@id":"https:\/\/prototal.info\/at\/esg\/#primaryimage"},"image":{"@id":"https:\/\/prototal.info\/at\/esg\/#primaryimage"},"thumbnailUrl":"https:\/\/prototal.info\/app\/uploads\/2025\/12\/proudtotal-logo-wall-art-norway.avif","datePublished":"2025-12-12T07:44:19+00:00","dateModified":"2026-03-31T10:55:13+00:00","description":"Erfahren Sie, wie Prototal den Fortschritt in der industriellen Produktion durch additive Fertigung, zirkul\u00e4re Materialval och soziale Verantwortung vorantreibt. Lesen Sie unseren ESG-Bericht.","breadcrumb":{"@id":"https:\/\/prototal.info\/at\/esg\/#breadcrumb"},"inLanguage":"de-AT","potentialAction":[{"@type":"ReadAction","target":["https:\/\/prototal.info\/at\/esg\/"]}]},{"@type":"ImageObject","inLanguage":"de-AT","@id":"https:\/\/prototal.info\/at\/esg\/#primaryimage","url":"https:\/\/prototal.info\/app\/uploads\/2025\/12\/proudtotal-logo-wall-art-norway.avif","contentUrl":"https:\/\/prototal.info\/app\/uploads\/2025\/12\/proudtotal-logo-wall-art-norway.avif","width":1600,"height":1200},{"@type":"BreadcrumbList","@id":"https:\/\/prototal.info\/at\/esg\/#breadcrumb","itemListElement":[{"@type":"ListItem","position":1,"name":"Home","item":"https:\/\/prototal.info\/at\/"},{"@type":"ListItem","position":2,"name":"ESG"}]},{"@type":"WebSite","@id":"https:\/\/prototal.info\/at\/#website","url":"https:\/\/prototal.info\/at\/","name":"Prototal","description":"From one to one million","publisher":{"@id":"https:\/\/prototal.info\/at\/#organization"},"potentialAction":[{"@type":"SearchAction","target":{"@type":"EntryPoint","urlTemplate":"https:\/\/prototal.info\/at\/?s={search_term_string}"},"query-input":{"@type":"PropertyValueSpecification","valueRequired":true,"valueName":"search_term_string"}}],"inLanguage":"de-AT"},{"@type":"Organization","@id":"https:\/\/prototal.info\/at\/#organization","name":"Prototal","url":"https:\/\/prototal.info\/at\/","logo":{"@type":"ImageObject","inLanguage":"de-AT","@id":"https:\/\/prototal.info\/at\/#\/schema\/logo\/image\/","url":"https:\/\/prototal.info\/app\/uploads\/2026\/03\/yoast-seo-default-logo.avif","contentUrl":"https:\/\/prototal.info\/app\/uploads\/2026\/03\/yoast-seo-default-logo.avif","width":696,"height":696,"caption":"Prototal"},"image":{"@id":"https:\/\/prototal.info\/at\/#\/schema\/logo\/image\/"}}]}},"_links":{"self":[{"href":"https:\/\/prototal.info\/at\/wp-json\/wp\/v2\/pages\/13963","targetHints":{"allow":["GET"]}}],"collection":[{"href":"https:\/\/prototal.info\/at\/wp-json\/wp\/v2\/pages"}],"about":[{"href":"https:\/\/prototal.info\/at\/wp-json\/wp\/v2\/types\/page"}],"author":[{"embeddable":true,"href":"https:\/\/prototal.info\/at\/wp-json\/wp\/v2\/users\/5"}],"replies":[{"embeddable":true,"href":"https:\/\/prototal.info\/at\/wp-json\/wp\/v2\/comments?post=13963"}],"version-history":[{"count":6,"href":"https:\/\/prototal.info\/at\/wp-json\/wp\/v2\/pages\/13963\/revisions"}],"predecessor-version":[{"id":17026,"href":"https:\/\/prototal.info\/at\/wp-json\/wp\/v2\/pages\/13963\/revisions\/17026"}],"wp:featuredmedia":[{"embeddable":true,"href":"https:\/\/prototal.info\/at\/wp-json\/wp\/v2\/media\/13964"}],"wp:attachment":[{"href":"https:\/\/prototal.info\/at\/wp-json\/wp\/v2\/media?parent=13963"}],"curies":[{"name":"wp","href":"https:\/\/api.w.org\/{rel}","templated":true}]}}