{"id":13944,"date":"2025-12-05T12:51:49","date_gmt":"2025-12-05T11:51:49","guid":{"rendered":"https:\/\/prototal.info\/nutzungsbedingungen\/"},"modified":"2026-03-18T20:58:23","modified_gmt":"2026-03-18T19:58:23","slug":"nutzungsbedingungen","status":"publish","type":"page","link":"https:\/\/prototal.info\/at\/nutzungsbedingungen\/","title":{"rendered":"Nutzungsbedingungen"},"content":{"rendered":"\n<div class=\"wp-block-group is-content-justification-center is-layout-constrained wp-container-core-group-is-layout-da99a3d4 wp-block-group-is-layout-constrained\">\n<h2 class=\"wp-block-heading\">Nutzungsbedingungen<\/h2>\n\n\n\n<p class=\"has-small-font-size\"><em>Unsere Nutzungsbedingungen wurden zuletzt am 1. Dezember 2025 aktualisiert.<\/em><\/p>\n\n\n\n<p>Durch den Zugriff auf oder die Nutzung der Website von Prototal (\u201ewir\u201c, \u201eunser\u201c oder \u201euns\u201c) unter prototal.info (die \u201eWebsite\u201c) oder der dar\u00fcber bereitgestellten Dienste (zusammen die \u201eDienste\u201c) erkl\u00e4ren Sie sich mit diesen Nutzungsbedingungen (\u201eBedingungen\u201c) einverstanden und verpflichten sich, diese einzuhalten. Wenn Sie diesen Bedingungen nicht zustimmen, bitten wir Sie, diese Website bzw. die zugeh\u00f6rigen Dienste nicht zu nutzen. <\/p>\n\n\n\n<h3 class=\"wp-block-heading\">Annahme &amp; \u00c4nderungen der Bedingungen<\/h3>\n\n\n\n<p>Durch die Nutzung unserer Website oder Dienste best\u00e4tigen Sie, dass Sie mindestens 18 Jahre alt sind (oder das in Ihrer Gerichtsbarkeit geltende Alter der Vollj\u00e4hrigkeit erreicht haben) und rechtlich in der Lage sind, diese Bedingungen einzugehen. Wir k\u00f6nnen diese Bedingungen von Zeit zu Zeit aktualisieren. Die neueste Version wird immer auf dieser Seite mit dem Datum \u201eZuletzt aktualisiert\u201c am Ende der Seite ver\u00f6ffentlicht. Die fortgesetzte Nutzung der Website oder der Dienste gilt als Annahme etwaiger \u00c4nderungen.   <\/p>\n\n\n\n<h3 class=\"wp-block-heading\">Nutzung der Dienste<\/h3>\n\n\n\n<p>Sie erkl\u00e4ren sich mit Folgendem einverstanden:<\/p>\n\n\n\n<ul class=\"wp-block-list\">\n<li>Die Website und die Dienste in \u00dcbereinstimmung mit den geltenden Gesetzen und Vorschriften zu nutzen.<\/li>\n\n\n\n<li>Bei Bedarf genaue und aktuelle Informationen bereitzustellen.<\/li>\n\n\n\n<li>Die Website nicht zu missbrauchen oder zu versuchen, auf unbefugte Weise darauf zuzugreifen.<\/li>\n<\/ul>\n\n\n\n<p>Sie verpflichten sich, Folgendes zu unterlassen:<\/p>\n\n\n\n<ul class=\"wp-block-list\">\n<li>Der Versuch, den Betrieb der Website, der Server oder der Netzwerke zu st\u00f6ren.<\/li>\n<\/ul>\n\n\n\n<h3 class=\"wp-block-heading\">Geistiges Eigentum<\/h3>\n\n\n\n<p>Alle Inhalte, Marken, Logos, Designs, Texte, Bilder und Software auf dieser Website sind Eigentum von Prototal und durch Urheber-, Marken- und andere Gesetze zum Schutz geistigen Eigentums gesch\u00fctzt. Ohne unsere ausdr\u00fcckliche schriftliche Genehmigung d\u00fcrfen diese Inhalte weder vervielf\u00e4ltigt noch verbreitet oder anderweitig genutzt werden. <\/p>\n\n\n\n<h3 class=\"wp-block-heading\">Datenschutz<\/h3>\n\n\n\n<p>Ihre Nutzung der Website unterliegt au\u00dferdem unserer Datenschutzrichtlinie, die erl\u00e4utert, wie wir Ihre personenbezogenen Daten erheben, verwenden und sch\u00fctzen.<\/p>\n\n\n\n<h3 class=\"wp-block-heading\">Links zu Drittanbietern<\/h3>\n\n\n\n<p>Unsere Website enth\u00e4lt Links zu Websites von Drittanbietern. F\u00fcr die Inhalte, Richtlinien oder Praktiken dieser externen Anbieter \u00fcbernehmen wir keine Verantwortung. Der Zugriff auf Websites von Drittanbietern erfolgt auf eigenes Risiko.  <\/p>\n\n\n\n<h3 class=\"wp-block-heading\">Automatisierte Systeme, KI &amp; Roboter<\/h3>\n\n\n\n<ul class=\"wp-block-list\">\n<li>Einige Funktionen unserer Website oder Dienste k\u00f6nnen automatisierte Tools, KI\u2011Systeme oder Chatbots einsetzen, um Nutzende zu unterst\u00fctzen.<\/li>\n\n\n\n<li>Obwohl wir uns um Genauigkeit bem\u00fchen, k\u00f6nnen automatisierte Systeme gelegentlich unvollst\u00e4ndige oder fehlerhafte Informationen liefern.<\/li>\n\n\n\n<li>Die Nutzenden sind daf\u00fcr verantwortlich, alle kritischen Informationen, die \u00fcber automatisierte Systeme gewonnen wurden, zu \u00fcberpr\u00fcfen.<\/li>\n\n\n\n<li>Die Nutzung von KI-Funktionen unterliegt denselben Nutzungsbedingungen und Datenschutzrichtlinien wie der Rest der Website.<\/li>\n\n\n\n<li>Automatisierte Tools, Bots oder Skripte d\u00fcrfen auf unsere Website nur in einer Weise zugreifen, die den geltenden Gesetzen und diesen Bedingungen entspricht.<\/li>\n\n\n\n<li>Unbefugtes Crawling, Scraping oder die Datenextraktion von der Website ist strengstens untersagt.<\/li>\n\n\n\n<li>Wir setzen gegebenenfalls automatisierte Tools, KI oder Roboter ein, um die Website und die Dienste zu verwalten, zu \u00fcberwachen oder zu verbessern.<\/li>\n\n\n\n<li>Die Nutzung von KI-Funktionen auf dieser Website dient der Unterst\u00fctzung der Nutzer. Wir \u00fcbernehmen keine Haftung f\u00fcr etwaige Ungenauigkeiten oder Einschr\u00e4nkungen von KI-generierten Inhalten. <\/li>\n<\/ul>\n\n\n\n<h3 class=\"wp-block-heading\">Haftungsausschluss<\/h3>\n\n\n\n<p>Die Website und die Dienste werden im Ist-Zustand (\u201eas is\u201c) und nach Verf\u00fcgbarkeit (\u201eas available\u201c) bereitgestellt. Wir garantieren nicht, dass die Website unterbrechungs- oder fehlerfrei zur Verf\u00fcgung steht. <\/p>\n\n\n\n<h3 class=\"wp-block-heading\">Haftungsausschluss f\u00fcr Materialspezifikationsbl\u00e4tter<\/h3>\n\n\n\n<p>Die auf dieser Website bereitgestellten Materialspezifikationen stammen von den jeweiligen Originalger\u00e4teherstellern (OEMs). Obwohl wir uns bem\u00fchen, alle Informationen korrekt und aktuell zu halten, \u00fcbernimmt Prototal keine Garantie f\u00fcr die Vollst\u00e4ndigkeit, Richtigkeit oder Eignung dieser Spezifikationen f\u00fcr einen bestimmten Zweck. <\/p>\n\n\n\n<p>Die Nutzenden sind daf\u00fcr verantwortlich, alle kritischen Informationen direkt beim OEM zu verifizieren, bevor sie diese in der Produktion einsetzen oder Designentscheidungen darauf st\u00fctzen. Durch den Zugriff auf oder die Nutzung dieser Spezifikationsbl\u00e4tter erkennen Sie an, dass Prototal nicht f\u00fcr Fehler, Auslassungen oder \u00c4nderungen in den vom Hersteller bereitgestellten Daten haftet. <\/p>\n\n\n\n<p>Sofern verf\u00fcgbar, stellen wir Ihnen zu Referenzzwecken stets Links zur offiziellen Dokumentation des OEMs zur Verf\u00fcgung.<\/p>\n\n\n\n<h3 class=\"wp-block-heading\">Kontaktinformationen<\/h3>\n\n\n\n<p>Bei Fragen oder Bedenken zu diesen Nutzungsbedingungen kontaktieren Sie uns bitte unter: marketing@prototalgroup.com<\/p>\n<\/div>\n\n<div style=\"height:200px\" aria-hidden=\"true\" class=\"wp-block-spacer\"><\/div>\n","protected":false},"excerpt":{"rendered":"<p>Nutzungsbedingungen Unsere Nutzungsbedingungen wurden zuletzt am 1. Dezember 2025 aktualisiert. Durch den Zugriff auf oder die Nutzung der Website von Prototal (\u201ewir\u201c, \u201eunser\u201c oder \u201euns\u201c) unter prototal.info (die \u201eWebsite\u201c) oder der dar\u00fcber bereitgestellten Dienste (zusammen die \u201eDienste\u201c) erkl\u00e4ren Sie sich mit diesen Nutzungsbedingungen (\u201eBedingungen\u201c) einverstanden und verpflichten sich, diese einzuhalten. Wenn Sie diesen Bedingungen nicht [&hellip;]<\/p>\n","protected":false},"author":5,"featured_media":0,"parent":0,"menu_order":0,"comment_status":"closed","ping_status":"closed","template":"","meta":{"_acf_changed":false,"inline_featured_image":false,"footnotes":""},"class_list":["post-13944","page","type-page","status-publish","hentry"],"acf":[],"yoast_head":"<!-- This site is optimized with the Yoast SEO plugin v27.2 - https:\/\/yoast.com\/product\/yoast-seo-wordpress\/ -->\n<title>Nutzungsbedingungen | Prototal<\/title>\n<meta name=\"robots\" content=\"index, follow, max-snippet:-1, max-image-preview:large, max-video-preview:-1\" \/>\n<link rel=\"canonical\" href=\"https:\/\/prototal.info\/at\/nutzungsbedingungen\/\" \/>\n<meta property=\"og:locale\" content=\"de_DE\" \/>\n<meta property=\"og:type\" content=\"article\" \/>\n<meta property=\"og:title\" content=\"Nutzungsbedingungen | Prototal\" \/>\n<meta property=\"og:description\" content=\"Nutzungsbedingungen Unsere Nutzungsbedingungen wurden zuletzt am 1. Dezember 2025 aktualisiert. Durch den Zugriff auf oder die Nutzung der Website von Prototal (\u201ewir\u201c, \u201eunser\u201c oder \u201euns\u201c) unter prototal.info (die \u201eWebsite\u201c) oder der dar\u00fcber bereitgestellten Dienste (zusammen die \u201eDienste\u201c) erkl\u00e4ren Sie sich mit diesen Nutzungsbedingungen (\u201eBedingungen\u201c) einverstanden und verpflichten sich, diese einzuhalten. Wenn Sie diesen Bedingungen nicht [&hellip;]\" \/>\n<meta property=\"og:url\" content=\"https:\/\/prototal.info\/at\/nutzungsbedingungen\/\" \/>\n<meta property=\"og:site_name\" content=\"Prototal\" \/>\n<meta property=\"article:modified_time\" content=\"2026-03-18T19:58:23+00:00\" \/>\n<meta name=\"twitter:card\" content=\"summary_large_image\" \/>\n<meta name=\"twitter:label1\" content=\"Est. reading time\" \/>\n\t<meta name=\"twitter:data1\" content=\"3 minutes\" \/>\n<script type=\"application\/ld+json\" class=\"yoast-schema-graph\">{\n\t    \"@context\": \"https:\/\/schema.org\",\n\t    \"@graph\": [\n\t        {\n\t            \"@type\": \"WebPage\",\n\t            \"@id\": \"https:\/\/prototal.info\/at\/nutzungsbedingungen\/\",\n\t            \"url\": \"https:\/\/prototal.info\/at\/nutzungsbedingungen\/\",\n\t            \"name\": \"Nutzungsbedingungen | Prototal\",\n\t            \"isPartOf\": {\n\t                \"@id\": \"https:\/\/prototal.info\/at\/#website\"\n\t            },\n\t            \"datePublished\": \"2025-12-05T11:51:49+00:00\",\n\t            \"dateModified\": \"2026-03-18T19:58:23+00:00\",\n\t            \"breadcrumb\": {\n\t                \"@id\": \"https:\/\/prototal.info\/at\/nutzungsbedingungen\/#breadcrumb\"\n\t            },\n\t            \"inLanguage\": \"de-AT\",\n\t            \"potentialAction\": [\n\t                {\n\t                    \"@type\": \"ReadAction\",\n\t                    \"target\": [\n\t                        \"https:\/\/prototal.info\/at\/nutzungsbedingungen\/\"\n\t                    ]\n\t                }\n\t            ]\n\t        },\n\t        {\n\t            \"@type\": \"BreadcrumbList\",\n\t            \"@id\": \"https:\/\/prototal.info\/at\/nutzungsbedingungen\/#breadcrumb\",\n\t            \"itemListElement\": [\n\t                {\n\t                    \"@type\": \"ListItem\",\n\t                    \"position\": 1,\n\t                    \"name\": \"Home\",\n\t                    \"item\": \"https:\/\/prototal.info\/at\/\"\n\t                },\n\t                {\n\t                    \"@type\": \"ListItem\",\n\t                    \"position\": 2,\n\t                    \"name\": \"Nutzungsbedingungen\"\n\t                }\n\t            ]\n\t        },\n\t        {\n\t            \"@type\": \"WebSite\",\n\t            \"@id\": \"https:\/\/prototal.info\/at\/#website\",\n\t            \"url\": \"https:\/\/prototal.info\/at\/\",\n\t            \"name\": \"Prototal\",\n\t            \"description\": \"From one to one million\",\n\t            \"publisher\": {\n\t                \"@id\": \"https:\/\/prototal.info\/at\/#organization\"\n\t            },\n\t            \"potentialAction\": [\n\t                {\n\t                    \"@type\": \"SearchAction\",\n\t                    \"target\": {\n\t                        \"@type\": \"EntryPoint\",\n\t                        \"urlTemplate\": \"https:\/\/prototal.info\/at\/?s={search_term_string}\"\n\t                    },\n\t                    \"query-input\": {\n\t                        \"@type\": \"PropertyValueSpecification\",\n\t                        \"valueRequired\": true,\n\t                        \"valueName\": \"search_term_string\"\n\t                    }\n\t                }\n\t            ],\n\t            \"inLanguage\": \"de-AT\"\n\t        },\n\t        {\n\t            \"@type\": \"Organization\",\n\t            \"@id\": \"https:\/\/prototal.info\/at\/#organization\",\n\t            \"name\": \"Prototal\",\n\t            \"url\": \"https:\/\/prototal.info\/at\/\",\n\t            \"logo\": {\n\t                \"@type\": \"ImageObject\",\n\t                \"inLanguage\": \"de-AT\",\n\t                \"@id\": \"https:\/\/prototal.info\/at\/#\/schema\/logo\/image\/\",\n\t                \"url\": \"https:\/\/prototal.info\/app\/uploads\/2026\/03\/yoast-seo-default-logo.avif\",\n\t                \"contentUrl\": \"https:\/\/prototal.info\/app\/uploads\/2026\/03\/yoast-seo-default-logo.avif\",\n\t                \"width\": 696,\n\t                \"height\": 696,\n\t                \"caption\": \"Prototal\"\n\t            },\n\t            \"image\": {\n\t                \"@id\": \"https:\/\/prototal.info\/at\/#\/schema\/logo\/image\/\"\n\t            }\n\t        }\n\t    ]\n\t}<\/script>\n<!-- \/ Yoast SEO plugin. -->","yoast_head_json":{"title":"Nutzungsbedingungen | Prototal","robots":{"index":"index","follow":"follow","max-snippet":"max-snippet:-1","max-image-preview":"max-image-preview:large","max-video-preview":"max-video-preview:-1"},"canonical":"https:\/\/prototal.info\/at\/nutzungsbedingungen\/","og_locale":"de_DE","og_type":"article","og_title":"Nutzungsbedingungen | Prototal","og_description":"Nutzungsbedingungen Unsere Nutzungsbedingungen wurden zuletzt am 1. Dezember 2025 aktualisiert. Durch den Zugriff auf oder die Nutzung der Website von Prototal (\u201ewir\u201c, \u201eunser\u201c oder \u201euns\u201c) unter prototal.info (die \u201eWebsite\u201c) oder der dar\u00fcber bereitgestellten Dienste (zusammen die \u201eDienste\u201c) erkl\u00e4ren Sie sich mit diesen Nutzungsbedingungen (\u201eBedingungen\u201c) einverstanden und verpflichten sich, diese einzuhalten. Wenn Sie diesen Bedingungen nicht [&hellip;]","og_url":"https:\/\/prototal.info\/at\/nutzungsbedingungen\/","og_site_name":"Prototal","article_modified_time":"2026-03-18T19:58:23+00:00","twitter_card":"summary_large_image","twitter_misc":{"Est. reading time":"3 minutes"},"schema":{"@context":"https:\/\/schema.org","@graph":[{"@type":"WebPage","@id":"https:\/\/prototal.info\/at\/nutzungsbedingungen\/","url":"https:\/\/prototal.info\/at\/nutzungsbedingungen\/","name":"Nutzungsbedingungen | Prototal","isPartOf":{"@id":"https:\/\/prototal.info\/at\/#website"},"datePublished":"2025-12-05T11:51:49+00:00","dateModified":"2026-03-18T19:58:23+00:00","breadcrumb":{"@id":"https:\/\/prototal.info\/at\/nutzungsbedingungen\/#breadcrumb"},"inLanguage":"de-AT","potentialAction":[{"@type":"ReadAction","target":["https:\/\/prototal.info\/at\/nutzungsbedingungen\/"]}]},{"@type":"BreadcrumbList","@id":"https:\/\/prototal.info\/at\/nutzungsbedingungen\/#breadcrumb","itemListElement":[{"@type":"ListItem","position":1,"name":"Home","item":"https:\/\/prototal.info\/at\/"},{"@type":"ListItem","position":2,"name":"Nutzungsbedingungen"}]},{"@type":"WebSite","@id":"https:\/\/prototal.info\/at\/#website","url":"https:\/\/prototal.info\/at\/","name":"Prototal","description":"From one to one million","publisher":{"@id":"https:\/\/prototal.info\/at\/#organization"},"potentialAction":[{"@type":"SearchAction","target":{"@type":"EntryPoint","urlTemplate":"https:\/\/prototal.info\/at\/?s={search_term_string}"},"query-input":{"@type":"PropertyValueSpecification","valueRequired":true,"valueName":"search_term_string"}}],"inLanguage":"de-AT"},{"@type":"Organization","@id":"https:\/\/prototal.info\/at\/#organization","name":"Prototal","url":"https:\/\/prototal.info\/at\/","logo":{"@type":"ImageObject","inLanguage":"de-AT","@id":"https:\/\/prototal.info\/at\/#\/schema\/logo\/image\/","url":"https:\/\/prototal.info\/app\/uploads\/2026\/03\/yoast-seo-default-logo.avif","contentUrl":"https:\/\/prototal.info\/app\/uploads\/2026\/03\/yoast-seo-default-logo.avif","width":696,"height":696,"caption":"Prototal"},"image":{"@id":"https:\/\/prototal.info\/at\/#\/schema\/logo\/image\/"}}]}},"_links":{"self":[{"href":"https:\/\/prototal.info\/at\/wp-json\/wp\/v2\/pages\/13944","targetHints":{"allow":["GET"]}}],"collection":[{"href":"https:\/\/prototal.info\/at\/wp-json\/wp\/v2\/pages"}],"about":[{"href":"https:\/\/prototal.info\/at\/wp-json\/wp\/v2\/types\/page"}],"author":[{"embeddable":true,"href":"https:\/\/prototal.info\/at\/wp-json\/wp\/v2\/users\/5"}],"replies":[{"embeddable":true,"href":"https:\/\/prototal.info\/at\/wp-json\/wp\/v2\/comments?post=13944"}],"version-history":[{"count":1,"href":"https:\/\/prototal.info\/at\/wp-json\/wp\/v2\/pages\/13944\/revisions"}],"predecessor-version":[{"id":13945,"href":"https:\/\/prototal.info\/at\/wp-json\/wp\/v2\/pages\/13944\/revisions\/13945"}],"wp:attachment":[{"href":"https:\/\/prototal.info\/at\/wp-json\/wp\/v2\/media?parent=13944"}],"curies":[{"name":"wp","href":"https:\/\/api.w.org\/{rel}","templated":true}]}}